{"id":1448,"date":"2024-03-28T15:38:06","date_gmt":"2024-03-28T14:38:06","guid":{"rendered":"https:\/\/trintco.de\/online-deutsch-englisch-fuer-ingenieure\/"},"modified":"2024-09-01T21:27:06","modified_gmt":"2024-09-01T19:27:06","slug":"online-deutsch-englisch-fuer-ingenieure","status":"publish","type":"page","link":"https:\/\/trintco.de\/es\/online-deutsch-englisch-fuer-ingenieure\/","title":{"rendered":"Alem\u00e1n e ingl\u00e9s en l\u00ednea para ingenieros"},"content":{"rendered":"<p>[et_pb_section fb_built=\u00bb1&#8243; _builder_version=\u00bb4.24.2&#8243; _module_preset=\u00bbdefault\u00bb background_image=\u00bbhttps:\/\/trintco.de\/wp-content\/uploads\/2024\/04\/senior-engineer-in-the-factory-small-1.jpg\u00bb parallax=\u00bbon\u00bb min_height=\u00bb690px\u00bb height=\u00bb514px\u00bb max_height=\u00bb1000px\u00bb global_colors_info=\u00bb{}\u00bb][et_pb_row _builder_version=\u00bb4.24.3&#8243; _module_preset=\u00bbdefault\u00bb background_color=\u00bbrgba(214,214,214,0.47)\u00bb width=\u00bb39%\u00bb width_tablet=\u00bb86%\u00bb width_phone=\u00bb70%\u00bb width_last_edited=\u00bbon|phone\u00bb custom_margin=\u00bb72px||||false|false\u00bb animation_style=\u00bbslide\u00bb animation_duration=\u00bb1050ms\u00bb border_radii=\u00bbon|10px|10px|10px|10px\u00bb global_colors_info=\u00bb{}\u00bb][et_pb_column type=\u00bb4_4&#8243; _builder_version=\u00bb4.24.2&#8243; _module_preset=\u00bbdefault\u00bb global_colors_info=\u00bb{}\u00bb][et_pb_text _builder_version=\u00bb4.27.0&#8243; _module_preset=\u00bbdefault\u00bb text_font_size=\u00bb17px\u00bb header_font=\u00bb||||||||\u00bb header_font_size=\u00bb62px\u00bb width_tablet=\u00bb\u00bb width_phone=\u00bb\u00bb width_last_edited=\u00bbon|phone\u00bb custom_padding=\u00bb17px||5px||false|false\u00bb animation_style=\u00bbslide\u00bb animation_duration=\u00bb1200ms\u00bb animation_delay=\u00bb100ms\u00bb header_font_size_phone=\u00bb28px\u00bb global_colors_info=\u00bb{}\u00bb]<\/p>\n<h1 class=\"elementor-heading-title elementor-size-default\" style=\"text-align: center;\"><span style=\"color: #ffffff;\">Alem\u00e1n e ingl\u00e9s en l\u00ednea para ingenieros<\/span><span style=\"color: #ffffff;\"><\/span><\/h1>\n<p>[\/et_pb_text][et_pb_text _builder_version=\u00bb4.27.0&#8243; _module_preset=\u00bbdefault\u00bb text_font_size=\u00bb20px\u00bb header_font=\u00bb||||||||\u00bb header_font_size=\u00bb62px\u00bb header_2_font_size=\u00bb22px\u00bb custom_padding=\u00bb17px||5px||false|false\u00bb animation_style=\u00bbslide\u00bb animation_duration=\u00bb1200ms\u00bb animation_delay=\u00bb100ms\u00bb header_2_font_size_phone=\u00bb22px\u00bb global_colors_info=\u00bb{}\u00bb]<\/p>\n<h2 style=\"text-align: center;\"><span style=\"color: #ffffff;\">\u00danico para ingenieros<\/span><\/h2>\n<p>[\/et_pb_text][\/et_pb_column][\/et_pb_row][\/et_pb_section][et_pb_section fb_built=\u00bb1&#8243; _builder_version=\u00bb4.24.2&#8243; _module_preset=\u00bbdefault\u00bb global_colors_info=\u00bb{}\u00bb][et_pb_row column_structure=\u00bb1_4,3_4&#8243; _builder_version=\u00bb4.24.3&#8243; _module_preset=\u00bbdefault\u00bb global_colors_info=\u00bb{}\u00bb][et_pb_column type=\u00bb1_4&#8243; _builder_version=\u00bb4.24.3&#8243; _module_preset=\u00bbdefault\u00bb animation_style=\u00bbslide\u00bb animation_duration=\u00bb1500ms\u00bb animation_delay=\u00bb50ms\u00bb global_colors_info=\u00bb{}\u00bb][et_pb_image src=\u00bbhttps:\/\/trintco.de\/wp-content\/uploads\/2024\/03\/portrait-of-engineer-and-equipment-in-engineering-factory-e1676015530140.jpg\u00bb title_text=\u00bbportrait-of-engineer-and-equipment-in-engineering-factory-e1676015530140&#8243; align=\u00bbcenter\u00bb _builder_version=\u00bb4.24.2&#8243; _module_preset=\u00bbdefault\u00bb max_height=\u00bb494px\u00bb border_radii=\u00bbon|10px|10px|10px|10px\u00bb global_colors_info=\u00bb{}\u00bb][\/et_pb_image][\/et_pb_column][et_pb_column type=\u00bb3_4&#8243; _builder_version=\u00bb4.24.2&#8243; _module_preset=\u00bbdefault\u00bb global_colors_info=\u00bb{}\u00bb][et_pb_text _builder_version=\u00bb4.24.3&#8243; _module_preset=\u00bbdefault\u00bb global_colors_info=\u00bb{}\u00bb]<\/p>\n<p>En este curso te ense\u00f1ar\u00e9 todo lo que necesitas <strong>como ingeniero<\/strong> para <strong>comunicarte con \u00e9xito con clientes y colegas<\/strong> en tu profesi\u00f3n.<\/p>\n<p>\u00bfPor qu\u00e9 es tan especial este programa de formaci\u00f3n?<\/p>\n<p>Como traductora t\u00e9cnica jurada, puedo ayudarte con la <strong>terminolog\u00eda en lengua extranjera<\/strong> y las <strong>distintas descripciones de los procesos<\/strong>:<\/p>\n<p>\ud83d\udcda Pol\u00edmeros y materiales compuestos (producci\u00f3n, procesos de moldeo y mecanizado) \ud83d\udd0d Ensayo de materiales \ud83c\udfed Producci\u00f3n de hierro y acero (planta de altos hornos, producci\u00f3n y procesos de moldeo) \ud83d\udd29 Metales no f\u00e9rreos (procesos de moldeo) \u2699\ufe0f Procesos de quiebra \u26a1 Combustibles f\u00f3siles, centrales el\u00e9ctricas y energ\u00edas renovables, as\u00ed como bater\u00edas (por ejemplo, en la industria del autom\u00f3vil)<\/p>\n<p>[\/et_pb_text][\/et_pb_column][\/et_pb_row][et_pb_row _builder_version=\u00bb4.24.3&#8243; _module_preset=\u00bbdefault\u00bb animation_style=\u00bbfade\u00bb animation_duration=\u00bb1500ms\u00bb animation_delay=\u00bb100ms\u00bb global_colors_info=\u00bb{}\u00bb][et_pb_column type=\u00bb4_4&#8243; _builder_version=\u00bb4.24.2&#8243; _module_preset=\u00bbdefault\u00bb global_colors_info=\u00bb{}\u00bb][et_pb_text _builder_version=\u00bb4.27.0&#8243; _module_preset=\u00bbdefault\u00bb hover_enabled=\u00bb0&#8243; global_colors_info=\u00bb{}\u00bb module_class=\u00bbhoverlinkow\u00bb sticky_enabled=\u00bb0&#8243;]<\/p>\n<p>Recibir\u00e1s <strong>varias herramientas<\/strong> que te ayudar\u00e1n a sentirte seguro en <strong>conversaciones triviales<\/strong> y discusiones t\u00e9cnicas con clientes y compa\u00f1eros.<br \/>\nAprender\u00e1s a escribir <strong>correos electr\u00f3nicos<\/strong> sobre temas generales y t\u00e9cnicos y a hacer <strong>presentaciones<\/strong>. <\/p>\n<p>En funci\u00f3n de tus condiciones de partida y objetivos personales, organizamos el entrenamiento <strong>a<\/strong> un <strong>nivel f\u00e1cil o m\u00e1s exigente<\/strong>.<\/p>\n<p>Te sumerges en la nueva cultura, tanto en general como espec\u00edficamente adaptada a tu \u00e1rea de negocio.<\/p>\n<p>Como traductora de tecnolog\u00eda, formadora cualificada de alem\u00e1n e ingl\u00e9s y formadora online cualificada, s\u00e9 exactamente c\u00f3mo puedo transmitirte estos conocimientos y experiencia.<\/p>\n<p><strong>\u00bfEres experto<\/strong> en la industria del autom\u00f3vil, las energ\u00edas renovables (energ\u00eda verde), la producci\u00f3n de hierro y acero, los ensayos de materiales, los procesos de moldeo y no moldeo?<br \/>\n\u00bfTe gustar\u00eda aprender <strong>m\u00e1s de un idioma<\/strong>? <strong><a href=\"https:\/\/trintco.de\/es\/kontakt\/\">Ponte en contacto<\/a><\/strong> \u00a1hoy mismo! <\/p>\n<p><strong>\u00a1Juntos combinaremos con \u00e9xito tu especialidad y tu profesi\u00f3n!<\/strong><\/p>\n<p>[\/et_pb_text][\/et_pb_column][\/et_pb_row][\/et_pb_section][et_pb_section fb_built=\u00bb1&#8243; _builder_version=\u00bb4.24.2&#8243; _module_preset=\u00bbdefault\u00bb background_color=\u00bbrgba(254,152,0,0.16)\u00bb global_colors_info=\u00bb{}\u00bb][et_pb_row column_structure=\u00bb1_2,1_2&#8243; _builder_version=\u00bb4.24.2&#8243; _module_preset=\u00bbdefault\u00bb global_colors_info=\u00bb{}\u00bb][et_pb_column type=\u00bb1_2&#8243; _builder_version=\u00bb4.24.2&#8243; _module_preset=\u00bbdefault\u00bb global_colors_info=\u00bb{}\u00bb][et_pb_text _builder_version=\u00bb4.27.0&#8243; _module_preset=\u00bbdefault\u00bb text_font_size=\u00bb23px\u00bb text_line_height=\u00bb1.4em\u00bb header_font_size=\u00bb35px\u00bb header_3_line_height=\u00bb1.4em\u00bb global_colors_info=\u00bb{}\u00bb]<\/p>\n<h2>Lengua y tecnolog\u00eda para ingenieros<\/h2>\n<h3>Profesi\u00f3n y lengua extranjera como receta para el \u00e9xito<\/h3>\n<p>[\/et_pb_text][et_pb_text module_class=\u00bbhoverlinkow\u00bb _builder_version=\u00bb4.24.3&#8243; _module_preset=\u00bbdefault\u00bb hover_enabled=\u00bb0&#8243; global_colors_info=\u00bb{}\u00bb sticky_enabled=\u00bb0&#8243;]<\/p>\n<p>\u00a1Combina tus <strong>conocimientos especializados<\/strong> con el <strong>aprendizaje de una lengua extranjera<\/strong>! Incluso en el nivel A2, podr\u00e1s explicar <strong>procesos importantes con frases sencillas<\/strong>.<\/p>\n<p>Esta formaci\u00f3n tambi\u00e9n incluye mi<strong>\u00abcorreo electr\u00f3nico multicultural<\/strong>\u00bb con lo que se debe y no se debe hacer en la comunicaci\u00f3n escrita.<\/p>\n<p>Todo el programa de formaci\u00f3n se basa en mi <a href=\"formaci\u00f3n ling\u00fc\u00edstica en l\u00ednea\/m\u00e9todo 7-S\"><strong>probado m\u00e9todo 7-S<\/strong><\/a> y se apoya en mi <a href=\"https:\/\/trintco.de\/es\/online-sprachentrainings\/#ThemenGrammatik\"><strong>gram\u00e1tica tem\u00e1tica v\u00edvida TrintCo<\/strong><\/a> gram\u00e1tica.<\/p>\n<p>[\/et_pb_text][\/et_pb_column][et_pb_column type=\u00bb1_2&#8243; _builder_version=\u00bb4.24.2&#8243; _module_preset=\u00bbdefault\u00bb animation_style=\u00bbslide\u00bb animation_duration=\u00bb1500ms\u00bb animation_delay=\u00bb50ms\u00bb global_colors_info=\u00bb{}\u00bb][et_pb_image src=\u00bbhttps:\/\/trintco.de\/wp-content\/uploads\/2024\/03\/female-engineers-working-in-industry-factory-e1676016516484.jpg\u00bb title_text=\u00bbportrait-of-engineer-and-equipment-in-engineering-factory-e1676015530140&#8243; align=\u00bbcenter\u00bb _builder_version=\u00bb4.24.2&#8243; _module_preset=\u00bbdefault\u00bb max_width=\u00bb84%\u00bb max_height=\u00bb1000px\u00bb module_alignment_tablet=\u00bb\u00bb module_alignment_phone=\u00bb\u00bb module_alignment_last_edited=\u00bbon|desktop\u00bb border_radii=\u00bbon|10px|10px|10px|10px\u00bb global_colors_info=\u00bb{}\u00bb][\/et_pb_image][\/et_pb_column][\/et_pb_row][\/et_pb_section][et_pb_section fb_built=\u00bb1&#8243; _builder_version=\u00bb4.24.2&#8243; _module_preset=\u00bbdefault\u00bb global_colors_info=\u00bb{}\u00bb][et_pb_row column_structure=\u00bb1_3,2_3&#8243; _builder_version=\u00bb4.24.3&#8243; _module_preset=\u00bbdefault\u00bb global_colors_info=\u00bb{}\u00bb][et_pb_column type=\u00bb1_3&#8243; _builder_version=\u00bb4.24.3&#8243; _module_preset=\u00bbdefault\u00bb animation_style=\u00bbslide\u00bb animation_duration=\u00bb1500ms\u00bb animation_delay=\u00bb50ms\u00bb link_option_url_new_window=\u00bbon\u00bb global_colors_info=\u00bb{}\u00bb][et_pb_testimonial author=\u00bbElke B.-G.\u00bb job_title=\u00bbJefe de Recursos Humanos Centrales\u00bb url_new_window=\u00bbon\u00bb portrait_url=\u00bbhttps:\/\/trintco.de\/wp-content\/uploads\/2024\/03\/Person02.jpg\u00bb _builder_version=\u00bb4.24.3&#8243; _dynamic_attributes=\u00bblink_option_url\u00bb _module_preset=\u00bbdefault\u00bb author_text_color=\u00bbgcid-72776acb-afbd-4a4f-b614-b438865cc776&#8243; link_option_url=\u00bb@ET-DC@eyJkeW5hbWljIjp0cnVlLCJjb250ZW50IjoicG9zdF9saW5rX3VybF9wYWdlIiwic2V0dGluZ3MiOnsicG9zdF9pZCI6IjI1MCIsImVuYWJsZV9odG1sIjoib2ZmIn19@\u00bb global_colors_info=\u00bb{%22gcid-72776acb-afbd-4a4f-b614-b438865cc776%22:%91%22author_text_color%22%93}\u00bb]<\/p>\n<p>Los talleres fueron realmente muy eficaces y ampliamos las presentaciones porque recib\u00ed muchas sugerencias de mejora, que tambi\u00e9n me ayudar\u00e1n mucho en mi posicionamiento en la gran empresa.<br \/>\n\u00a1Fue realmente estupendo!<br \/>\nAs\u00ed que estoy completamente satisfecha.  <\/p>\n<p>[\/et_pb_testimonial][et_pb_text module_class=\u00bbhoverlinkow\u00bb _builder_version=\u00bb4.24.3&#8243; _module_preset=\u00bbdefault\u00bb text_font_size=\u00bb14px\u00bb text_orientation=\u00bbcenter\u00bb custom_margin=\u00bb-30px||||false|false\u00bb custom_padding=\u00bb9px||||false|false\u00bb link_option_url_new_window=\u00bbon\u00bb locked=\u00bboff\u00bb global_colors_info=\u00bb{}\u00bb]<\/p>\n<p style=\"text-align: center;\"><a href=\"https:\/\/trintco.de\/es\/referenzen\/\"><a href=\"https:\/\/trintco.de\/es\/referenzen\/\">Otras rese\u00f1as <\/a> &gt;&gt;<\/a><\/p>\n<p>[\/et_pb_text][\/et_pb_column][et_pb_column type=\u00bb2_3&#8243; _builder_version=\u00bb4.24.2&#8243; _module_preset=\u00bbdefault\u00bb global_colors_info=\u00bb{}\u00bb][et_pb_text _builder_version=\u00bb4.27.0&#8243; _module_preset=\u00bbdefault\u00bb header_font_size=\u00bb35px\u00bb header_3_line_height=\u00bb1.4em\u00bb header_2_font_size_phone=\u00bb28px\u00bb global_colors_info=\u00bb{}\u00bb]<\/p>\n<h2>Mi taller de presentaci\u00f3n<\/h2>\n<h3>\u00a1Presenta de forma orientada al p\u00fablico!<\/h3>\n<p>[\/et_pb_text][et_pb_text _builder_version=\u00bb4.24.3&#8243; _module_preset=\u00bbdefault\u00bb global_colors_info=\u00bb{}\u00bb]<\/p>\n<p>Hoy en d\u00eda oigo a menudo que hay que aligerar una presentaci\u00f3n con un chiste o algo gracioso.<br \/>\nPero, \u00bfpor qu\u00e9?<br \/>\nLa respuesta suele ser: \u00abPara crear lazos\u00bb.  <\/p>\n<p>Pero esto suele dar lugar a chistes malos, traducciones fallidas y an\u00e9cdotas de las que s\u00f3lo t\u00fa puedes re\u00edrte.<\/p>\n<p>\u00a1Deja de hacer eso!<br \/>\nUna presentaci\u00f3n no necesita humor forzado.<br \/>\nEn lugar de eso, impresiona con tu <strong>experiencia<\/strong>.  <\/p>\n<p>En <strong>mi taller aprender\u00e1s<\/strong> a<\/p>\n<p>&#8211; Estructura tu presentaci\u00f3n con claridad &#8211; Pres\u00e9ntate a ti mismo y a tu presentaci\u00f3n de forma convincente &#8211; Responde adecuadamente a las interrupciones<\/p>\n<p>Crea una presentaci\u00f3n significativa, concisa y bien estructurada.<\/p>\n<p>\u00a1Tu presentaci\u00f3n hablar\u00e1 por s\u00ed sola!<\/p>\n<p>[\/et_pb_text][\/et_pb_column][\/et_pb_row][\/et_pb_section][et_pb_section fb_built=\u00bb1&#8243; _builder_version=\u00bb4.27.0&#8243; _module_preset=\u00bbdefault\u00bb background_image=\u00bbhttps:\/\/trintco.de\/wp-content\/uploads\/2024\/08\/Foto_Kontakt_Startseite-scaled-1.webp\u00bb parallax=\u00bbon\u00bb parallax_method=\u00bboff\u00bb custom_padding=\u00bb||387px|||\u00bb global_colors_info=\u00bb{}\u00bb][et_pb_row _builder_version=\u00bb4.24.2&#8243; _module_preset=\u00bbdefault\u00bb background_color=\u00bbrgba(255,255,255,0.55)\u00bb width=\u00bb79%\u00bb max_width=\u00bb730px\u00bb custom_margin=\u00bb133px||||false|false\u00bb custom_padding=\u00bb|15px||15px|false|false\u00bb animation_style=\u00bbslide\u00bb animation_duration=\u00bb1050ms\u00bb animation_delay=\u00bb50ms\u00bb border_radii=\u00bbon|10px|10px|10px|10px\u00bb global_colors_info=\u00bb{}\u00bb][et_pb_column type=\u00bb4_4&#8243; _builder_version=\u00bb4.24.2&#8243; _module_preset=\u00bbdefault\u00bb animation_style=\u00bbslide\u00bb animation_duration=\u00bb1050ms\u00bb animation_delay=\u00bb50ms\u00bb global_colors_info=\u00bb{}\u00bb][et_pb_text _builder_version=\u00bb4.27.0&#8243; _module_preset=\u00bbdefault\u00bb text_font_size=\u00bb39px\u00bb text_line_height=\u00bb1.1em\u00bb header_font_size=\u00bb39px\u00bb custom_padding=\u00bb||4px||false|false\u00bb global_colors_info=\u00bb{}\u00bb]<\/p>\n<p style=\"text-align: center;\">Contacta con nosotros<\/p>\n<p>[\/et_pb_text][et_pb_text _builder_version=\u00bb4.24.2&#8243; _module_preset=\u00bbdefault\u00bb custom_padding=\u00bb||17px||false|false\u00bb global_colors_info=\u00bb{}\u00bb]<\/p>\n<p style=\"text-align: center;\">\u00bfTe interesa trabajar conmigo?<br \/>\nEntonces no dudes en ponerte en contacto conmigo a trav\u00e9s de mi formulario de contacto.<br \/>\n\u00a1Te responder\u00e9 inmediatamente!  <\/p>\n<p>[\/et_pb_text][et_pb_button button_url=\u00bb@ET-DC@eyJkeW5hbWljIjp0cnVlLCJjb250ZW50IjoicG9zdF9saW5rX3VybF9wYWdlIiwic2V0dGluZ3MiOnsicG9zdF9pZCI6IjI2NiIsImVuYWJsZV9odG1sIjoib2ZmIn19@\u00bb button_text=\u00bbFORMULARIO DE CONTACTO\u00bb button_alignment=\u00bbcenter\u00bb _builder_version=\u00bb4.24.2&#8243; _dynamic_attributes=\u00bbbutton_url\u00bb _module_preset=\u00bbdefault\u00bb custom_button=\u00bbon\u00bb button_text_color=\u00bb#ffffff\u00bb button_bg_color=\u00bb#fe9800&#8243; button_border_width=\u00bb0px\u00bb button_border_radius=\u00bb6px\u00bb button_font=\u00bb||||||||\u00bb custom_margin=\u00bb-6px||14px||false|false\u00bb animation_style=\u00bbslide\u00bb locked=\u00bboff\u00bb global_colors_info=\u00bb{}\u00bb][\/et_pb_button][\/et_pb_column][\/et_pb_row][\/et_pb_section]<\/p>\n","protected":false},"excerpt":{"rendered":"<p>Alem\u00e1n e ingl\u00e9s en l\u00ednea para ingenieros\u00danico para ingenierosEn este curso te ense\u00f1ar\u00e9 todo lo que necesitas como ingeniero para comunicarte con \u00e9xito con clientes y colegas en tu profesi\u00f3n. \u00bfPor qu\u00e9 es tan especial este programa de formaci\u00f3n? Como traductora t\u00e9cnica jurada, puedo ayudarte con la terminolog\u00eda en lengua extranjera y las distintas descripciones [&hellip;]<\/p>\n","protected":false},"author":13,"featured_media":0,"parent":0,"menu_order":0,"comment_status":"closed","ping_status":"closed","template":"","meta":{"_et_pb_use_builder":"on","_et_pb_old_content":"","_et_gb_content_width":"","footnotes":""},"class_list":["post-1448","page","type-page","status-publish","hentry"],"_links":{"self":[{"href":"https:\/\/trintco.de\/es\/wp-json\/wp\/v2\/pages\/1448","targetHints":{"allow":["GET"]}}],"collection":[{"href":"https:\/\/trintco.de\/es\/wp-json\/wp\/v2\/pages"}],"about":[{"href":"https:\/\/trintco.de\/es\/wp-json\/wp\/v2\/types\/page"}],"author":[{"embeddable":true,"href":"https:\/\/trintco.de\/es\/wp-json\/wp\/v2\/users\/13"}],"replies":[{"embeddable":true,"href":"https:\/\/trintco.de\/es\/wp-json\/wp\/v2\/comments?post=1448"}],"version-history":[{"count":5,"href":"https:\/\/trintco.de\/es\/wp-json\/wp\/v2\/pages\/1448\/revisions"}],"predecessor-version":[{"id":1763,"href":"https:\/\/trintco.de\/es\/wp-json\/wp\/v2\/pages\/1448\/revisions\/1763"}],"wp:attachment":[{"href":"https:\/\/trintco.de\/es\/wp-json\/wp\/v2\/media?parent=1448"}],"curies":[{"name":"wp","href":"https:\/\/api.w.org\/{rel}","templated":true}]}}