{"id":1446,"date":"2024-03-28T20:20:31","date_gmt":"2024-03-28T19:20:31","guid":{"rendered":"https:\/\/trintco.de\/wait-train-online\/"},"modified":"2024-09-01T21:32:26","modified_gmt":"2024-09-01T19:32:26","slug":"wait-train-online","status":"publish","type":"page","link":"https:\/\/trintco.de\/es\/wait-train-online\/","title":{"rendered":"Espera y Entrena Online"},"content":{"rendered":"<p>[et_pb_section fb_built=\u00bb1&#8243; _builder_version=\u00bb4.24.2&#8243; _module_preset=\u00bbdefault\u00bb background_image=\u00bbhttps:\/\/trintco.de\/wp-content\/uploads\/2024\/04\/businessman-at-airport-looking-on-watch-small-1.jpg\u00bb parallax=\u00bbon\u00bb min_height=\u00bb690px\u00bb height=\u00bb514px\u00bb max_height=\u00bb1000px\u00bb global_colors_info=\u00bb{}\u00bb][et_pb_row _builder_version=\u00bb4.27.0&#8243; _module_preset=\u00bbdefault\u00bb background_color=\u00bbrgba(214,214,214,0.47)\u00bb width=\u00bb40%\u00bb width_tablet=\u00bb86%\u00bb width_phone=\u00bb70%\u00bb width_last_edited=\u00bbon|tablet\u00bb custom_margin=\u00bb72px||||false|false\u00bb animation_style=\u00bbslide\u00bb animation_duration=\u00bb1050ms\u00bb border_radii=\u00bbon|10px|10px|10px|10px\u00bb global_colors_info=\u00bb{}\u00bb][et_pb_column type=\u00bb4_4&#8243; _builder_version=\u00bb4.24.2&#8243; _module_preset=\u00bbdefault\u00bb global_colors_info=\u00bb{}\u00bb][et_pb_text _builder_version=\u00bb4.27.0&#8243; _module_preset=\u00bbdefault\u00bb text_font_size=\u00bb17px\u00bb header_font=\u00bb||||||||\u00bb header_font_size=\u00bb62px\u00bb custom_padding=\u00bb17px||5px||false|false\u00bb animation_style=\u00bbslide\u00bb animation_duration=\u00bb1200ms\u00bb animation_delay=\u00bb100ms\u00bb header_font_size_phone=\u00bb28px\u00bb global_colors_info=\u00bb{}\u00bb]<\/p>\n<h1 class=\"elementor-heading-title elementor-size-default\" style=\"text-align: center;\"><span style=\"color: #ffffff;\">Espera y Entrena Online<\/span><span style=\"color: #ffffff;\">\u00ae<\/span><\/h1>\n<p>[\/et_pb_text][et_pb_text _builder_version=\u00bb4.27.0&#8243; _module_preset=\u00bbdefault\u00bb text_font_size=\u00bb20px\u00bb header_font=\u00bb||||||||\u00bb header_font_size=\u00bb62px\u00bb header_2_font_size=\u00bb22px\u00bb custom_padding=\u00bb17px||5px||false|false\u00bb animation_style=\u00bbslide\u00bb animation_duration=\u00bb1200ms\u00bb animation_delay=\u00bb100ms\u00bb header_2_font_size_phone=\u00bb17px\u00bb global_colors_info=\u00bb{}\u00bb]<\/p>\n<h2 style=\"text-align: center;\"><span style=\"color: #ffffff;\">\u00a1Haz de tu tiempo un regalo!<br \/><\/span><\/h2>\n<p>[\/et_pb_text][\/et_pb_column][\/et_pb_row][\/et_pb_section][et_pb_section fb_built=\u00bb1&#8243; _builder_version=\u00bb4.24.3&#8243; _module_preset=\u00bbdefault\u00bb custom_margin_tablet=\u00bb\u00bb custom_margin_phone=\u00bb||-35px||false|false\u00bb custom_margin_last_edited=\u00bbon|phone\u00bb custom_padding=\u00bb||0px||false|false\u00bb global_colors_info=\u00bb{}\u00bb][et_pb_row column_structure=\u00bb1_2,1_2&#8243; _builder_version=\u00bb4.24.2&#8243; _module_preset=\u00bbdefault\u00bb global_colors_info=\u00bb{}\u00bb][et_pb_column type=\u00bb1_2&#8243; _builder_version=\u00bb4.24.2&#8243; _module_preset=\u00bbdefault\u00bb global_colors_info=\u00bb{}\u00bb][et_pb_text _builder_version=\u00bb4.27.0&#8243; _module_preset=\u00bbdefault\u00bb header_font_size=\u00bb35px\u00bb custom_margin_tablet=\u00bb\u00bb custom_margin_phone=\u00bb-50px||||false|false\u00bb custom_margin_last_edited=\u00bbon|phone\u00bb global_colors_info=\u00bb{}\u00bb]<\/p>\n<h2>\u00a1Reg\u00e1late tiempo!<\/h2>\n<p>&nbsp;<\/p>\n<h3>Hacer un uso sensato de los tiempos de espera<\/h3>\n<p>[\/et_pb_text][et_pb_text module_class=\u00bbhoverlinkow\u00bb _builder_version=\u00bb4.24.3&#8243; _module_preset=\u00bbdefault\u00bb global_colors_info=\u00bb{}\u00bb]<\/p>\n<p>\u00bfEst\u00e1s esperando tu conexi\u00f3n en <strong>el aeropuerto de M\u00fanich<\/strong> o en<strong> la Estaci\u00f3n Central de M\u00fanich<\/strong> y te sobra tiempo?<\/p>\n<p>Imagina llegar a tu destino relajado y con la seguridad de que <strong>puedes dominar tus retos ling\u00fc\u00edsticos con<\/strong> facilidad.<\/p>\n<p>No importa si s\u00f3lo dispones de 30 minutos, <strong>una o dos horas o incluso m\u00e1s tiempo<\/strong>: \u00a1 <a href=\"https:\/\/trintco.de\/es\/kontakt\/\"><strong>Ponte en contacto conmigo<\/strong><\/a> y pasar\u00e1s tu <strong>tiempo de espera de forma entretenida y sostenible<\/strong>!<\/p>\n<p>&nbsp;<\/p>\n<p>[\/et_pb_text][\/et_pb_column][et_pb_column type=\u00bb1_2&#8243; _builder_version=\u00bb4.24.2&#8243; _module_preset=\u00bbdefault\u00bb animation_style=\u00bbslide\u00bb animation_duration=\u00bb1500ms\u00bb animation_delay=\u00bb50ms\u00bb global_colors_info=\u00bb{}\u00bb][et_pb_image src=\u00bbhttps:\/\/trintco.de\/wp-content\/uploads\/2024\/03\/trintcoflyersmall.png\u00bb title_text=\u00bbtrintcoflyersmall\u00bb url=\u00bbhttps:\/\/trintco.de\/wp-content\/uploads\/2024\/03\/flyer.pdf\u00bb url_new_window=\u00bbon\u00bb align=\u00bbcenter\u00bb _builder_version=\u00bb4.27.0&#8243; _module_preset=\u00bbdefault\u00bb max_height=\u00bb494px\u00bb custom_margin_tablet=\u00bb\u00bb custom_margin_phone=\u00bb-26px||35px||false|false\u00bb custom_margin_last_edited=\u00bbon|phone\u00bb custom_padding=\u00bb||||false|false\u00bb border_radii=\u00bbon|10px|10px|10px|10px\u00bb global_colors_info=\u00bb{}\u00bb][\/et_pb_image][et_pb_text _builder_version=\u00bb4.24.3&#8243; _module_preset=\u00bbdefault\u00bb text_font_size=\u00bb14px\u00bb background_color=\u00bbgcid-9354c4ef-08c1-496c-be25-5c99a36c3275&#8243; text_orientation=\u00bbcenter\u00bb custom_margin=\u00bb-30px||||false|false\u00bb link_option_url=\u00bbhttps:\/\/trintco.de\/wp-content\/uploads\/2024\/03\/flyer.pdf\u00bb link_option_url_new_window=\u00bbon\u00bb global_colors_info=\u00bb{%22gcid-9354c4ef-08c1-496c-be25-5c99a36c3275%22:%91%22background_color%22%93}\u00bb]<\/p>\n<p style=\"text-align: center;\"><span style=\"color: #ffffff;\">Descargar folleto  &gt;&gt;<\/span><\/p>\n<p>[\/et_pb_text][\/et_pb_column][\/et_pb_row][\/et_pb_section][et_pb_section fb_built=\u00bb1&#8243; _builder_version=\u00bb4.24.3&#8243; _module_preset=\u00bbdefault\u00bb custom_margin_tablet=\u00bb\u00bb custom_margin_phone=\u00bb||-35px||false|false\u00bb custom_margin_last_edited=\u00bbon|phone\u00bb custom_padding=\u00bb0px||14px||false|false\u00bb global_colors_info=\u00bb{}\u00bb][et_pb_row column_structure=\u00bb1_2,1_2&#8243; _builder_version=\u00bb4.24.3&#8243; _module_preset=\u00bbdefault\u00bb global_colors_info=\u00bb{}\u00bb][et_pb_column type=\u00bb1_2&#8243; _builder_version=\u00bb4.24.3&#8243; _module_preset=\u00bbdefault\u00bb animation_style=\u00bbslide\u00bb animation_duration=\u00bb1500ms\u00bb animation_delay=\u00bb50ms\u00bb global_colors_info=\u00bb{}\u00bb][et_pb_image src=\u00bbhttps:\/\/trintco.de\/wp-content\/uploads\/2024\/08\/WaitTrain2.webp\u00bb title_text=\u00bbEspera&amp;Tren2&#8243; _builder_version=\u00bb4.27.0&#8243; _module_preset=\u00bbdefault\u00bb custom_margin_tablet=\u00bb\u00bb custom_margin_phone=\u00bb15px||||false|false\u00bb custom_margin_last_edited=\u00bbon|phone\u00bb global_colors_info=\u00bb{}\u00bb][\/et_pb_image][\/et_pb_column][et_pb_column type=\u00bb1_2&#8243; _builder_version=\u00bb4.24.2&#8243; _module_preset=\u00bbdefault\u00bb global_colors_info=\u00bb{}\u00bb][et_pb_text _builder_version=\u00bb4.27.0&#8243; _module_preset=\u00bbdefault\u00bb hover_enabled=\u00bb0&#8243; global_colors_info=\u00bb{}\u00bb sticky_enabled=\u00bb0&#8243;]<\/p>\n<p>Dependiendo de <strong>tus necesidades<\/strong>, mejoraremos tus <strong>habilidades de conversaci\u00f3n<\/strong> en alem\u00e1n, ingl\u00e9s o espa\u00f1ol <strong>de una forma<\/strong> muy <strong>pr\u00e1ctica<\/strong>.<br \/>\nO podemos <strong>dar los toques finales a<\/strong> tu <strong>presentaci\u00f3n<\/strong>.<br \/>\n\u00a1Gana <strong>m\u00e1s confianza<\/strong> en la lengua meta que es importante para ti!  <\/p>\n<p>Este <strong>entretenido curso breve<\/strong> te ayudar\u00e1 a mejorar tus conocimientos ling\u00fc\u00edsticos <strong>en un tiempo m\u00ednimo<\/strong>.<\/p>\n<p>Reg\u00e1late tiempo y util\u00edzalo para<\/p>\n<ul>\n<li>para dar los toques finales a tu presentaci\u00f3n en lengua extranjera.<\/li>\n<li>perfecciona tu presentaci\u00f3n.<\/li>\n<li>para ganar puntos con m\u00e1s confianza en las conversaciones triviales.<\/li>\n<li>simplemente para entablar conversaci\u00f3n.<\/li>\n<\/ul>\n<p>[\/et_pb_text][\/et_pb_column][\/et_pb_row][\/et_pb_section][et_pb_section fb_built=\u00bb1&#8243; _builder_version=\u00bb4.27.0&#8243; _module_preset=\u00bbdefault\u00bb background_image=\u00bbhttps:\/\/trintco.de\/wp-content\/uploads\/2024\/08\/Foto_Kontakt_Startseite-scaled-1.webp\u00bb parallax=\u00bbon\u00bb parallax_method=\u00bboff\u00bb custom_padding=\u00bb||387px|||\u00bb global_colors_info=\u00bb{}\u00bb][et_pb_row _builder_version=\u00bb4.24.2&#8243; _module_preset=\u00bbdefault\u00bb background_color=\u00bbrgba(255,255,255,0.55)\u00bb width=\u00bb79%\u00bb max_width=\u00bb730px\u00bb custom_margin=\u00bb133px||||false|false\u00bb custom_padding=\u00bb|15px||15px|false|false\u00bb animation_style=\u00bbslide\u00bb animation_duration=\u00bb1050ms\u00bb animation_delay=\u00bb50ms\u00bb border_radii=\u00bbon|10px|10px|10px|10px\u00bb global_colors_info=\u00bb{}\u00bb][et_pb_column type=\u00bb4_4&#8243; _builder_version=\u00bb4.24.2&#8243; _module_preset=\u00bbdefault\u00bb animation_style=\u00bbslide\u00bb animation_duration=\u00bb1050ms\u00bb animation_delay=\u00bb50ms\u00bb global_colors_info=\u00bb{}\u00bb][et_pb_text _builder_version=\u00bb4.27.0&#8243; _module_preset=\u00bbdefault\u00bb text_font_size=\u00bb39px\u00bb text_line_height=\u00bb1.1em\u00bb header_font_size=\u00bb39px\u00bb custom_padding=\u00bb||4px||false|false\u00bb global_colors_info=\u00bb{}\u00bb]<\/p>\n<p style=\"text-align: center;\">Contacta con nosotros<\/p>\n<p>[\/et_pb_text][et_pb_text _builder_version=\u00bb4.24.2&#8243; _module_preset=\u00bbdefault\u00bb custom_padding=\u00bb||17px||false|false\u00bb global_colors_info=\u00bb{}\u00bb]<\/p>\n<p style=\"text-align: center;\">\u00bfTe interesa trabajar conmigo?<br \/>\nEntonces no dudes en ponerte en contacto conmigo a trav\u00e9s de mi formulario de contacto.<br \/>\n\u00a1Te responder\u00e9 inmediatamente!  <\/p>\n<p>[\/et_pb_text][et_pb_button button_url=\u00bb@ET-DC@eyJkeW5hbWljIjp0cnVlLCJjb250ZW50IjoicG9zdF9saW5rX3VybF9wYWdlIiwic2V0dGluZ3MiOnsicG9zdF9pZCI6IjI2NiJ9fQ==@\u00bb button_text=\u00bbFORMULARIO DE CONTACTO\u00bb button_alignment=\u00bbcenter\u00bb _builder_version=\u00bb4.24.2&#8243; _dynamic_attributes=\u00bbbutton_url\u00bb _module_preset=\u00bbdefault\u00bb custom_button=\u00bbon\u00bb button_text_color=\u00bb#ffffff\u00bb button_bg_color=\u00bb#fe9800&#8243; button_border_width=\u00bb0px\u00bb button_border_radius=\u00bb6px\u00bb button_font=\u00bb||||||||\u00bb custom_margin=\u00bb-6px||14px||false|false\u00bb animation_style=\u00bbslide\u00bb locked=\u00bboff\u00bb global_colors_info=\u00bb{}\u00bb][\/et_pb_button][\/et_pb_column][\/et_pb_row][\/et_pb_section]<\/p>\n","protected":false},"excerpt":{"rendered":"<p>Espera y Entrena Online\u00ae\u00a1Haz de tu tiempo un regalo!\u00a1Reg\u00e1late tiempo! &nbsp; Hacer un uso sensato de los tiempos de espera\u00bfEst\u00e1s esperando tu conexi\u00f3n en el aeropuerto de M\u00fanich o en la Estaci\u00f3n Central de M\u00fanich y te sobra tiempo? Imagina llegar a tu destino relajado y con la seguridad de que puedes dominar tus retos [&hellip;]<\/p>\n","protected":false},"author":13,"featured_media":0,"parent":0,"menu_order":0,"comment_status":"closed","ping_status":"closed","template":"","meta":{"_et_pb_use_builder":"on","_et_pb_old_content":"","_et_gb_content_width":"","footnotes":""},"class_list":["post-1446","page","type-page","status-publish","hentry"],"_links":{"self":[{"href":"https:\/\/trintco.de\/es\/wp-json\/wp\/v2\/pages\/1446","targetHints":{"allow":["GET"]}}],"collection":[{"href":"https:\/\/trintco.de\/es\/wp-json\/wp\/v2\/pages"}],"about":[{"href":"https:\/\/trintco.de\/es\/wp-json\/wp\/v2\/types\/page"}],"author":[{"embeddable":true,"href":"https:\/\/trintco.de\/es\/wp-json\/wp\/v2\/users\/13"}],"replies":[{"embeddable":true,"href":"https:\/\/trintco.de\/es\/wp-json\/wp\/v2\/comments?post=1446"}],"version-history":[{"count":10,"href":"https:\/\/trintco.de\/es\/wp-json\/wp\/v2\/pages\/1446\/revisions"}],"predecessor-version":[{"id":1775,"href":"https:\/\/trintco.de\/es\/wp-json\/wp\/v2\/pages\/1446\/revisions\/1775"}],"wp:attachment":[{"href":"https:\/\/trintco.de\/es\/wp-json\/wp\/v2\/media?parent=1446"}],"curies":[{"name":"wp","href":"https:\/\/api.w.org\/{rel}","templated":true}]}}