{"id":1434,"date":"2024-03-28T22:40:04","date_gmt":"2024-03-28T21:40:04","guid":{"rendered":"https:\/\/trintco.de\/referenzen\/"},"modified":"2024-09-01T21:27:03","modified_gmt":"2024-09-01T19:27:03","slug":"referenzen","status":"publish","type":"page","link":"https:\/\/trintco.de\/es\/referenzen\/","title":{"rendered":"Referencias"},"content":{"rendered":"<p>[et_pb_section fb_built=\u00bb1&#8243; _builder_version=\u00bb4.24.2&#8243; _module_preset=\u00bbdefault\u00bb background_image=\u00bbhttps:\/\/trintco.de\/wp-content\/uploads\/2024\/04\/cheerful-female-executive-have-conversation-by-mobile-phone-with-client-at-coworking-place-small-1.jpg\u00bb parallax=\u00bbon\u00bb min_height=\u00bb690px\u00bb height=\u00bb514px\u00bb max_height=\u00bb1000px\u00bb global_colors_info=\u00bb{}\u00bb][et_pb_row _builder_version=\u00bb4.24.3&#8243; _module_preset=\u00bbdefault\u00bb background_color=\u00bbrgba(214,214,214,0.47)\u00bb width=\u00bb30%\u00bb width_tablet=\u00bb86%\u00bb width_phone=\u00bb70%\u00bb width_last_edited=\u00bbon|phone\u00bb custom_margin=\u00bb72px||||false|false\u00bb animation_style=\u00bbslide\u00bb animation_duration=\u00bb1050ms\u00bb border_radii=\u00bbon|10px|10px|10px|10px\u00bb global_colors_info=\u00bb{}\u00bb][et_pb_column type=\u00bb4_4&#8243; _builder_version=\u00bb4.24.2&#8243; _module_preset=\u00bbdefault\u00bb global_colors_info=\u00bb{}\u00bb][et_pb_text _builder_version=\u00bb4.27.0&#8243; _module_preset=\u00bbdefault\u00bb text_font_size=\u00bb17px\u00bb header_font=\u00bb||||||||\u00bb header_font_size=\u00bb62px\u00bb custom_padding=\u00bb17px||5px||false|false\u00bb animation_style=\u00bbslide\u00bb animation_duration=\u00bb1200ms\u00bb animation_delay=\u00bb100ms\u00bb header_font_size_phone=\u00bb31px\u00bb global_colors_info=\u00bb{}\u00bb]<\/p>\n<h1 class=\"elementor-heading-title elementor-size-default\" style=\"text-align: center;\"><span style=\"color: #ffffff;\">Referencias<\/span><\/h1>\n<p>[\/et_pb_text][et_pb_text _builder_version=\u00bb4.27.0&#8243; _module_preset=\u00bbdefault\u00bb text_font_size=\u00bb20px\u00bb header_font=\u00bb||||||||\u00bb header_font_size=\u00bb62px\u00bb header_2_font_size=\u00bb22px\u00bb custom_padding=\u00bb17px||5px||false|false\u00bb animation_style=\u00bbslide\u00bb animation_duration=\u00bb1200ms\u00bb animation_delay=\u00bb100ms\u00bb header_2_font_size_phone=\u00bb22px\u00bb global_colors_info=\u00bb{}\u00bb]<\/p>\n<h2 style=\"text-align: center;\"><span style=\"color: #ffffff;\">Opiniones de mis clientes<br \/><\/span><\/h2>\n<p>[\/et_pb_text][\/et_pb_column][\/et_pb_row][\/et_pb_section][et_pb_section fb_built=\u00bb1&#8243; _builder_version=\u00bb4.24.2&#8243; _module_preset=\u00bbdefault\u00bb global_colors_info=\u00bb{}\u00bb][et_pb_row _builder_version=\u00bb4.24.2&#8243; _module_preset=\u00bbdefault\u00bb scroll_scaling_enable=\u00bbon\u00bb scroll_scaling=\u00bb0|40|40|100|75%|105%|115%\u00bb global_colors_info=\u00bb{}\u00bb][et_pb_column type=\u00bb4_4&#8243; _builder_version=\u00bb4.24.2&#8243; _module_preset=\u00bbdefault\u00bb animation_style=\u00bbslide\u00bb animation_duration=\u00bb1500ms\u00bb animation_delay=\u00bb50ms\u00bb global_colors_info=\u00bb{}\u00bb][et_pb_text _builder_version=\u00bb4.27.0&#8243; _module_preset=\u00bbdefault\u00bb global_colors_info=\u00bb{}\u00bb]<\/p>\n<p><em>\u00abMi recomendaci\u00f3n: cada programa de formaci\u00f3n ling\u00fc\u00edstica es <strong>individual<\/strong>.<br \/>\nEstaremos encantados de hablar personalmente de <strong>tus<\/strong> necesidades y objetivos.<br \/>\nPara ello, utiliza mi <a href=\"https:\/\/trintco.de\/es\/kontakt\/\">formulario de contacto<\/a>.<br \/>\nConcertemos una reuni\u00f3n para conocernos mejor\u00bb.   <\/em><\/p>\n<p><em>Atentamente, Ren\u00e9e M\u00fcller-Naendrup<\/em><\/p>\n<p>[\/et_pb_text][\/et_pb_column][\/et_pb_row][\/et_pb_section][et_pb_section fb_built=\u00bb1&#8243; _builder_version=\u00bb4.24.2&#8243; _module_preset=\u00bbdefault\u00bb background_color=\u00bbrgba(254,152,0,0.16)\u00bb global_colors_info=\u00bb{}\u00bb][et_pb_row _builder_version=\u00bb4.24.2&#8243; _module_preset=\u00bbdefault\u00bb global_colors_info=\u00bb{}\u00bb][et_pb_column type=\u00bb4_4&#8243; _builder_version=\u00bb4.24.2&#8243; _module_preset=\u00bbdefault\u00bb global_colors_info=\u00bb{}\u00bb][et_pb_text _builder_version=\u00bb4.27.0&#8243; _module_preset=\u00bbdefault\u00bb header_font_size=\u00bb35px\u00bb header_2_font_size=\u00bb22px\u00bb text_orientation=\u00bbcenter\u00bb global_colors_info=\u00bb{}\u00bb]<\/p>\n<h2>Lo que dicen mis clientes:<\/h2>\n<p>[\/et_pb_text][\/et_pb_column][\/et_pb_row][et_pb_row column_structure=\u00bb1_5,1_5,1_5,1_5,1_5&#8243; _builder_version=\u00bb4.27.0&#8243; _module_preset=\u00bbdefault\u00bb max_width=\u00bb2560px\u00bb hover_enabled=\u00bb0&#8243; global_colors_info=\u00bb{}\u00bb use_custom_gutter=\u00bbon\u00bb gutter_width=\u00bb2&#8243; sticky_enabled=\u00bb0&#8243;][et_pb_column type=\u00bb1_5&#8243; _builder_version=\u00bb4.24.2&#8243; _module_preset=\u00bbdefault\u00bb global_colors_info=\u00bb{}\u00bb][et_pb_testimonial author=\u00bbShamala Z.\u00bb portrait_url=\u00bbhttps:\/\/trintco.de\/wp-content\/uploads\/2024\/04\/Foto1.jpeg\u00bb quote_icon_background_color=\u00bbrgba(254,152,0,0.82)\u00bb font_icon=\u00bb&#x33;||divi||400&#8243; _builder_version=\u00bb4.27.0&#8243; _module_preset=\u00bbdefault\u00bb body_font_size=\u00bb13px\u00bb hover_enabled=\u00bb0&#8243; border_width_all=\u00bb2px\u00bb border_color_all=\u00bbrgba(254,152,0,0.82)\u00bb global_colors_info=\u00bb{}\u00bb custom_padding=\u00bb|5px||5px|false|false\u00bb sticky_enabled=\u00bb0&#8243;]<\/p>\n<p><span>Sra.  <\/span><span><\/span><span><\/span><span>M\u00fcller-Naendrup empez\u00f3 como profesora de alem\u00e1n para m\u00ed.<br \/>\nDespu\u00e9s de 80 clases, hablo un nivel B2 de alem\u00e1n de negocios.<br \/>\nEs una profesora muy experimentada y motivada.<br \/>\nLas clases fueron divertidas y perspicaces.<br \/>\nCada minuto vali\u00f3 la pena.      <span id=\"line341\"><\/span> <span id=\"line342\"><\/span> <span id=\"line343\"><\/span>Lo mejor es que no es s\u00f3lo un curso de idiomas, sino un curso de integraci\u00f3n.<br \/>\nA un extranjero le cuesta mucho integrarse en la sociedad alemana.<br \/>\nLa Sra. M\u00fcller-Naendrup te gu\u00eda en muchos aspectos de la vida cotidiana, tambi\u00e9n en alem\u00e1n.<br \/>\nGracias a su orientaci\u00f3n, pude hacer un trabajo estupendo.<br \/>\nMi calidad de vida mejor\u00f3 con una mejor comprensi\u00f3n de la lengua y la cultura.      <span id=\"line344\"><\/span> <span id=\"line345\"><\/span>Muchas gracias, Sra. M\u00fcller-Naendrup.<br \/>\nEres sencillamente impresionante.<br \/>\n\u00a1Ha sido una gran experiencia conocer a una profesora maravillosa como usted y ahora a una amiga!    <span id=\"line346\"><\/span> <span id=\"line347\"><\/span>Si est\u00e1s pensando en aprender un idioma, \u00e9sta es sin duda la mejor forma de aprender: te recomiendo encarecidamente a Ren\u00e9e M\u00fcller-Naendrup.  <\/span><\/p>\n<p>[\/et_pb_testimonial][\/et_pb_column][et_pb_column type=\u00bb1_5&#8243; _builder_version=\u00bb4.24.2&#8243; _module_preset=\u00bbdefault\u00bb animation_style=\u00bbslide\u00bb animation_duration=\u00bb1500ms\u00bb animation_delay=\u00bb50ms\u00bb global_colors_info=\u00bb{}\u00bb][et_pb_testimonial author=\u00bbGiulia T.\u00bb portrait_url=\u00bbhttps:\/\/trintco.de\/wp-content\/uploads\/2024\/04\/Foto2.jpeg\u00bb quote_icon_background_color=\u00bbrgba(254,152,0,0.82)\u00bb font_icon=\u00bb&#x33;||divi||400&#8243; _builder_version=\u00bb4.24.3&#8243; _module_preset=\u00bbdefault\u00bb border_width_all=\u00bb2px\u00bb border_color_all=\u00bbrgba(254,152,0,0.82)\u00bb global_colors_info=\u00bb{}\u00bb body_font_size=\u00bb13px\u00bb custom_padding=\u00bb|5px||5px|false|false\u00bb]<\/p>\n<p id=\"line1\"><span>He asistido al curso de alem\u00e1n de la Sra. M\u00fcller-Naendrup durante dos a\u00f1os.<br \/>\nEs una profesora apasionada y experimentada que consigue equilibrar los aspectos m\u00e1s complejos del idioma con un ambiente distendido y positivo.<br \/>\nHe aprendido mucho sobre la lengua en s\u00ed, pero tambi\u00e9n sobre la vida en Alemania y las diferencias culturales.<br \/>\nEs una formadora proactiva, flexible y motivada.     <span id=\"line358\"><\/span>Gracias por tu ayuda y por hacer del alem\u00e1n una experiencia de aprendizaje divertida.<\/span><\/p>\n<p>[\/et_pb_testimonial][\/et_pb_column][et_pb_column type=\u00bb1_5&#8243; _builder_version=\u00bb4.24.2&#8243; _module_preset=\u00bbdefault\u00bb animation_style=\u00bbslide\u00bb animation_duration=\u00bb1500ms\u00bb animation_delay=\u00bb50ms\u00bb global_colors_info=\u00bb{}\u00bb][et_pb_testimonial author=\u00bbElke B.-G.\u00bb portrait_url=\u00bbhttps:\/\/trintco.de\/wp-content\/uploads\/2024\/03\/Person02.jpg\u00bb quote_icon_background_color=\u00bbrgba(254,152,0,0.82)\u00bb font_icon=\u00bb&#x33;||divi||400&#8243; _builder_version=\u00bb4.24.2&#8243; _module_preset=\u00bbdefault\u00bb border_width_all=\u00bb2px\u00bb border_color_all=\u00bbrgba(254,152,0,0.82)\u00bb global_colors_info=\u00bb{}\u00bb body_font_size=\u00bb13px\u00bb custom_padding=\u00bb|5px||5px|false|false\u00bb]<\/p>\n<p>Los talleres fueron realmente muy eficaces y ampliamos las presentaciones porque recib\u00ed muchas sugerencias de mejora, que tambi\u00e9n me ayudar\u00e1n mucho en mi posicionamiento en la gran empresa.<br \/>\n\u00a1Fue realmente estupendo!<br \/>\nAs\u00ed que estoy completamente satisfecha.  <\/p>\n<p>[\/et_pb_testimonial][\/et_pb_column][et_pb_column type=\u00bb1_5&#8243; _builder_version=\u00bb4.24.2&#8243; _module_preset=\u00bbdefault\u00bb animation_style=\u00bbslide\u00bb animation_duration=\u00bb1500ms\u00bb animation_delay=\u00bb50ms\u00bb global_colors_info=\u00bb{}\u00bb][et_pb_testimonial author=\u00bbTanja Steiert\u00bb job_title=\u00bbServicio de traducci\u00f3n TS\u00bb portrait_url=\u00bbhttps:\/\/trintco.de\/wp-content\/uploads\/2024\/03\/TanjaSteiert.webp\u00bb quote_icon_background_color=\u00bbrgba(254,152,0,0.82)\u00bb font_icon=\u00bb&#x33;||divi||400&#8243; _builder_version=\u00bb4.24.2&#8243; _module_preset=\u00bbdefault\u00bb body_font_size=\u00bb13px\u00bb border_width_all=\u00bb2px\u00bb border_color_all=\u00bbrgba(254,152,0,0.82)\u00bb global_colors_info=\u00bb{}\u00bb custom_padding=\u00bb|5px||5px|false|false\u00bb]<\/p>\n<p id=\"line1\"><span>La breve sesi\u00f3n de coaching que llevaste a cabo conmigo fue sencillamente brillante y super\u00f3 con creces mis expectativas.<br \/>\nComo experta absoluta en mi campo (servicios de traducci\u00f3n), me abriste los ojos en una direcci\u00f3n completamente distinta, insospechada hasta entonces.<br \/>\nNo s\u00f3lo me diste un mont\u00f3n de ideas para llevar conmigo, sino que tambi\u00e9n me diste consejos muy valiosos de tu experiencia pr\u00e1ctica.<br \/>\nDesde la sesi\u00f3n de coaching contigo, me siento \u00abrejuvenecida\u00bb, llena de un mont\u00f3n de ideas nuevas y del valor para ponerlas en pr\u00e1ctica con ganas de actuar.<br \/>\n\u00a1Sencillamente fant\u00e1stico!      <\/span><\/p>\n<p>[\/et_pb_testimonial][\/et_pb_column][et_pb_column type=\u00bb1_5&#8243; _builder_version=\u00bb4.24.2&#8243; _module_preset=\u00bbdefault\u00bb animation_style=\u00bbslide\u00bb animation_duration=\u00bb1500ms\u00bb animation_delay=\u00bb50ms\u00bb global_colors_info=\u00bb{}\u00bb][et_pb_testimonial author=\u00bbDra. Barbara Zippel\u00bb job_title=\u00bbwww.playthinking.de\u00bb portrait_url=\u00bbhttps:\/\/trintco.de\/wp-content\/uploads\/2024\/03\/Dr.-Barbara-Zippel.jpg\u00bb quote_icon_background_color=\u00bbrgba(254,152,0,0.82)\u00bb font_icon=\u00bb&#x33;||divi||400&#8243; _builder_version=\u00bb4.24.2&#8243; _module_preset=\u00bbdefault\u00bb border_width_all=\u00bb2px\u00bb border_color_all=\u00bbrgba(254,152,0,0.82)\u00bb global_colors_info=\u00bb{}\u00bb body_font_size=\u00bb13px\u00bb custom_padding=\u00bb|5px||5px|false|false\u00bb]<\/p>\n<p id=\"line1\"><span>Probablemente pienses que el coaching por correo electr\u00f3nico no es posible, que no puede funcionar en absoluto, porque no est\u00e1is sentados uno frente al otro y, por tanto, no pod\u00e9is reconocer lo que se necesita en ese momento para crear claridad.<br \/>\nCon la Sra. M\u00fcller-Naendrup \u00a1tambi\u00e9n es posible!<br \/>\nDe un modo extraordinariamente constructivo y preciso, sabe llamar a las cosas por su nombre y abre as\u00ed la posibilidad de sacar a la luz lo que supuestamente est\u00e1 oculto.<br \/>\n\u00a1Gracias por el r\u00e1pido y \u00fatil ping-pong de hoy!     <\/span><\/p>\n<p>[\/et_pb_testimonial][\/et_pb_column][\/et_pb_row][\/et_pb_section][et_pb_section fb_built=\u00bb1&#8243; _builder_version=\u00bb4.27.0&#8243; _module_preset=\u00bbdefault\u00bb background_image=\u00bbhttps:\/\/trintco.de\/wp-content\/uploads\/2024\/08\/Foto_Kontakt_Startseite-scaled-1.webp\u00bb parallax=\u00bbon\u00bb parallax_method=\u00bboff\u00bb custom_padding=\u00bb||387px|||\u00bb global_colors_info=\u00bb{}\u00bb][et_pb_row _builder_version=\u00bb4.24.2&#8243; _module_preset=\u00bbdefault\u00bb background_color=\u00bbrgba(255,255,255,0.55)\u00bb width=\u00bb79%\u00bb max_width=\u00bb730px\u00bb custom_margin=\u00bb133px||||false|false\u00bb custom_padding=\u00bb|15px||15px|false|false\u00bb animation_style=\u00bbslide\u00bb animation_duration=\u00bb1050ms\u00bb animation_delay=\u00bb50ms\u00bb border_radii=\u00bbon|10px|10px|10px|10px\u00bb global_colors_info=\u00bb{}\u00bb][et_pb_column type=\u00bb4_4&#8243; _builder_version=\u00bb4.24.2&#8243; _module_preset=\u00bbdefault\u00bb animation_style=\u00bbslide\u00bb animation_duration=\u00bb1050ms\u00bb animation_delay=\u00bb50ms\u00bb global_colors_info=\u00bb{}\u00bb][et_pb_text _builder_version=\u00bb4.27.0&#8243; _module_preset=\u00bbdefault\u00bb text_font_size=\u00bb39px\u00bb text_line_height=\u00bb1.1em\u00bb header_font_size=\u00bb39px\u00bb custom_padding=\u00bb||4px||false|false\u00bb global_colors_info=\u00bb{}\u00bb]<\/p>\n<p style=\"text-align: center;\">Contacta con nosotros<\/p>\n<p>[\/et_pb_text][et_pb_text _builder_version=\u00bb4.24.2&#8243; _module_preset=\u00bbdefault\u00bb custom_padding=\u00bb||17px||false|false\u00bb global_colors_info=\u00bb{}\u00bb]<\/p>\n<p style=\"text-align: center;\">\u00bfTe interesa trabajar conmigo?<br \/>\nEntonces no dudes en ponerte en contacto conmigo a trav\u00e9s de mi formulario de contacto.<br \/>\n\u00a1Te responder\u00e9 inmediatamente!  <\/p>\n<p>[\/et_pb_text][et_pb_button button_text=\u00bbFORMULARIO DE CONTACTO\u00bb button_alignment=\u00bbcenter\u00bb _builder_version=\u00bb4.24.2&#8243; _module_preset=\u00bbdefault\u00bb custom_button=\u00bbon\u00bb button_text_color=\u00bb#ffffff\u00bb button_bg_color=\u00bb#fe9800&#8243; button_border_width=\u00bb0px\u00bb button_border_radius=\u00bb6px\u00bb button_font=\u00bb||||||||\u00bb custom_margin=\u00bb-6px||14px||false|false\u00bb animation_style=\u00bbslide\u00bb locked=\u00bboff\u00bb global_colors_info=\u00bb{}\u00bb][\/et_pb_button][\/et_pb_column][\/et_pb_row][\/et_pb_section]<\/p>\n","protected":false},"excerpt":{"rendered":"<p>ReferenciasOpiniones de mis clientes\u00bbMi recomendaci\u00f3n: cada programa de formaci\u00f3n ling\u00fc\u00edstica es individual. Estaremos encantados de hablar personalmente de tus necesidades y objetivos. Para ello, utiliza mi formulario de contacto. Concertemos una reuni\u00f3n para conocernos mejor\u00bb. Atentamente, Ren\u00e9e M\u00fcller-NaendrupLo que dicen mis clientes:Sra. M\u00fcller-Naendrup empez\u00f3 como profesora de alem\u00e1n para m\u00ed. Despu\u00e9s de 80 clases, hablo [&hellip;]<\/p>\n","protected":false},"author":13,"featured_media":0,"parent":0,"menu_order":0,"comment_status":"closed","ping_status":"closed","template":"","meta":{"_et_pb_use_builder":"on","_et_pb_old_content":"","_et_gb_content_width":"","footnotes":""},"class_list":["post-1434","page","type-page","status-publish","hentry"],"_links":{"self":[{"href":"https:\/\/trintco.de\/es\/wp-json\/wp\/v2\/pages\/1434","targetHints":{"allow":["GET"]}}],"collection":[{"href":"https:\/\/trintco.de\/es\/wp-json\/wp\/v2\/pages"}],"about":[{"href":"https:\/\/trintco.de\/es\/wp-json\/wp\/v2\/types\/page"}],"author":[{"embeddable":true,"href":"https:\/\/trintco.de\/es\/wp-json\/wp\/v2\/users\/13"}],"replies":[{"embeddable":true,"href":"https:\/\/trintco.de\/es\/wp-json\/wp\/v2\/comments?post=1434"}],"version-history":[{"count":6,"href":"https:\/\/trintco.de\/es\/wp-json\/wp\/v2\/pages\/1434\/revisions"}],"predecessor-version":[{"id":1743,"href":"https:\/\/trintco.de\/es\/wp-json\/wp\/v2\/pages\/1434\/revisions\/1743"}],"wp:attachment":[{"href":"https:\/\/trintco.de\/es\/wp-json\/wp\/v2\/media?parent=1434"}],"curies":[{"name":"wp","href":"https:\/\/api.w.org\/{rel}","templated":true}]}}