{"id":1428,"date":"2024-03-29T15:14:25","date_gmt":"2024-03-29T14:14:25","guid":{"rendered":"https:\/\/trintco.de\/impressum\/"},"modified":"2025-02-20T17:15:58","modified_gmt":"2025-02-20T16:15:58","slug":"impressum","status":"publish","type":"page","link":"https:\/\/trintco.de\/es\/impressum\/","title":{"rendered":"Pie de imprenta"},"content":{"rendered":"<p>[et_pb_section fb_built=\u00bb1&#8243; _builder_version=\u00bb4.24.2&#8243; _module_preset=\u00bbdefault\u00bb background_color=\u00bb#d6d6d6&#8243; animation_style=\u00bbzoom\u00bb animation_direction=\u00bbtop\u00bb animation_duration=\u00bb1450ms\u00bb animation_delay=\u00bb100ms\u00bb global_colors_info=\u00bb{}\u00bb][et_pb_row _builder_version=\u00bb4.24.2&#8243; _module_preset=\u00bbdefault\u00bb global_colors_info=\u00bb{}\u00bb][et_pb_column type=\u00bb4_4&#8243; _builder_version=\u00bb4.24.2&#8243; _module_preset=\u00bbdefault\u00bb global_colors_info=\u00bb{}\u00bb][et_pb_text _builder_version=\u00bb4.24.2&#8243; _module_preset=\u00bbdefault\u00bb header_font_size=\u00bb35px\u00bb header_3_font_size=\u00bb25px\u00bb global_colors_info=\u00bb{}\u00bb]<\/p>\n<h1>Pie de imprenta<\/h1>\n<p>[\/et_pb_text][et_pb_text _builder_version=\u00bb4.24.2&#8243; _module_preset=\u00bbdefault\u00bb global_colors_info=\u00bb{}\u00bb]<\/p>\n<p>Informaci\u00f3n seg\u00fan \u00a7 5 TMG<\/p>\n<p>Ren\u00e9e M\u00fcller-Naendrup TrintCo\u00ae Berchardweg 8 80995 M\u00fanich<\/p>\n<p><strong>Representada por: <\/strong><br \/>Ren\u00e9e M\u00fcller-Naendrup<\/p>\n<p><strong>Contacto:<\/strong><br \/>Tel\u00e9fono: +49 89 55293070<br \/>Correo electr\u00f3nico: mueller-naendrup(at)trintco.de<\/p>\n<p><strong>N\u00famero de identificaci\u00f3n del impuesto<\/strong> sobre las ventas seg\u00fan la ley del impuesto sobre las ventas \u00a727a: DE14533544600<\/p>\n<p><strong>Descargo de responsabilidad:  <\/strong><\/p>\n<p><strong>Responsabilidad por el contenido<\/strong><\/p>\n<p>El contenido de nuestro sitio web ha sido recopilado con el mayor cuidado.<br \/>\nSin embargo, no podemos asumir ninguna responsabilidad por la exactitud, integridad y actualidad del contenido.<br \/>\nComo proveedor de servicios somos responsables seg\u00fan el \u00a7 7 Abs.1<br \/>\nTMG, somos responsables de nuestro propio contenido en estas p\u00e1ginas de acuerdo con las leyes generales.<br \/>\nSin embargo, seg\u00fan los \u00a7\u00a7 8 a 10 de la TMG, como proveedores de servicios no estamos obligados a controlar la informaci\u00f3n ajena transmitida o almacenada ni a investigar circunstancias que indiquen una actividad ilegal.<br \/>\nEsto no afecta a las obligaciones de eliminar o bloquear el uso de informaci\u00f3n de acuerdo con la legislaci\u00f3n general.<br \/>\nSin embargo, la responsabilidad a este respecto s\u00f3lo es posible a partir del momento en que se tiene conocimiento de una infracci\u00f3n concreta.<br \/>\nTan pronto como tengamos conocimiento de tales infracciones, eliminaremos este contenido inmediatamente.       <\/p>\n<p><strong>Responsabilidad de los enlaces<\/strong><\/p>\n<p>Nuestro sitio web contiene enlaces a sitios web externos de terceros sobre cuyo contenido no tenemos ninguna influencia.<br \/>\nPor lo tanto, no podemos aceptar ninguna responsabilidad por este contenido de terceros.<br \/>\nEl respectivo proveedor u operador de las p\u00e1ginas es siempre responsable del contenido de las p\u00e1ginas enlazadas.<br \/>\nLas p\u00e1ginas enlazadas se comprobaron en el momento de enlazarlas para detectar posibles infracciones legales.<br \/>\nNo se reconocieron contenidos ilegales en el momento de establecer el enlace.<br \/>\nSin embargo, la supervisi\u00f3n permanente del contenido de las p\u00e1ginas enlazadas no es razonable sin pruebas concretas de una infracci\u00f3n.<br \/>\nSi tenemos conocimiento de alguna infracci\u00f3n legal, eliminaremos dichos enlaces inmediatamente.      <\/p>\n<p><strong>Derechos de autor<\/strong><\/p>\n<p>El contenido y las obras creadas por los operadores del sitio en estas p\u00e1ginas est\u00e1n sujetos a la legislaci\u00f3n alemana sobre derechos de autor.<br \/>\nLa duplicaci\u00f3n, procesamiento, distribuci\u00f3n y cualquier tipo de utilizaci\u00f3n fuera de los l\u00edmites de la ley de derechos de autor requieren el consentimiento por escrito del autor o creador respectivo.<br \/>\nLas descargas y copias de este sitio s\u00f3lo est\u00e1n permitidas para uso privado y no comercial.<br \/>\nEn la medida en que el contenido de este sitio no haya sido creado por el operador, se respetan los derechos de autor de terceros.<br \/>\nEn particular, el contenido de terceros est\u00e1 etiquetado como tal.<br \/>\nNo obstante, si tuvieras conocimiento de una infracci\u00f3n de los derechos de autor, te rogamos que nos lo comuniques.<br \/>\nSi tenemos conocimiento de alguna infracci\u00f3n, eliminaremos dicho contenido inmediatamente.      <\/p>\n<p><strong>Protecci\u00f3n de datos<\/strong><\/p>\n<p>En general, es posible utilizar nuestro sitio web sin proporcionar datos personales.<br \/>\nEn la medida en que en nuestro sitio web se recojan datos personales (por ejemplo, nombre, direcci\u00f3n o direcciones de correo electr\u00f3nico), se har\u00e1 siempre de forma voluntaria, en la medida de lo posible.<br \/>\n<br \/>Estos datos no se transmitir\u00e1n a terceros sin tu consentimiento expreso. Nos gustar\u00eda se\u00f1alar que la transmisi\u00f3n de datos a trav\u00e9s de Internet (por ejemplo, al comunicarse por correo electr\u00f3nico) puede estar sujeta a vulnerabilidades de seguridad.<br \/>\n<br \/>No es posible una protecci\u00f3n completa de los datos contra el acceso de terceros. Por la presente, prohibimos expresamente el uso de los datos de contacto publicados como parte de nuestro deber de proporcionar un aviso legal con el fin de enviar publicidad y material informativo no solicitados.<br \/>\nLos operadores de este sitio web se reservan expresamente el derecho a emprender acciones legales en caso de env\u00edo no solicitado de informaci\u00f3n publicitaria, como correos electr\u00f3nicos basura.    <\/p>\n<p><strong>Google Analytics<\/strong><\/p>\n<p>Este sitio web utiliza Google Analytics, un servicio anal\u00edtico de web prestado por Google Inc.<br \/>\n(\u00bbGoogle\u00bb).<br \/>\nGoogle Analytics utiliza \u00abcookies\u00bb, que son archivos de texto ubicados en tu ordenador, para ayudar al sitio web a analizar c\u00f3mo lo utilizan los usuarios.<br \/>\nLa informaci\u00f3n que genera la cookie acerca de tu uso del sitio web (incluyendo tu direcci\u00f3n IP) ser\u00e1 directamente transmitida y archivada por Google en los servidores de Estados Unidos.<br \/>\nGoogle usar\u00e1 esta informaci\u00f3n con el prop\u00f3sito de analizar tu uso del sitio web, recopilando informes de la actividad del sitio web para los operadores del mismo y prestando otros servicios relacionados con la actividad del sitio web y el uso de Internet.<br \/>\nGoogle podr\u00e1 transmitir dicha informaci\u00f3n a terceros cuando as\u00ed se lo requiera la legislaci\u00f3n, o cuando dichos terceros procesen la informaci\u00f3n por cuenta de Google.<br \/>\nGoogle no asociar\u00e1 tu direcci\u00f3n IP con ning\u00fan otro dato del que disponga Google.<br \/>\nPuedes rechazar el tratamiento de los datos o la informaci\u00f3n rechazando el uso de cookies mediante la selecci\u00f3n de la configuraci\u00f3n apropiada de tu navegador, sin embargo, debes saber que si lo haces puede ser que no puedas usar la plena funcionabilidad de este sitio web.<br \/>\nAl utilizar este sitio web, consientes el tratamiento de informaci\u00f3n acerca de ti por Google en la forma y para los fines arriba indicados.        <\/p>\n<p><strong>Google AdSense<\/strong><\/p>\n<p>Este sitio web utiliza Google Adsense, un servicio de publicidad web de Google Inc, EE.UU. (\u00bbGoogle\u00bb). Google Adsense utiliza las llamadas \u00bbcookies\u00bb (archivos de texto), que se almacenan en tu ordenador y permiten analizar tu uso del sitio web. Google Adsense tambi\u00e9n utiliza los llamados \u00bbweb beacons\u00bb (peque\u00f1os gr\u00e1ficos invisibles) para recopilar informaci\u00f3n. Mediante el uso de la baliza web, se pueden registrar y recopilar acciones sencillas como el tr\u00e1fico de visitantes en el sitio web. La informaci\u00f3n generada por la cookie y\/o el web beacon sobre tu uso del sitio web (incluida tu direcci\u00f3n IP) ser\u00e1 transmitida y almacenada por Google en servidores de Estados Unidos. Google utilizar\u00e1 esta informaci\u00f3n para analizar tu uso del sitio web en relaci\u00f3n con los anuncios, para recopilar informes sobre las actividades del sitio web y los anuncios para los operadores del sitio web y para prestar otros servicios relacionados con el uso del sitio web y de Internet. Google podr\u00e1 transmitir dicha informaci\u00f3n a terceros cuando as\u00ed se lo requiera la legislaci\u00f3n, o cuando dichos terceros procesen la informaci\u00f3n por cuenta de Google. Google no asociar\u00e1 tu direcci\u00f3n IP con ning\u00fan otro dato del que disponga Google. Puedes evitar el almacenamiento de cookies en tu disco duro y la visualizaci\u00f3n de balizas web seleccionando \u00abNo aceptar cookies\u00bb en la configuraci\u00f3n de tu navegador (en MS Internet Explorer en \u00abExtras\u00bb).  &gt; &gt; &gt; &gt; &gt; &gt; Opciones de Internet Configuraci\u00f3n de privacidad\u00bb; en Firefox en \u00bbHerramientas Configuraci\u00f3n Privacidad Cookies\u00bb); sin embargo, ten en cuenta que si lo haces es posible que no puedas utilizar todas las funciones de este sitio web.<br \/>\nAl utilizar este sitio web, consientes el tratamiento de informaci\u00f3n acerca de ti por Google en la forma y para los fines arriba indicados. <\/p>\n<p>Impresi\u00f3n del sitio web de <a href=\"https:\/\/www.impressum-generator.de\" target=\"_blank\" rel=\"noopener\">impressum-generator.de<\/a><\/p>\n<p>[\/et_pb_text][\/et_pb_column][\/et_pb_row][\/et_pb_section][et_pb_section fb_built=\u00bb1&#8243; _builder_version=\u00bb4.27.0&#8243; _module_preset=\u00bbdefault\u00bb background_image=\u00bbhttps:\/\/trintco.de\/wp-content\/uploads\/2024\/08\/Foto_Kontakt_Startseite-scaled-1.webp\u00bb parallax=\u00bbon\u00bb parallax_method=\u00bboff\u00bb custom_padding=\u00bb||387px|||\u00bb hover_enabled=\u00bb0&#8243; global_colors_info=\u00bb{}\u00bb sticky_enabled=\u00bb0&#8243;][et_pb_row _builder_version=\u00bb4.24.2&#8243; _module_preset=\u00bbdefault\u00bb background_color=\u00bbrgba(255,255,255,0.55)\u00bb width=\u00bb79%\u00bb max_width=\u00bb730px\u00bb custom_margin=\u00bb133px||||false|false\u00bb custom_padding=\u00bb|15px||15px|false|false\u00bb animation_style=\u00bbslide\u00bb animation_duration=\u00bb1050ms\u00bb animation_delay=\u00bb50ms\u00bb border_radii=\u00bbon|10px|10px|10px|10px\u00bb global_colors_info=\u00bb{}\u00bb][et_pb_column type=\u00bb4_4&#8243; _builder_version=\u00bb4.24.2&#8243; _module_preset=\u00bbdefault\u00bb animation_style=\u00bbslide\u00bb animation_duration=\u00bb1050ms\u00bb animation_delay=\u00bb50ms\u00bb global_colors_info=\u00bb{}\u00bb][et_pb_text _builder_version=\u00bb4.24.2&#8243; _module_preset=\u00bbdefault\u00bb header_font_size=\u00bb39px\u00bb custom_padding=\u00bb||4px||false|false\u00bb global_colors_info=\u00bb{}\u00bb]<\/p>\n<h1 style=\"text-align: center;\">Contacta con nosotros<\/h1>\n<p>[\/et_pb_text][et_pb_text _builder_version=\u00bb4.24.2&#8243; _module_preset=\u00bbdefault\u00bb custom_padding=\u00bb||17px||false|false\u00bb global_colors_info=\u00bb{}\u00bb]<\/p>\n<p style=\"text-align: center;\">\u00bfTe interesa trabajar conmigo?<br \/>\nEntonces no dudes en ponerte en contacto conmigo a trav\u00e9s de mi formulario de contacto.<br \/>\n\u00a1Te responder\u00e9 inmediatamente!  <\/p>\n<p>[\/et_pb_text][et_pb_button button_text=\u00bbFORMULARIO DE CONTACTO\u00bb button_alignment=\u00bbcenter\u00bb _builder_version=\u00bb4.24.2&#8243; _module_preset=\u00bbdefault\u00bb custom_button=\u00bbon\u00bb button_text_color=\u00bb#ffffff\u00bb button_bg_color=\u00bb#fe9800&#8243; button_border_width=\u00bb0px\u00bb button_border_radius=\u00bb6px\u00bb button_font=\u00bb||||||||\u00bb custom_margin=\u00bb-6px||14px||false|false\u00bb animation_style=\u00bbslide\u00bb locked=\u00bboff\u00bb global_colors_info=\u00bb{}\u00bb][\/et_pb_button][\/et_pb_column][\/et_pb_row][\/et_pb_section]<\/p>\n","protected":false},"excerpt":{"rendered":"<p>Pie de imprentaInformaci\u00f3n seg\u00fan \u00a7 5 TMG Ren\u00e9e M\u00fcller-Naendrup TrintCo\u00ae Berchardweg 8 80995 M\u00fanich Representada por: Ren\u00e9e M\u00fcller-Naendrup Contacto:Tel\u00e9fono: +49 89 55293070Correo electr\u00f3nico: mueller-naendrup(at)trintco.de N\u00famero de identificaci\u00f3n del impuesto sobre las ventas seg\u00fan la ley del impuesto sobre las ventas \u00a727a: DE14533544600 Descargo de responsabilidad: Responsabilidad por el contenido El contenido de nuestro sitio web [&hellip;]<\/p>\n","protected":false},"author":13,"featured_media":0,"parent":0,"menu_order":0,"comment_status":"closed","ping_status":"closed","template":"","meta":{"_et_pb_use_builder":"on","_et_pb_old_content":"","_et_gb_content_width":"","footnotes":""},"class_list":["post-1428","page","type-page","status-publish","hentry"],"_links":{"self":[{"href":"https:\/\/trintco.de\/es\/wp-json\/wp\/v2\/pages\/1428","targetHints":{"allow":["GET"]}}],"collection":[{"href":"https:\/\/trintco.de\/es\/wp-json\/wp\/v2\/pages"}],"about":[{"href":"https:\/\/trintco.de\/es\/wp-json\/wp\/v2\/types\/page"}],"author":[{"embeddable":true,"href":"https:\/\/trintco.de\/es\/wp-json\/wp\/v2\/users\/13"}],"replies":[{"embeddable":true,"href":"https:\/\/trintco.de\/es\/wp-json\/wp\/v2\/comments?post=1428"}],"version-history":[{"count":7,"href":"https:\/\/trintco.de\/es\/wp-json\/wp\/v2\/pages\/1428\/revisions"}],"predecessor-version":[{"id":1960,"href":"https:\/\/trintco.de\/es\/wp-json\/wp\/v2\/pages\/1428\/revisions\/1960"}],"wp:attachment":[{"href":"https:\/\/trintco.de\/es\/wp-json\/wp\/v2\/media?parent=1428"}],"curies":[{"name":"wp","href":"https:\/\/api.w.org\/{rel}","templated":true}]}}