{"id":1414,"date":"2024-04-13T00:56:28","date_gmt":"2024-04-12T22:56:28","guid":{"rendered":"https:\/\/trintco.de\/agb\/"},"modified":"2024-09-01T21:27:33","modified_gmt":"2024-09-01T19:27:33","slug":"agb","status":"publish","type":"page","link":"https:\/\/trintco.de\/es\/agb\/","title":{"rendered":"GTC"},"content":{"rendered":"<p>[et_pb_section fb_built=\u00bb1&#8243; _builder_version=\u00bb4.24.2&#8243; _module_preset=\u00bbdefault\u00bb background_color=\u00bb#D6D6D6&#8243; background_size=\u00bbcustom\u00bb background_image_width=\u00bb57%\u00bb background_position=\u00bbtop_center\u00bb background_vertical_offset=\u00bb7%\u00bb animation_style=\u00bbzoom\u00bb animation_direction=\u00bbtop\u00bb animation_duration=\u00bb1450ms\u00bb animation_delay=\u00bb100ms\u00bb animation_intensity_zoom=\u00bb49%\u00bb global_colors_info=\u00bb{}\u00bb][et_pb_row _builder_version=\u00bb4.24.2&#8243; _module_preset=\u00bbdefault\u00bb global_colors_info=\u00bb{}\u00bb][et_pb_column type=\u00bb4_4&#8243; _builder_version=\u00bb4.24.2&#8243; _module_preset=\u00bbdefault\u00bb global_colors_info=\u00bb{}\u00bb][et_pb_text _builder_version=\u00bb4.24.2&#8243; _module_preset=\u00bbdefault\u00bb header_font_size=\u00bb35px\u00bb header_3_font_size=\u00bb25px\u00bb global_colors_info=\u00bb{}\u00bb]<\/p>\n<h1>GTC<\/h1>\n<p>[\/et_pb_text][et_pb_text _builder_version=\u00bb4.27.0&#8243; _module_preset=\u00bbdefault\u00bb hover_enabled=\u00bb0&#8243; global_colors_info=\u00bb{}\u00bb sticky_enabled=\u00bb0&#8243;]<\/p>\n<p><strong>1. \u00e1mbito de aplicaci\u00f3n, general<\/strong><\/p>\n<p>Las siguientes Condiciones Generales se aplican a la participaci\u00f3n en todos los cursos de formaci\u00f3n online, seminarios (en adelante \u00abFormaci\u00f3n Online y Seminarios\u00bb) y Wait &amp; Train\u00ae Online (en adelante \u00abWait &amp; Train\u00ae Online\u00bb) ofrecidos por TrintCo\u00ae (en adelante \u00abTrintCo\u00ae\u00bb) de acuerdo con el contrato celebrado entre TrintCo\u00ae y la empresa, los participantes o el coachee (en adelante \u00abCliente\u00bb).<\/p>\n<p>TrintCo\u00ae no reconocer\u00e1 ninguna condici\u00f3n del Cliente que se desv\u00ede de las condiciones de TrintCo\u00ae, a menos que TrintCo\u00ae las haya aceptado por escrito.<\/p>\n<p><strong>2. celebraci\u00f3n del contrato<\/strong><\/p>\n<p>2.1.<br \/>\nDie schriftliche oder telefonische Anmeldung des Auftraggebers stellt ein bindendes Angebot dar.<br \/>\nIm Falle der schriftlichen Anmeldung kann TrintCo\u00ae innerhalb von zwei Wochen nach Absendung des Angebots, im Falle der telefonischen Anmeldung innerhalb von einer Woche nach Telefonat, das Angebot annehmen.<br \/>\nEntscheidend hierf\u00fcr ist das Datum des Poststempels bei einem Angebot per Brief oder das Datum bei einem Angebot per E-Mail.   <\/p>\n<p>2.2.<br \/>\nDanach versendet TrintCo\u00ae die Rechnung an den Auftraggeber.<br \/>\nDer Vertrag kommt mit der Versendung der Rechnung zustande.  <\/p>\n<p>2.3.<br \/>\nAnmeldungen f\u00fcr Online-Trainings &amp; Seminare werden grunds\u00e4tzlich in der Reihenfolge ihres Eingangs ber\u00fccksichtigt, eine Haftung aus diesem Grunde ist allerdings ausgeschlossen.<br \/>\nKann eine Anmeldung nicht ber\u00fccksichtigt werden, so wird dieses umgehend mitgeteilt.  <\/p>\n<p><strong>3. organizaci\u00f3n de la orden<\/strong><\/p>\n<p>3.1.<br \/>\nTrintCo\u00ae erbringt die im Vertrag beschriebene Dienstleistung und f\u00fchrt die T\u00e4tigkeit frei von Weisungen aus.<br \/>\nEin Arbeitsverh\u00e4ltnis mit dem Auftraggeber wird dadurch nicht begr\u00fcndet.  <\/p>\n<p>3.2.<br \/>\nDie Inhaberin von TrintCo\u00ae, Ren\u00e9e M\u00fcller-Naendrup, ist berechtigt, die vereinbarten Leistungen selbst oder durch qualifizierte Mitarbeiter zu erbringen, sofern nicht ausdr\u00fccklich etwas anderes vereinbart wurde. <\/p>\n<p><strong>4. condiciones de pago<\/strong><\/p>\n<p>4.1.<br \/>\nDer Auftraggeber ist verpflichtet, die Gesamtsumme vor Beginn, sofern nichts anderes schriftlich vereinbart wurde, umgehend und vollumf\u00e4nglich zu entrichten. <\/p>\n<p>4.2.1 <strong>Formaciones y seminarios online<\/strong>: El cliente incurrir\u00e1 en mora a m\u00e1s tardar 30 d\u00edas despu\u00e9s de la recepci\u00f3n de la factura.<br \/>\nEsto se aplica a un cliente si esta consecuencia legal se ha se\u00f1alado expresamente en la factura.<br \/>\nPor cada recordatorio despu\u00e9s de que se haya producido el impago, podemos exigir 5,- \u20ac de reembolso de gastos.  <\/p>\n<p>4.2.2 <strong>Wait &amp; Train\u00ae<\/strong> <strong>Online<\/strong>: El cliente incurre en mora a m\u00e1s tardar 14 d\u00edas despu\u00e9s de la recepci\u00f3n de la factura.<br \/>\nEsto se aplica a un cliente si esta consecuencia legal se ha se\u00f1alado expresamente en la factura.<br \/>\nPor cada recordatorio despu\u00e9s de que se haya producido el impago, podemos exigir 5,- \u20ac de reembolso de gastos.  <\/p>\n<p>4.3.<br \/>\nDer auf der Rechnung ausgewiesene Gesamtbetrag ist an die angegebene Bankverbindung zu \u00fcberweisen. <\/p>\n<p>4.4.<br \/>\nDie Rechnungsstellung erfolgt bei Firmen und Unternehmen direkt an die Rechnungsabteilung des Auftraggebers, sofern nichts anderes vereinbart wurde.<br \/>\nDer Rechnungsbetrag ist sofort und ohne Abzug f\u00e4llig.<br \/>\nDie Preise verstehen sich exklusive der gesetzlichen Mehrwertsteuer, sowie ggf. aller Kosten f\u00fcr Anfahrts-, Reise-, Spesen- und Hotelleistungen.   <\/p>\n<p><strong>5. anulaciones<\/strong><\/p>\n<p>5.1.<br \/>\nTrintCo\u00ae bietet dem Auftraggeber die M\u00f6glichkeit, vom Vertrag zur\u00fcckzutreten. <\/p>\n<p><strong> <\/strong>5.1.1 <strong>Cursos de formaci\u00f3n y seminarios online<\/strong>: En caso de cancelaci\u00f3n<\/p>\n<p>&#8211; se cobrar\u00e1 una tasa de cancelaci\u00f3n de 120,00 EUR hasta 30 d\u00edas antes del inicio del curso.<\/p>\n<p>&#8211; de 29 a 21 d\u00edas antes del inicio, los gastos de anulaci\u00f3n ascienden al 30% del volumen total reservado.<\/p>\n<p>&#8211; de 20 a 10 d\u00edas antes del inicio, los gastos de cancelaci\u00f3n ascienden al 60% del volumen total reservado.<\/p>\n<p>Si la cancelaci\u00f3n se realiza con menos de 10 d\u00edas de antelaci\u00f3n al inicio de la formaci\u00f3n o seminario online, los gastos de cancelaci\u00f3n ascienden al 100% del volumen total reservado.<\/p>\n<p><strong> <\/strong>5.1.2 <strong>Wait and Train\u00ae Online<\/strong>: En caso de cancelaci\u00f3n<\/p>\n<p>&#8211; se cobrar\u00e1 una tasa de cancelaci\u00f3n de 170,00 EUR hasta 15 d\u00edas antes del inicio del curso.<\/p>\n<p>&#8211; de 14 a 10 d\u00edas antes del inicio, los gastos de cancelaci\u00f3n ascienden al 70% del volumen total reservado.<\/p>\n<p>Si la cancelaci\u00f3n se realiza con menos de 10 d\u00edas de antelaci\u00f3n, los gastos de cancelaci\u00f3n ser\u00e1n del 100% del volumen total reservado.<\/p>\n<p>5.2.<br \/>\nBereits geleistete Zahlungen werden dabei von TrintCo\u00ae verrechnet. <\/p>\n<p>5.3.<br \/>\nDie Stornierung ist nur schriftlich per Brief oder E-Mail m\u00f6glich. <\/p>\n<p>5.4.<br \/>\nF\u00fcr den Fall, dass zu Beginn des Online-Trainings &amp; Seminars eine Erkrankung vorliegt, die eine Teilnahme verhindert, ist hier\u00fcber sp\u00e4testens 1 Woche nach Mitteilung eine \u00e4rztliche Bescheinigung vorzulegen.<br \/>\nSo wird der\/die Teilnehmer:in im Falle eines offenen Gruppentrainings automatisch f\u00fcr den n\u00e4chsten gleichwertigen Kurs angemeldet und die bereits bezahlte Geb\u00fchr hierf\u00fcr in voller H\u00f6he angerechnet.<br \/>\nIm Falle eines Einzeltrainings, wird der Beginn um die Krankheitstage verschoben.   <\/p>\n<p>5.5.<br \/>\nWird ein einmal begonnenes Online-Training &amp; Seminar aus Krankheits- oder aus sonstigen Gr\u00fcnden abgebrochen, so ist eine R\u00fcckzahlung der noch offenen Unterrichtseinheiten\/-stunden, im Falle eines offenen Gruppentrainings\/Seminars, ausgeschlossen.<br \/>\nIn Einzeltrainings hat der\/die Teilnehmer:in die M\u00f6glichkeit, diese innerhalb von 6 Monaten, nach Bekanntgabe, nachzuholen.<br \/>\nDanach gelten diese als gehalten.<br \/>\nEin Nachholen der Unterrichtseinheiten\/-stunden aus offenen Gruppenkursen und Seminaren ist ausgeschlossen.    <\/p>\n<p>5.6.<br \/>\nSollten in Einzeltrainings oder im Wait &amp; Train\u00ae Online bereits vereinbarte Termine vom Auftraggeber oder dem\/der Teilnehmer:in in weniger als 48 Stunden vor Beginn abgesagt werden, erfolgt die vollst\u00e4ndige Berechnung und die stornieren Unterrichtseinheiten\/-stunden werden als \u201egehalten\u201c verbucht.<br \/>\nBei Stattfinden des Online-Trainings &amp; Seminars oder des Wait &amp; Train\u00ae Online an einem Montag hat die Absage sp\u00e4testens bis zum davorliegenden Freitag 12:00 Uhr zu erfolgen.  <\/p>\n<p><strong>6. derecho de cancelaci\u00f3n<\/strong><\/p>\n<p>6.1.<br \/>\nWiderrufsbelehrung: Sie haben das Recht, diesen Vertrag binnen vierzehn Tagen ohne Angabe von Gr\u00fcnden zu widerrufen. <\/p>\n<p>El plazo de desistimiento es de catorce d\u00edas a partir de la fecha de celebraci\u00f3n del contrato.<br \/>\nPara ejercer el derecho de desistimiento, debes informarnos (TrintCo\u00ae, Berchardweg 8, 80995 M\u00fcnchen, E-Mail: mueller-naendrup@trintco.de) de tu decisi\u00f3n de desistir del presente contrato mediante una declaraci\u00f3n clara, ya sea por carta enviada por correo postal o por correo electr\u00f3nico. <\/p>\n<p>6.2 Consecuencias de la cancelaci\u00f3n: En caso de cancelaci\u00f3n efectiva, deber\u00e1n devolverse los servicios recibidos por ambas partes.<\/p>\n<p>Esto puede significar que, no obstante, debas cumplir las obligaciones contractuales de pago durante el periodo hasta la cancelaci\u00f3n.<br \/>\nSi no puedes devolver o entregar los bienes o servicios recibidos y cualquier beneficio (por ejemplo, beneficios de uso) en su totalidad o en parte, o s\u00f3lo en un estado deteriorado, deber\u00e1s indemnizar a Trintco\u00ae por la p\u00e9rdida de valor.<br \/>\nEn el caso de la entrega de bienes, s\u00f3lo tienes que pagar una indemnizaci\u00f3n por el deterioro de los bienes y por cualquier uso que se haya hecho de ellos si el uso o deterioro se debe a una manipulaci\u00f3n de los bienes que va m\u00e1s all\u00e1 del examen de las propiedades y la funcionalidad.<br \/>\nExaminar las propiedades y la funcionalidad\u00bb significa probar y ensayar los bienes respectivos, como es posible y habitual en una tienda minorista, por ejemplo.   <\/p>\n<p>Los art\u00edculos que puedan enviarse por paquete postal se devolver\u00e1n por cuenta y riesgo del cliente.<\/p>\n<p>Los art\u00edculos que no puedan enviarse por paquete postal ser\u00e1n recogidos por el cliente.<br \/>\nTodos los gastos correr\u00e1n a cargo del cliente (por ejemplo, gastos de viaje, gastos de desplazamiento, gastos de hotel y gastos). <\/p>\n<p>Las obligaciones de reembolso de los pagos deben cumplirse en un plazo de 30 d\u00edas a partir del env\u00edo de tu declaraci\u00f3n de cancelaci\u00f3n.<br \/>\nEl plazo comienza para el cliente con el env\u00edo de tu declaraci\u00f3n de cancelaci\u00f3n y para TrintCo\u00ae con su recepci\u00f3n. <\/p>\n<p>El derecho de rescisi\u00f3n expira prematuramente cuando el contrato ha sido completamente cumplido por ambas partes.<\/p>\n<p><strong>7. cancelaci\u00f3n\/anulaci\u00f3n del contrato<\/strong><\/p>\n<p>7.1.<br \/>\nBeide Parteien sind berechtigt, aus wichtigem Grund zur\u00fcckzutreten. <\/p>\n<p>7.2.<br \/>\nTrintCo\u00ae hat insbesondere das Recht, die vereinbarten Termine zu verschieben oder vollst\u00e4ndig abzusagen, wenn z. B. nicht gen\u00fcgend Anmeldungen vorliegen oder aus nicht von TrintCo\u00ae zu vertretenden Gr\u00fcnden abgesagt werden muss.<br \/>\nDiese sind beispielsweise Krankheit oder Unfall des\/der Trainers:in oder h\u00f6here Gewalt.  <\/p>\n<p>7.3.<br \/>\nTrintCo\u00ae wird den Auftraggeber \u00fcber den Ausfall unverz\u00fcglich informieren und im Falle eines R\u00fccktritts eine bereits erhaltene Gegenleistung binnen 14 Tagen zur\u00fcckzuerstatten.<br \/>\nVorrangiges Ziel der Parteien ist aber, sich um einen ad\u00e4quaten Nachholtermin zu bem\u00fchen.  <\/p>\n<p>7.4.<br \/>\n\u00c4nderungen der Trainingszeiten aus dringenden Anl\u00e4ssen beh\u00e4lt TrintCo\u00ae sich vor.<br \/>\nEtwaige \u00c4nderungen erfolgen in vorheriger Absprache mit dem Auftraggeber bzw. den Teilnehmern.<br \/>\nWird ein online Training &amp; Seminar trotz zu geringer Teilnehmerzahl durchgef\u00fchrt, beh\u00e4lt sich TrintCo\u00ae vor, die Veranstaltungsdauer angemessen zu k\u00fcrzen.   <\/p>\n<p>7.5.<br \/>\nTrintCo\u00ae wird dem Auftraggeber bei vollst\u00e4ndigem Ausfall die bereits bezahlte Teilnahmegeb\u00fchr unverz\u00fcglich zur\u00fcckerstatten.<br \/>\nBei blo\u00dfer Terminverschiebung erh\u00e4lt der\/die Teilnehmer:in eines offenen Gruppentrainings\/Seminars die bereits bezahlte Teilnahmegeb\u00fchr zur\u00fcck, wenn er\/sie TrintCo\u00ae unverz\u00fcglich nach Mitteilung des Alternativtermins schriftlich mitteilt, dass er\/sie den neuen Termin nicht wahrnehmen kann.<br \/>\nEtwaige Stornokosten Dritter oder sonstige Aufw\u00e4nde, welche dem Auftraggeber oder dem\/der Teilnehmer:in durch einen R\u00fccktritt oder eine Verschiebung des Termins entstehen (z.B. f\u00fcr Hotel, Flug etc.) werden von TrintCo\u00ae nicht ersetzt.   <\/p>\n<p><strong>8. responsabilidad<\/strong><\/p>\n<p>8.1.<br \/>\nTrintCo\u00ae haftet f\u00fcr Sch\u00e4den, die durch TrintCo\u00ae vors\u00e4tzlich oder grob fahrl\u00e4ssig verursacht werden.<br \/>\nEine weitergehende Haftung ist ausgeschlossen.<br \/>\nDieser Haftungsausschluss gilt nicht f\u00fcr Personensch\u00e4den.   <\/p>\n<p>8.2.<br \/>\nDie Einschr\u00e4nkungen des Abs.<br \/>\n8.1.<br \/>\ngelten auch zugunsten der gesetzlichen Vertreter und Erf\u00fcllungsgehilfen von TrintCo\u00ae, wenn Anspr\u00fcche direkt gegen diese geltend gemacht werden.<br \/>\nHiervon ausgeschlossen sind Honorarkr\u00e4fte.    <\/p>\n<p>8.3.<br \/>\nTrintCo\u00ae haftet nicht f\u00fcr Sch\u00e4den an Gegenst\u00e4nden, welche der\/die Teilnehmer:innen mitbringen (z.B. Laptop, Handy etc.) und die durch Dritte verursacht werden. <\/p>\n<p><strong>9. derechos de autor, condiciones de uso<\/strong><\/p>\n<p>9.1.<br \/>\nDas Urheberrecht an allen von TrintCo\u00ae im Rahmen der Leistung erstellten Unterlagen, Konzepten, Entw\u00fcrfen und sonstigen Materialien (im folgenden \u201eMaterialien\u201c) verbleibt bei Ren\u00e9e M\u00fcller-Naendrup.<br \/>\nGleiches gilt f\u00fcr in Zusammenarbeit mit anderen Urhebern erstellte Materialien.  <\/p>\n<p>9.2.<br \/>\nWurden dem\/der Teilnehmer:in im Vorfeld Materialien von TrintCo\u00ae zur Verf\u00fcgung gestellt, so hat er\/sie diese zu vernichten oder zur\u00fcckzusenden, wenn er an der gebuchten Veranstaltung nicht teilnimmt. <\/p>\n<p>9.3.<br \/>\nIm \u00dcbrigen d\u00fcrfen Materialien in jeglicher Form, die von TrintCo\u00ae im Rahmen einer Leistung erstellt oder dem\/der Teilnehmer:in von TrintCo\u00ae im Rahmen der Leistungserbringung zur Verf\u00fcgung gestellt werden, \u2013 auch auszugsweise oder in bearbeiteter Form \u2013 nur mit ausdr\u00fccklicher, schriftlicher Zustimmung von TrintCo\u00ae vervielf\u00e4ltigt, ver\u00f6ffentlicht oder \u00f6ffentlich zug\u00e4nglich gemacht werden.<br \/>\nWiderrechtliches Verhalten wird geahndet.  <\/p>\n<p>9.4 La grabaci\u00f3n de audio y\/o v\u00eddeo de la Formaci\u00f3n y Seminario Online o de otros servicios de TrintCo\u00ae s\u00f3lo est\u00e1 permitida con la autorizaci\u00f3n por escrito de TrintCo\u00ae.<\/p>\n<p>9.5 El Cliente o el Participante garantiza a TrintCo\u00ae que cualquier material proporcionado est\u00e1 libre de derechos de terceros que impidan su uso en la Formaci\u00f3n.<br \/>\nEl Cliente o el Participante indemnizar\u00e1 a TrintCo\u00ae por cualquier reclamaci\u00f3n de terceros que pueda derivarse de cualquier infracci\u00f3n de derechos de terceros mediante el uso de los materiales de formaci\u00f3n proporcionados por el Cliente. <\/p>\n<p><strong>10. confidencialidad<\/strong><\/p>\n<p>10.1.<br \/>\nDer\/Die Auftraggeber:in bzw. der\/die Teilnehmer:innen verpflichten sich \u00fcber alle Informationen, die im Rahmen der Durchf\u00fchrung der gebuchten Ma\u00dfnahme zur Kenntnis gelangen und die pers\u00f6nliche Erfahrungen, Beweggr\u00fcnde, Umst\u00e4nde oder \u00e4hnliches der anderen Teilnehmer:innen oder des\/der Trainers:in betreffen, gegen\u00fcber Dritten Stillschweigen zu bewahren.<br \/>\nDiese Verschwiegenheitsverpflichtung gilt auch \u00fcber das Ende der Veranstaltung hinaus.  <\/p>\n<p>10.2.<br \/>\nTrintCo\u00ae verpflichtet sich strikte Vertraulichkeit in Bezug auf alle Informationen, die aus der vertraglichen Zusammenarbeit resultieren und die TrintCo\u00ae aus der Verarbeitung dieser Informationen gewonnen hat, auszu\u00fcben. <\/p>\n<p><strong>11. protecci\u00f3n de datos<\/strong><\/p>\n<p>11.1.<br \/>\nTrintCo\u00ae wird die personenbezogenen Daten der Teilnehmer:innen aller durchgef\u00fchrten Online-Trainings &amp; Seminare sowie des Wait &amp; Train\u00ae Online und die wirtschaftlichen Daten des Auftraggebers, die TrintCo\u00ae bekannt werden, vertraulich und nach den geltenden Bestimmungen des Datenschutzes behandeln. <\/p>\n<p>11.2.<br \/>\nTrintCo\u00ae wahrt strikte Vertraulichkeit in Bezug auf alle Informationen, die aus der vertraglichen Zusammenarbeit entstehen und die TrintCo\u00ae aus der Verarbeitung dieser Informationen gewonnen hat.<br \/>\nDer Auftraggeber wahrt in Bezug auf die Einzelheiten dieses Vertrages die Vertraulichkeit.  <\/p>\n<p>11.3.<br \/>\nTrintCo\u00ae wird die personenbezogenen Daten der Teilnehmer:innen oder anderer Personen, die ihm durch das Online-Training &amp; Seminar sowie des Wait &amp; Train Online bekannt werden, vertraulich und nach den geltenden Bestimmungen des Datenschutzes behandeln. <\/p>\n<p>11.4.<br \/>\nBeide Seiten werden personenbezogene Daten, die ihnen im Zusammenhang mit ihrer Zusammenarbeit bekannt werden, nur insoweit speichern bzw. aufbewahren, als es zur Rechnungsstellung, zur Wahrung eigener Rechte oder zur Erf\u00fcllung gesetzlicher Pflichten erforderlich ist. <\/p>\n<p>11.5.<br \/>\nTrintCo\u00ae ist berechtigt, die im Zusammenhang mit der Erbringung der vereinbarten Leistungen gewonnen Daten in anonymisierter Form zu wissenschaftlichen und publizistischen Zwecken zu verwenden. <\/p>\n<p>11.6.<br \/>\nDiese Verpflichtungen gelten auch nach der Beendigung des Auftrages und nach Beendigung der Zusammenarbeit. <\/p>\n<p><strong>12. publicidad<\/strong><strong> <\/strong><\/p>\n<p>12.1.<br \/>\nDer\/Die Auftraggeber:in und TrintCo\u00ae sind berechtigt, zu Werbezwecken, insbesondere zur Bewerbung des Online-Trainings &amp; Seminars sowie des Wait &amp; Train\u00ae Online auf ihre Zusammenarbeit im Rahmen des Online-Trainings &amp; Seminars sowie des Wait &amp; Train\u00ae Online hinzuweisen. <\/p>\n<p><strong>13. lugar de cumplimiento &#8211; elecci\u00f3n de la ley &#8211; fuero competente<\/strong><\/p>\n<p>13.1.<br \/>\nSoweit sich aus dem Vertrag nichts anderes ergibt, ist Erf\u00fcllungs- und Zahlungsort der Sitz von TrintCo\u00ae in M\u00fcnchen. <\/p>\n<p>13.2.<br \/>\nF\u00fcr diesen Vertrag gilt das Recht der Bundesrepublik Deutschland. <\/p>\n<p>13.3.<br \/>\nAusschlie\u00dflicher Gerichtsstand ist das f\u00fcr den Sitz von TrintCo\u00ae zust\u00e4ndige Gericht. <\/p>\n<p><strong>14. cl\u00e1usulas finales<\/strong><\/p>\n<p>14.1.<br \/>\nM\u00fcndliche Nebenabreden wurden nicht getroffen. <\/p>\n<p>14.2.<br \/>\nDiese Allgemeinen Gesch\u00e4ftsbedingungen gelten ausschlie\u00dflich.<br \/>\nAndere AGBs wurden nicht vereinbart.  <\/p>\n<p>14.3.<br \/>\nSollten einer oder mehrere Punkte dieser Gesch\u00e4ftsbedingungen ganz oder teilweise unwirksam sein oder werden, beeintr\u00e4chtigt dies die Wirksamkeit der verbleibenden Punkte und die Wirksamkeit des Vertrages in seiner Gesamtheit nicht.<br \/>\nDie Vertragsparteien werden eine Ersatzregelung vereinbaren, die der urspr\u00fcnglichen m\u00f6glichst nahekommt.  <\/p>\n<p>14.4.<br \/>\nEs gilt ausschlie\u00dflich deutsches Recht. <\/p>\n<p>14.5.<br \/>\nGerichtsstand ist M\u00fcnchen. <\/p>\n<p>[\/et_pb_text][\/et_pb_column][\/et_pb_row][\/et_pb_section][et_pb_section fb_built=\u00bb1&#8243; _builder_version=\u00bb4.27.0&#8243; _module_preset=\u00bbdefault\u00bb background_image=\u00bbhttps:\/\/trintco.de\/wp-content\/uploads\/2024\/08\/Foto_Kontakt_Startseite-scaled-1.webp\u00bb parallax=\u00bbon\u00bb parallax_method=\u00bboff\u00bb custom_padding=\u00bb||387px|||\u00bb global_colors_info=\u00bb{}\u00bb][et_pb_row _builder_version=\u00bb4.24.2&#8243; _module_preset=\u00bbdefault\u00bb background_color=\u00bbrgba(255,255,255,0.55)\u00bb width=\u00bb79%\u00bb max_width=\u00bb730px\u00bb custom_margin=\u00bb133px||||false|false\u00bb custom_padding=\u00bb|15px||15px|false|false\u00bb animation_style=\u00bbslide\u00bb animation_duration=\u00bb1050ms\u00bb animation_delay=\u00bb50ms\u00bb border_radii=\u00bbon|10px|10px|10px|10px\u00bb global_colors_info=\u00bb{}\u00bb][et_pb_column type=\u00bb4_4&#8243; _builder_version=\u00bb4.24.2&#8243; _module_preset=\u00bbdefault\u00bb animation_style=\u00bbslide\u00bb animation_duration=\u00bb1050ms\u00bb animation_delay=\u00bb50ms\u00bb global_colors_info=\u00bb{}\u00bb][et_pb_text _builder_version=\u00bb4.24.2&#8243; _module_preset=\u00bbdefault\u00bb header_font_size=\u00bb39px\u00bb custom_padding=\u00bb||4px||false|false\u00bb global_colors_info=\u00bb{}\u00bb]<\/p>\n<h1 style=\"text-align: center;\">Contacta con nosotros<\/h1>\n<p>[\/et_pb_text][et_pb_text _builder_version=\u00bb4.24.2&#8243; _module_preset=\u00bbdefault\u00bb custom_padding=\u00bb||17px||false|false\u00bb global_colors_info=\u00bb{}\u00bb]<\/p>\n<p style=\"text-align: center;\">\u00bfTe interesa trabajar conmigo?<br \/>\nEntonces no dudes en ponerte en contacto conmigo a trav\u00e9s de mi formulario de contacto.<br \/>\n\u00a1Te responder\u00e9 inmediatamente!  <\/p>\n<p>[\/et_pb_text][et_pb_button button_text=\u00bbFORMULARIO DE CONTACTO\u00bb button_alignment=\u00bbcenter\u00bb _builder_version=\u00bb4.24.2&#8243; _module_preset=\u00bbdefault\u00bb custom_button=\u00bbon\u00bb button_text_color=\u00bb#ffffff\u00bb button_bg_color=\u00bb#fe9800&#8243; button_border_width=\u00bb0px\u00bb button_border_radius=\u00bb6px\u00bb button_font=\u00bb||||||||\u00bb custom_margin=\u00bb-6px||14px||false|false\u00bb animation_style=\u00bbslide\u00bb locked=\u00bboff\u00bb global_colors_info=\u00bb{}\u00bb][\/et_pb_button][\/et_pb_column][\/et_pb_row][\/et_pb_section]<\/p>\n","protected":false},"excerpt":{"rendered":"<p>GTC1. \u00e1mbito de aplicaci\u00f3n, general Las siguientes Condiciones Generales se aplican a la participaci\u00f3n en todos los cursos de formaci\u00f3n online, seminarios (en adelante \u00abFormaci\u00f3n Online y Seminarios\u00bb) y Wait &amp; Train\u00ae Online (en adelante \u00abWait &amp; Train\u00ae Online\u00bb) ofrecidos por TrintCo\u00ae (en adelante \u00abTrintCo\u00ae\u00bb) de acuerdo con el contrato celebrado entre TrintCo\u00ae y la [&hellip;]<\/p>\n","protected":false},"author":13,"featured_media":0,"parent":0,"menu_order":0,"comment_status":"closed","ping_status":"closed","template":"","meta":{"_et_pb_use_builder":"on","_et_pb_old_content":"","_et_gb_content_width":"","footnotes":""},"class_list":["post-1414","page","type-page","status-publish","hentry"],"_links":{"self":[{"href":"https:\/\/trintco.de\/es\/wp-json\/wp\/v2\/pages\/1414","targetHints":{"allow":["GET"]}}],"collection":[{"href":"https:\/\/trintco.de\/es\/wp-json\/wp\/v2\/pages"}],"about":[{"href":"https:\/\/trintco.de\/es\/wp-json\/wp\/v2\/types\/page"}],"author":[{"embeddable":true,"href":"https:\/\/trintco.de\/es\/wp-json\/wp\/v2\/users\/13"}],"replies":[{"embeddable":true,"href":"https:\/\/trintco.de\/es\/wp-json\/wp\/v2\/comments?post=1414"}],"version-history":[{"count":4,"href":"https:\/\/trintco.de\/es\/wp-json\/wp\/v2\/pages\/1414\/revisions"}],"predecessor-version":[{"id":1768,"href":"https:\/\/trintco.de\/es\/wp-json\/wp\/v2\/pages\/1414\/revisions\/1768"}],"wp:attachment":[{"href":"https:\/\/trintco.de\/es\/wp-json\/wp\/v2\/media?parent=1414"}],"curies":[{"name":"wp","href":"https:\/\/api.w.org\/{rel}","templated":true}]}}