{"id":1408,"date":"2024-05-27T02:53:46","date_gmt":"2024-05-27T00:53:46","guid":{"rendered":"https:\/\/trintco.de\/trintco\/"},"modified":"2024-09-01T21:49:53","modified_gmt":"2024-09-01T19:49:53","slug":"trintco","status":"publish","type":"page","link":"https:\/\/trintco.de\/es\/","title":{"rendered":"TrintCo"},"content":{"rendered":"<p>[et_pb_section fb_built=\u00bb1&#8243; _builder_version=\u00bb4.24.2&#8243; _module_preset=\u00bbdefault\u00bb background_image=\u00bbhttps:\/\/trintco.de\/wp-content\/uploads\/2024\/03\/TrintCo-e1675690591351-min.png\u00bb min_height=\u00bb919.6px\u00bb custom_margin=\u00bb||-166px|||\u00bb global_colors_info=\u00bb{}\u00bb][et_pb_row _builder_version=\u00bb4.24.3&#8243; _module_preset=\u00bbdefault\u00bb background_color=\u00bbrgba(242,242,242,0.49)\u00bb width=\u00bb30%\u00bb width_tablet=\u00bb75%\u00bb width_phone=\u00bb70%\u00bb width_last_edited=\u00bbon|tablet\u00bb custom_margin=\u00bb72px||||false|false\u00bb border_radii=\u00bbon|10px|10px|10px|10px\u00bb global_colors_info=\u00bb{}\u00bb width__hover_enabled=\u00bbon|desktop\u00bb width__hover=\u00bb30%\u00bb][et_pb_column type=\u00bb4_4&#8243; _builder_version=\u00bb4.24.2&#8243; _module_preset=\u00bbdefault\u00bb global_colors_info=\u00bb{}\u00bb][et_pb_text _builder_version=\u00bb4.27.0&#8243; _module_preset=\u00bbdefault\u00bb text_font_size=\u00bb18px\u00bb header_font_size=\u00bb75px\u00bb header_4_line_height=\u00bb1.7em\u00bb header_5_font=\u00bb||||||||\u00bb custom_padding=\u00bb17px||5px||false|false\u00bb animation_style=\u00bbslide\u00bb animation_duration=\u00bb1200ms\u00bb animation_delay=\u00bb100ms\u00bb header_font_size_phone=\u00bb50px\u00bb global_colors_info=\u00bb{}\u00bb]<\/p>\n<h1 style=\"text-align: center;\"><span style=\"color: #34495e;\">TrintCo<\/span><\/h1>\n<p style=\"text-align: center;\"><strong><span style=\"color: #34495e;\">Comunicaci\u00f3n intercultural triling\u00fce<\/span><\/strong><\/p>\n<p><span style=\"color: #34495e;\"><\/span><\/p>\n<p style=\"text-align: center;\"><span style=\"color: #34495e;\">La lengua por s\u00ed sola no basta para dar en el clavo.<\/span><\/p>\n<p>[\/et_pb_text][et_pb_button button_url=\u00bbhttps:\/\/trintco.de\/es\/kontakt\/\u00bb button_text=\u00bbCONTACTO\u00bb button_alignment=\u00bbcenter\u00bb _builder_version=\u00bb4.24.2&#8243; _module_preset=\u00bbdefault\u00bb custom_button=\u00bbon\u00bb button_text_color=\u00bb#ffffff\u00bb button_bg_color=\u00bb#fe9800&#8243; button_border_width=\u00bb0px\u00bb button_border_radius=\u00bb6px\u00bb animation_style=\u00bbslide\u00bb animation_duration=\u00bb1050ms\u00bb animation_delay=\u00bb250ms\u00bb global_colors_info=\u00bb{}\u00bb][\/et_pb_button][\/et_pb_column][\/et_pb_row][\/et_pb_section][et_pb_section fb_built=\u00bb1&#8243; _builder_version=\u00bb4.24.2&#8243; _module_preset=\u00bbdefault\u00bb global_colors_info=\u00bb{}\u00bb][et_pb_row column_structure=\u00bb1_2,1_2&#8243; _builder_version=\u00bb4.24.2&#8243; _module_preset=\u00bbdefault\u00bb global_colors_info=\u00bb{}\u00bb][et_pb_column type=\u00bb1_2&#8243; _builder_version=\u00bb4.24.2&#8243; _module_preset=\u00bbdefault\u00bb custom_padding=\u00bb80px||||false|false\u00bb animation_style=\u00bbslide\u00bb animation_duration=\u00bb1500ms\u00bb animation_delay=\u00bb50ms\u00bb global_colors_info=\u00bb{}\u00bb][et_pb_image src=\u00bbhttps:\/\/trintco.de\/wp-content\/uploads\/2024\/03\/blase.png\u00bb alt=\u00bbTrintCo\u00ae Coaching intercultural triling\u00fce\u00bb title_text=\u00bbTrintCo\u00ae Coaching intercultural triling\u00fce\u00bb _builder_version=\u00bb4.27.0&#8243; _module_preset=\u00bbdefault\u00bb custom_margin_tablet=\u00bb\u00bb custom_margin_phone=\u00bb-100px||||false|false\u00bb custom_margin_last_edited=\u00bbon|phone\u00bb global_colors_info=\u00bb{}\u00bb][\/et_pb_image][\/et_pb_column][et_pb_column type=\u00bb1_2&#8243; _builder_version=\u00bb4.24.2&#8243; _module_preset=\u00bbdefault\u00bb global_colors_info=\u00bb{}\u00bb][et_pb_text module_class=\u00bbhoverlinkow\u00bb _builder_version=\u00bb4.24.3&#8243; _module_preset=\u00bbdefault\u00bb global_colors_info=\u00bb{}\u00bb]<\/p>\n<p>TrintCo\u00ae se fund\u00f3 en 2014 e inicialmente significaba <strong>Coaching<\/strong> <strong>intercultural<\/strong> <strong>triling\u00fce<\/strong>.<\/p>\n<p>La idea original era <strong>entrenar<\/strong> (\u00abco\u00bb) a equipos interculturales (\u00abint\u00bb) en alem\u00e1n, ingl\u00e9s y espa\u00f1ol (\u00abtri\u00bb).<\/p>\n<p>Durante Corona, ya no pude hacer estas sesiones de formaci\u00f3n y, despu\u00e9s de Corona, cada vez m\u00e1s empresas empezaron a hacer m\u00e1s atractivo el trabajo desde casa.<br \/>\nAs\u00ed que tuve que reorganizarme. <\/p>\n<p>Hoy, TrintCo\u00ae es sin\u00f3nimo de Comunicaci\u00f3n intercultural triling\u00fce y ofrece <strong>tres grandes \u00e1reas en l\u00ednea<\/strong>: <strong>Formaci\u00f3n ling\u00fc\u00edstica y preparaci\u00f3n de ex\u00e1menes<\/strong>, <strong>Alem\u00e1n e ingl\u00e9s para ingenieros<\/strong> y <strong>Wait &amp; Train\u00ae<\/strong>.<\/p>\n<p>Todas las formaciones se basan en mi <a href=\"formaci\u00f3n ling\u00fc\u00edstica en l\u00ednea\/m\u00e9todo 7-S\"><strong>m\u00e9todo 7-S<\/strong><\/a> y mi <a href=\"#Themengrammatik\"><strong>Gram\u00e1tica Tem\u00e1tica TrintCo<\/strong><\/a> y se basan en la ciencia de la Psicolog\u00eda Positiva y la Comunicaci\u00f3n Consciente.<\/p>\n<p>[\/et_pb_text][\/et_pb_column][\/et_pb_row][\/et_pb_section][et_pb_section fb_built=\u00bb1&#8243; _builder_version=\u00bb4.27.0&#8243; _module_preset=\u00bbdefault\u00bb background_enable_color=\u00bboff\u00bb background_image=\u00bbhttps:\/\/trintco.de\/wp-content\/uploads\/2024\/08\/Sprachenlernen1.jpg\u00bb parallax=\u00bbon\u00bb parallax_method=\u00bboff\u00bb global_colors_info=\u00bb{}\u00bb][et_pb_row _builder_version=\u00bb4.24.3&#8243; _module_preset=\u00bbdefault\u00bb background_color=\u00bbrgba(255,255,255,0.78)\u00bb width=\u00bb30%\u00bb width_tablet=\u00bb86%\u00bb width_phone=\u00bb70%\u00bb width_last_edited=\u00bbon|phone\u00bb animation_style=\u00bbslide\u00bb animation_duration=\u00bb1050ms\u00bb border_radii=\u00bbon|10px|10px|10px|10px\u00bb locked=\u00bboff\u00bb global_colors_info=\u00bb{}\u00bb width__hover_enabled=\u00bboff|desktop\u00bb][et_pb_column type=\u00bb4_4&#8243; _builder_version=\u00bb4.24.2&#8243; _module_preset=\u00bbdefault\u00bb global_colors_info=\u00bb{}\u00bb][et_pb_text _builder_version=\u00bb4.27.0&#8243; _module_preset=\u00bbdefault\u00bb text_text_color=\u00bbrgba(254,152,0,0.16)\u00bb text_font_size=\u00bb17px\u00bb header_font=\u00bb||||||||\u00bb header_text_color=\u00bbrgba(254,152,0,0.16)\u00bb header_font_size=\u00bb62px\u00bb header_2_font_size=\u00bb62px\u00bb header_2_line_height=\u00bb1em\u00bb custom_padding=\u00bb17px||5px||false|false\u00bb animation_style=\u00bbslide\u00bb animation_duration=\u00bb1200ms\u00bb animation_delay=\u00bb100ms\u00bb global_colors_info=\u00bb{}\u00bb]<\/p>\n<h2 style=\"text-align: center;\"><span style=\"color: #e09900;\">Formaci\u00f3n ling\u00fc\u00edstica en l\u00ednea<\/span><\/h2>\n<p>[\/et_pb_text][et_pb_text _builder_version=\u00bb4.27.0&#8243; _module_preset=\u00bbdefault\u00bb text_font_size=\u00bb22px\u00bb text_line_height=\u00bb1.4em\u00bb header_font=\u00bb||||||||\u00bb header_font_size=\u00bb62px\u00bb header_line_height=\u00bb1.1em\u00bb header_3_line_height=\u00bb1.4em\u00bb custom_padding=\u00bb17px||5px||false|false\u00bb animation_style=\u00bbslide\u00bb animation_duration=\u00bb1200ms\u00bb animation_delay=\u00bb100ms\u00bb global_colors_info=\u00bb{}\u00bb]<\/p>\n<h3 style=\"text-align: center;\"><span style=\"color: #e09900;\">M\u00e9todo 7-S &#8211; Preparaci\u00f3n de ex\u00e1menes &#8211; Formaci\u00f3n ling\u00fc\u00edstica &#8211; TemasGram\u00e1tica<br \/><\/span><\/h3>\n<p>[\/et_pb_text][\/et_pb_column][\/et_pb_row][et_pb_row _builder_version=\u00bb4.24.3&#8243; _module_preset=\u00bbdefault\u00bb global_colors_info=\u00bb{}\u00bb][et_pb_column type=\u00bb4_4&#8243; _builder_version=\u00bb4.24.2&#8243; _module_preset=\u00bbdefault\u00bb global_colors_info=\u00bb{}\u00bb][et_pb_text module_class=\u00bbhoverlinkow\u00bb _builder_version=\u00bb4.27.0&#8243; _module_preset=\u00bbdefault\u00bb background_color=\u00bbrgba(255,255,255,0.6)\u00bb custom_padding=\u00bb20px|15px|20px|15px|false|false\u00bb border_radii=\u00bbon|10px|10px|10px|10px\u00bb global_colors_info=\u00bb{}\u00bb]<\/p>\n<p>\u00bfTe gustar\u00eda mejorar <strong>tus conocimientos ling\u00fc\u00edsticos<\/strong> por motivos profesionales o privados?<br \/>\n\u00bfYa te resultaba molesta la obstinada memorizaci\u00f3n de vocabulario en la escuela?<br \/>\nDescubre aqu\u00ed qu\u00e9 opciones hay para memorizar vocabulario y palabras nuevas de <strong>forma m\u00e1s amena<\/strong>.  <\/p>\n<p>Con mi <strong>m\u00e9todo 7-S<\/strong> y mi autodesarrollo orientado a la pr\u00e1ctica <a href=\"#Themengrammatik\"><strong>Gram\u00e1tica Tem\u00e1tica TrintCo<\/strong><\/a> experimentar\u00e1s el mundo de la gram\u00e1tica, que <strong>\u00abcaptar\u00e1s\u00bb visualmente<\/strong> mediante <strong>acentos de <span style=\"color: #0000ff;\">color<\/span> y una estructura l\u00f3gica.<\/strong><\/p>\n<p>Acompa\u00f1ado de mis <a href=\"#Themengrammatik\"><strong>Temas de gram\u00e1tica TrintCo<\/strong><\/a> va acompa\u00f1ado de muchos ejercicios que se apoyan unos en otros para ayudarte a <strong>comprender y aplicar<\/strong> los distintos <strong>temas<\/strong>.<\/p>\n<p>Benef\u00edciate de mis <strong>cursos de idiomas online<\/strong> para alem\u00e1n e ingl\u00e9s y maximiza tus oportunidades profesionales.<\/p>\n<p>Mis <strong>cursos online de preparaci\u00f3n de ex\u00e1menes<\/strong> te dan la oportunidad de prepararte para el <strong>examen Telc<\/strong> <strong>de alem\u00e1n A1-C2<\/strong>.<br \/>\nLas clases son <strong>personalizadas e individuales<\/strong>. <\/p>\n<p>[\/et_pb_text][et_pb_button button_url=\u00bb@ET-DC@eyJkeW5hbWljIjp0cnVlLCJjb250ZW50IjoicG9zdF9saW5rX3VybF9wYWdlIiwic2V0dGluZ3MiOnsicG9zdF9pZCI6IjEyMyJ9fQ==@\u00bb button_text=\u00bbSABER M\u00c1S\u00bb button_alignment=\u00bbcenter\u00bb _builder_version=\u00bb4.24.3&#8243; _dynamic_attributes=\u00bbbutton_url\u00bb _module_preset=\u00bbdefault\u00bb custom_button=\u00bbon\u00bb button_text_color=\u00bb#ffffff\u00bb button_bg_color=\u00bb#fe9800&#8243; button_border_width=\u00bb0px\u00bb button_border_radius=\u00bb6px\u00bb button_font=\u00bb||||||||\u00bb custom_margin=\u00bb-6px||14px||false|false\u00bb custom_margin_tablet=\u00bb-6px||14px||false|false\u00bb custom_margin_phone=\u00bb-15px||||false|false\u00bb custom_margin_last_edited=\u00bbon|phone\u00bb animation_style=\u00bbslide\u00bb locked=\u00bboff\u00bb global_colors_info=\u00bb{}\u00bb][\/et_pb_button][\/et_pb_column][\/et_pb_row][\/et_pb_section][et_pb_section fb_built=\u00bb1&#8243; _builder_version=\u00bb4.24.3&#8243; _module_preset=\u00bbdefault\u00bb background_color=\u00bbrgba(254,152,0,0.16)\u00bb global_colors_info=\u00bb{}\u00bb][et_pb_row _builder_version=\u00bb4.24.3&#8243; _module_preset=\u00bbdefault\u00bb background_color=\u00bb#f2f2f2&#8243; width=\u00bb30%\u00bb width_tablet=\u00bb86%\u00bb width_phone=\u00bb70%\u00bb width_last_edited=\u00bbon|phone\u00bb animation_style=\u00bbslide\u00bb animation_duration=\u00bb1050ms\u00bb border_radii=\u00bbon|10px|10px|10px|10px\u00bb locked=\u00bboff\u00bb global_colors_info=\u00bb{}\u00bb width__hover_enabled=\u00bboff|desktop\u00bb][et_pb_column type=\u00bb4_4&#8243; _builder_version=\u00bb4.24.2&#8243; _module_preset=\u00bbdefault\u00bb global_colors_info=\u00bb{}\u00bb][et_pb_text _builder_version=\u00bb4.27.0&#8243; _module_preset=\u00bbdefault\u00bb text_text_color=\u00bbrgba(254,152,0,0.16)\u00bb text_font_size=\u00bb17px\u00bb header_font=\u00bb||||||||\u00bb header_text_color=\u00bbrgba(254,152,0,0.16)\u00bb header_font_size=\u00bb62px\u00bb header_2_font_size=\u00bb62px\u00bb header_2_line_height=\u00bb1em\u00bb custom_padding=\u00bb5px|5px|5px|5px|false|false\u00bb animation_style=\u00bbslide\u00bb animation_duration=\u00bb1200ms\u00bb animation_delay=\u00bb100ms\u00bb global_colors_info=\u00bb{}\u00bb]<\/p>\n<h2 style=\"text-align: center;\"><span style=\"color: #e09900;\">Alem\u00e1n e ingl\u00e9s en l\u00ednea para ingenieros<\/span><\/h2>\n<p>[\/et_pb_text][et_pb_text _builder_version=\u00bb4.27.0&#8243; _module_preset=\u00bbdefault\u00bb text_font_size=\u00bb20px\u00bb header_font=\u00bb||||||||\u00bb header_font_size=\u00bb62px\u00bb header_line_height=\u00bb1.1em\u00bb header_2_font_size=\u00bb22px\u00bb header_3_line_height=\u00bb1em\u00bb custom_padding=\u00bb17px||5px||false|false\u00bb animation_style=\u00bbslide\u00bb animation_duration=\u00bb1200ms\u00bb animation_delay=\u00bb100ms\u00bb global_colors_info=\u00bb{}\u00bb]<\/p>\n<h3 style=\"text-align: center;\"><span style=\"color: #e09900;\">\u00danico para ingenieros<br \/><\/span><\/h3>\n<p>[\/et_pb_text][\/et_pb_column][\/et_pb_row][et_pb_row _builder_version=\u00bb4.24.3&#8243; _module_preset=\u00bbdefault\u00bb global_colors_info=\u00bb{}\u00bb][et_pb_column type=\u00bb4_4&#8243; _builder_version=\u00bb4.24.2&#8243; _module_preset=\u00bbdefault\u00bb global_colors_info=\u00bb{}\u00bb][et_pb_text _builder_version=\u00bb4.27.0&#8243; _module_preset=\u00bbdefault\u00bb global_colors_info=\u00bb{}\u00bb]<\/p>\n<p>Te proporciono todo lo que necesitas como <strong>ingeniero en tu profesi\u00f3n<\/strong>.<br \/>\n\u00a1Esta formaci\u00f3n online exclusivamente especializada es realmente <strong>\u00fanica<\/strong>! Como traductora jurada de tecnolog\u00eda, puedo ayudarte con la <strong>terminolog\u00eda en lengua extranjera<\/strong> y las <strong>distintas descripciones de los procesos<\/strong>. <\/p>\n<p>Combinar\u00e1s tu especializaci\u00f3n con el aprendizaje de la lengua extranjera y ser\u00e1s capaz de explicar <strong>procesos importantes con frases sencillas<\/strong>, incluso a nivel A2.<\/p>\n<p>En el <strong>correo electr\u00f3nico multicultural<\/strong> aprender\u00e1s lo <strong>que hay que hacer y lo que no hay que hacer en la comunicaci\u00f3n escrita.<\/strong><\/p>\n<p>Inf\u00f3rmate y <strong>optimiza tus oportunidades profesionales<\/strong> con nuestra formaci\u00f3n ling\u00fc\u00edstica especializada para ingenieros.<\/p>\n<p>[\/et_pb_text][et_pb_button button_url=\u00bb@ET-DC@eyJkeW5hbWljIjp0cnVlLCJjb250ZW50IjoicG9zdF9saW5rX3VybF9wYWdlIiwic2V0dGluZ3MiOnsicG9zdF9pZCI6IjE2MyJ9fQ==@\u00bb button_text=\u00bbSABER M\u00c1S\u00bb button_alignment=\u00bbcenter\u00bb _builder_version=\u00bb4.24.3&#8243; _dynamic_attributes=\u00bbbutton_url\u00bb _module_preset=\u00bbdefault\u00bb custom_button=\u00bbon\u00bb button_text_color=\u00bb#ffffff\u00bb button_bg_color=\u00bb#fe9800&#8243; button_border_width=\u00bb0px\u00bb button_border_radius=\u00bb6px\u00bb button_font=\u00bb||||||||\u00bb custom_margin=\u00bb-6px||14px||false|false\u00bb custom_margin_tablet=\u00bb-6px||14px||false|false\u00bb custom_margin_phone=\u00bb-15px||||false|false\u00bb custom_margin_last_edited=\u00bbon|phone\u00bb animation_style=\u00bbslide\u00bb locked=\u00bboff\u00bb global_colors_info=\u00bb{}\u00bb][\/et_pb_button][\/et_pb_column][\/et_pb_row][\/et_pb_section][et_pb_section fb_built=\u00bb1&#8243; module_id=\u00bbTema gram\u00e1tica\u00bb _builder_version=\u00bb4.24.3&#8243; _module_preset=\u00bbdefault\u00bb background_image=\u00bbhttps:\/\/trintco.de\/wp-content\/uploads\/2024\/03\/Student-Kopie.jpg\u00bb parallax=\u00bbon\u00bb parallax_method=\u00bboff\u00bb min_height=\u00bb800px\u00bb height=\u00bb800px\u00bb custom_padding=\u00bb||685px|||\u00bb global_colors_info=\u00bb{}\u00bb][et_pb_row column_structure=\u00bb1_2,1_2&#8243; _builder_version=\u00bb4.24.2&#8243; _module_preset=\u00bbdefault\u00bb width=\u00bb90%\u00bb max_width=\u00bb1136px\u00bb custom_margin=\u00bb35px||||false|false\u00bb global_colors_info=\u00bb{}\u00bb][et_pb_column type=\u00bb1_2&#8243; _builder_version=\u00bb4.24.2&#8243; _module_preset=\u00bbdefault\u00bb background_color=\u00bb#FFFFFF\u00bb custom_padding=\u00bb80px|||15px|false|false\u00bb animation_style=\u00bbslide\u00bb animation_duration=\u00bb1500ms\u00bb animation_delay=\u00bb50ms\u00bb border_radii=\u00bbon|10px|10px|10px|10px\u00bb global_colors_info=\u00bb{}\u00bb][et_pb_text _builder_version=\u00bb4.27.0&#8243; _module_preset=\u00bbdefault\u00bb text_font_size=\u00bb22px\u00bb text_line_height=\u00bb1.4em\u00bb header_font_size=\u00bb39px\u00bb header_line_height=\u00bb1.1em\u00bb header_3_line_height=\u00bb1.4em\u00bb header_4_font_size=\u00bb25px\u00bb width=\u00bb97%\u00bb custom_margin=\u00bb-57px|2px|||false|false\u00bb global_colors_info=\u00bb{}\u00bb]<\/p>\n<h2><span style=\"color: #34495e;\">Gram\u00e1tica tem\u00e1tica TrintCo<\/span><span style=\"color: #34495e;\"><\/span><\/h2>\n<h3><span style=\"color: #34495e;\">\u00a1Alcanza tu objetivo con claridad y estructura!<\/span><\/h3>\n<p>[\/et_pb_text][et_pb_text _builder_version=\u00bb4.27.0&#8243; _module_preset=\u00bbdefault\u00bb header_font_size=\u00bb39px\u00bb header_4_font_size=\u00bb25px\u00bb width=\u00bb97%\u00bb custom_margin_tablet=\u00bb|4px|||false|false\u00bb custom_margin_phone=\u00bb|4px|||false|false\u00bb custom_margin_last_edited=\u00bbon|desktop\u00bb global_colors_info=\u00bb{}\u00bb]<\/p>\n<p>\u00bfPor qu\u00e9 dise\u00f1\u00e9 TrintCo\u00ae ThemenGrammatik?<\/p>\n<p>En muchos libros de texto, la gram\u00e1tica no se explica lo suficiente y los ejercicios no bastan para comprender y\/o consolidar lo nuevo. Por eso he creado en los \u00faltimos a\u00f1os una gram\u00e1tica h\u00e1ptica, que est\u00e1<strong> estructurada l\u00f3gicamente<\/strong> con <strong><span style=\"color: #993300;\">colores<\/span><\/strong> y contiene<strong> muchos ejercicios<\/strong>.<\/p>\n<p>[\/et_pb_text][et_pb_button button_url=\u00bbhttps:\/\/trintco.de\/es\/online-sprachentrainings\/#ThemenGrammatik\u00bb button_text=\u00bbSABER M\u00c1S\u00bb button_alignment=\u00bbcenter\u00bb _builder_version=\u00bb4.24.3&#8243; _module_preset=\u00bbdefault\u00bb custom_button=\u00bbon\u00bb button_text_color=\u00bb#ffffff\u00bb button_bg_color=\u00bb#fe9800&#8243; button_border_width=\u00bb0px\u00bb button_border_radius=\u00bb6px\u00bb button_font=\u00bb||||||||\u00bb custom_margin=\u00bb-6px||14px||false|false\u00bb custom_margin_tablet=\u00bb-6px||14px||false|false\u00bb custom_margin_phone=\u00bb-15px||||false|false\u00bb custom_margin_last_edited=\u00bbon|phone\u00bb animation_style=\u00bbslide\u00bb locked=\u00bboff\u00bb global_colors_info=\u00bb{}\u00bb][\/et_pb_button][\/et_pb_column][et_pb_column type=\u00bb1_2&#8243; _builder_version=\u00bb4.24.2&#8243; _module_preset=\u00bbdefault\u00bb global_colors_info=\u00bb{}\u00bb][\/et_pb_column][\/et_pb_row][\/et_pb_section][et_pb_section fb_built=\u00bb1&#8243; _builder_version=\u00bb4.24.3&#8243; _module_preset=\u00bbdefault\u00bb height=\u00bb700px\u00bb height_tablet=\u00bb1000px\u00bb height_phone=\u00bb1070px\u00bb height_last_edited=\u00bbon|phone\u00bb custom_margin=\u00bb||||false|false\u00bb custom_margin_tablet=\u00bb||||false|false\u00bb custom_margin_phone=\u00bb||20px||false|false\u00bb custom_margin_last_edited=\u00bbon|phone\u00bb custom_padding=\u00bb||||false|false\u00bb global_colors_info=\u00bb{}\u00bb][et_pb_row column_structure=\u00bb1_2,1_2&#8243; _builder_version=\u00bb4.24.2&#8243; _module_preset=\u00bbdefault\u00bb global_colors_info=\u00bb{}\u00bb][et_pb_column type=\u00bb1_2&#8243; _builder_version=\u00bb4.24.2&#8243; _module_preset=\u00bbdefault\u00bb global_colors_info=\u00bb{}\u00bb][et_pb_image src=\u00bbhttps:\/\/trintco.de\/wp-content\/uploads\/2024\/03\/Renee1.jpeg\u00bb align=\u00bbcenter\u00bb _builder_version=\u00bb4.24.2&#8243; _module_preset=\u00bbdefault\u00bb min_height=\u00bb452px\u00bb animation_style=\u00bbslide\u00bb animation_duration=\u00bb2000ms\u00bb border_radii=\u00bbon|10px|10px|10px|10px\u00bb global_colors_info=\u00bb{}\u00bb][\/et_pb_image][\/et_pb_column][et_pb_column type=\u00bb1_2&#8243; _builder_version=\u00bb4.24.2&#8243; _module_preset=\u00bbdefault\u00bb global_colors_info=\u00bb{}\u00bb][et_pb_text _builder_version=\u00bb4.27.0&#8243; _module_preset=\u00bbdefault\u00bb text_font_size=\u00bb22px\u00bb text_line_height=\u00bb1.3em\u00bb header_font_size=\u00bb39px\u00bb header_3_line_height=\u00bb1.4em\u00bb header_4_font_size=\u00bb25px\u00bb custom_margin=\u00bb45px||||false|false\u00bb custom_margin_tablet=\u00bb45px||||false|false\u00bb custom_margin_phone=\u00bb20px||||false|false\u00bb custom_margin_last_edited=\u00bbon|phone\u00bb global_colors_info=\u00bb{}\u00bb]<\/p>\n<h2><span style=\"color: #34495e;\">Sobre m\u00ed<\/span><span style=\"color: #34495e;\"><\/span><\/h2>\n<h3><span style=\"color: #34495e;\">Dominio de tres idiomas<\/span><\/h3>\n<p>[\/et_pb_text][et_pb_text _builder_version=\u00bb4.24.3&#8243; _module_preset=\u00bbdefault\u00bb custom_padding=\u00bb||10px||false|false\u00bb global_colors_info=\u00bb{}\u00bb]<\/p>\n<p>Crec\u00ed en cinco pa\u00edses diferentes -en y con culturas diferentes- (Venezuela, Pakist\u00e1n, Chile, Argentina y EE.UU.) y, por tanto, hablo <strong>tres idiomas con fluidez<\/strong>: <strong>alem\u00e1n<\/strong>, <strong>ingl\u00e9s<\/strong> y <strong>espa\u00f1ol<\/strong>.<\/p>\n<p>Me llev\u00f3 mucho tiempo encontrar finalmente aquello por lo que late mi coraz\u00f3n.<br \/>\nY eso es exactamente lo que hago hoy <strong>con amor y pasi\u00f3n<\/strong>. <\/p>\n<p>[\/et_pb_text][et_pb_button button_url=\u00bb@ET-DC@eyJkeW5hbWljIjp0cnVlLCJjb250ZW50IjoicG9zdF9saW5rX3VybF9wYWdlIiwic2V0dGluZ3MiOnsicG9zdF9pZCI6IjIwOCJ9fQ==@\u00bb button_text=\u00bbSABER M\u00c1S\u00bb button_alignment=\u00bbcenter\u00bb _builder_version=\u00bb4.24.3&#8243; _dynamic_attributes=\u00bbbutton_url\u00bb _module_preset=\u00bbdefault\u00bb custom_button=\u00bbon\u00bb button_text_color=\u00bb#ffffff\u00bb button_bg_color=\u00bb#fe9800&#8243; button_border_width=\u00bb0px\u00bb button_border_radius=\u00bb6px\u00bb button_font=\u00bb||||||||\u00bb custom_margin_tablet=\u00bb\u00bb custom_margin_phone=\u00bb-15px||||false|false\u00bb custom_margin_last_edited=\u00bbon|phone\u00bb animation_style=\u00bbslide\u00bb locked=\u00bboff\u00bb global_colors_info=\u00bb{}\u00bb][\/et_pb_button][\/et_pb_column][\/et_pb_row][\/et_pb_section][et_pb_section fb_built=\u00bb1&#8243; _builder_version=\u00bb4.27.0&#8243; _module_preset=\u00bbdefault\u00bb background_image=\u00bbhttps:\/\/trintco.de\/wp-content\/uploads\/2024\/08\/Foto_Kontakt_Startseite-scaled-1.webp\u00bb parallax=\u00bbon\u00bb parallax_method=\u00bboff\u00bb custom_padding=\u00bb||387px|||\u00bb global_colors_info=\u00bb{}\u00bb][et_pb_row _builder_version=\u00bb4.24.2&#8243; _module_preset=\u00bbdefault\u00bb background_color=\u00bbrgba(255,255,255,0.55)\u00bb width=\u00bb79%\u00bb max_width=\u00bb730px\u00bb custom_margin=\u00bb133px||||false|false\u00bb custom_padding=\u00bb|15px||15px|false|false\u00bb animation_style=\u00bbslide\u00bb animation_duration=\u00bb1050ms\u00bb animation_delay=\u00bb50ms\u00bb border_radii=\u00bbon|10px|10px|10px|10px\u00bb global_colors_info=\u00bb{}\u00bb][et_pb_column type=\u00bb4_4&#8243; _builder_version=\u00bb4.24.2&#8243; _module_preset=\u00bbdefault\u00bb animation_style=\u00bbslide\u00bb animation_duration=\u00bb1050ms\u00bb animation_delay=\u00bb50ms\u00bb global_colors_info=\u00bb{}\u00bb][et_pb_text _builder_version=\u00bb4.27.0&#8243; _module_preset=\u00bbdefault\u00bb text_font_size=\u00bb39px\u00bb text_line_height=\u00bb1.1em\u00bb header_font_size=\u00bb39px\u00bb custom_padding=\u00bb||4px||false|false\u00bb global_colors_info=\u00bb{}\u00bb]<\/p>\n<p style=\"text-align: center;\">Contacta con nosotros<\/p>\n<p>[\/et_pb_text][et_pb_text _builder_version=\u00bb4.24.2&#8243; _module_preset=\u00bbdefault\u00bb custom_padding=\u00bb||17px||false|false\u00bb global_colors_info=\u00bb{}\u00bb]<\/p>\n<p style=\"text-align: center;\">\u00bfTe interesa trabajar conmigo?<br \/>\nEntonces no dudes en ponerte en contacto conmigo a trav\u00e9s de mi formulario de contacto.<br \/>\n\u00a1Te responder\u00e9 inmediatamente!  <\/p>\n<p>[\/et_pb_text][et_pb_button button_url=\u00bb@ET-DC@eyJkeW5hbWljIjp0cnVlLCJjb250ZW50IjoicG9zdF9saW5rX3VybF9wYWdlIiwic2V0dGluZ3MiOnsicG9zdF9pZCI6IjI2NiJ9fQ==@\u00bb button_text=\u00bbFORMULARIO DE CONTACTO\u00bb button_alignment=\u00bbcenter\u00bb _builder_version=\u00bb4.24.3&#8243; _dynamic_attributes=\u00bbbutton_url\u00bb _module_preset=\u00bbdefault\u00bb custom_button=\u00bbon\u00bb button_text_color=\u00bb#ffffff\u00bb button_bg_color=\u00bb#fe9800&#8243; button_border_width=\u00bb0px\u00bb button_border_radius=\u00bb6px\u00bb button_font=\u00bb||||||||\u00bb custom_margin=\u00bb-6px||14px||false|false\u00bb animation_style=\u00bbslide\u00bb locked=\u00bboff\u00bb global_colors_info=\u00bb{}\u00bb][\/et_pb_button][\/et_pb_column][\/et_pb_row][\/et_pb_section]<\/p>\n","protected":false},"excerpt":{"rendered":"<p>TrintCo Comunicaci\u00f3n intercultural triling\u00fce La lengua por s\u00ed sola no basta para dar en el clavo.TrintCo\u00ae se fund\u00f3 en 2014 e inicialmente significaba Coaching intercultural triling\u00fce. La idea original era entrenar (\u00abco\u00bb) a equipos interculturales (\u00abint\u00bb) en alem\u00e1n, ingl\u00e9s y espa\u00f1ol (\u00abtri\u00bb). Durante Corona, ya no pude hacer estas sesiones de formaci\u00f3n y, despu\u00e9s de [&hellip;]<\/p>\n","protected":false},"author":13,"featured_media":0,"parent":0,"menu_order":0,"comment_status":"closed","ping_status":"closed","template":"","meta":{"_et_pb_use_builder":"on","_et_pb_old_content":"","_et_gb_content_width":"","footnotes":""},"class_list":["post-1408","page","type-page","status-publish","hentry"],"_links":{"self":[{"href":"https:\/\/trintco.de\/es\/wp-json\/wp\/v2\/pages\/1408","targetHints":{"allow":["GET"]}}],"collection":[{"href":"https:\/\/trintco.de\/es\/wp-json\/wp\/v2\/pages"}],"about":[{"href":"https:\/\/trintco.de\/es\/wp-json\/wp\/v2\/types\/page"}],"author":[{"embeddable":true,"href":"https:\/\/trintco.de\/es\/wp-json\/wp\/v2\/users\/13"}],"replies":[{"embeddable":true,"href":"https:\/\/trintco.de\/es\/wp-json\/wp\/v2\/comments?post=1408"}],"version-history":[{"count":10,"href":"https:\/\/trintco.de\/es\/wp-json\/wp\/v2\/pages\/1408\/revisions"}],"predecessor-version":[{"id":1805,"href":"https:\/\/trintco.de\/es\/wp-json\/wp\/v2\/pages\/1408\/revisions\/1805"}],"wp:attachment":[{"href":"https:\/\/trintco.de\/es\/wp-json\/wp\/v2\/media?parent=1408"}],"curies":[{"name":"wp","href":"https:\/\/api.w.org\/{rel}","templated":true}]}}