{"id":1406,"date":"2024-08-10T16:56:10","date_gmt":"2024-08-10T14:56:10","guid":{"rendered":"https:\/\/trintco.de\/ueber-mich\/"},"modified":"2025-02-26T23:26:49","modified_gmt":"2025-02-26T22:26:49","slug":"ueber-mich","status":"publish","type":"page","link":"https:\/\/trintco.de\/es\/ueber-mich\/","title":{"rendered":"Sobre m\u00ed"},"content":{"rendered":"<p>[et_pb_section fb_built=\u00bb1&#8243; _builder_version=\u00bb4.24.2&#8243; _module_preset=\u00bbdefault\u00bb background_image=\u00bbhttps:\/\/trintco.de\/wp-content\/uploads\/2024\/04\/world-globe-traveler-small-1.jpg\u00bb parallax=\u00bbon\u00bb min_height=\u00bb690px\u00bb height=\u00bb514px\u00bb max_height=\u00bb1000px\u00bb global_colors_info=\u00bb{}\u00bb][et_pb_row _builder_version=\u00bb4.24.3&#8243; _module_preset=\u00bbdefault\u00bb background_color=\u00bbrgba(214,214,214,0.47)\u00bb width=\u00bb30%\u00bb width_tablet=\u00bb86%\u00bb width_phone=\u00bb70%\u00bb width_last_edited=\u00bbon|phone\u00bb custom_margin=\u00bb72px||||false|false\u00bb animation_style=\u00bbslide\u00bb animation_duration=\u00bb1050ms\u00bb border_radii=\u00bbon|10px|10px|10px|10px\u00bb global_colors_info=\u00bb{}\u00bb][et_pb_column type=\u00bb4_4&#8243; _builder_version=\u00bb4.24.2&#8243; _module_preset=\u00bbdefault\u00bb global_colors_info=\u00bb{}\u00bb][et_pb_text _builder_version=\u00bb4.27.0&#8243; _module_preset=\u00bbdefault\u00bb text_font_size=\u00bb17px\u00bb header_font=\u00bb||||||||\u00bb header_font_size=\u00bb62px\u00bb custom_padding=\u00bb17px||5px||false|false\u00bb animation_style=\u00bbslide\u00bb animation_duration=\u00bb1200ms\u00bb animation_delay=\u00bb100ms\u00bb header_font_size_phone=\u00bb31px\u00bb global_colors_info=\u00bb{}\u00bb]<\/p>\n<h1 style=\"text-align: center;\"><span style=\"color: #ffffff;\">Sobre m\u00ed<br \/><\/span><\/h1>\n<p>[\/et_pb_text][et_pb_text _builder_version=\u00bb4.27.0&#8243; _module_preset=\u00bbdefault\u00bb text_font_size=\u00bb20px\u00bb header_font=\u00bb||||||||\u00bb header_font_size=\u00bb62px\u00bb header_2_font_size=\u00bb22px\u00bb header_2_line_height=\u00bb1.4em\u00bb custom_padding=\u00bb17px||5px||false|false\u00bb animation_style=\u00bbslide\u00bb animation_duration=\u00bb1200ms\u00bb animation_delay=\u00bb100ms\u00bb header_2_font_size_phone=\u00bb22px\u00bb global_colors_info=\u00bb{}\u00bb]<\/p>\n<h2 style=\"text-align: center;\"><span style=\"color: #ffffff;\">Hablo tres idiomas con fluidez<br \/><\/span><\/h2>\n<p>[\/et_pb_text][\/et_pb_column][\/et_pb_row][\/et_pb_section][et_pb_section fb_built=\u00bb1&#8243; _builder_version=\u00bb4.24.2&#8243; _module_preset=\u00bbdefault\u00bb global_colors_info=\u00bb{}\u00bb][et_pb_row column_structure=\u00bb1_2,1_2&#8243; _builder_version=\u00bb4.24.2&#8243; _module_preset=\u00bbdefault\u00bb global_colors_info=\u00bb{}\u00bb][et_pb_column type=\u00bb1_2&#8243; _builder_version=\u00bb4.24.2&#8243; _module_preset=\u00bbdefault\u00bb animation_style=\u00bbslide\u00bb animation_duration=\u00bb1500ms\u00bb animation_delay=\u00bb50ms\u00bb global_colors_info=\u00bb{}\u00bb][et_pb_image src=\u00bbhttps:\/\/trintco.de\/wp-content\/uploads\/2024\/03\/Renee1.jpeg\u00bb alt=\u00bbRen\u00e9e Mueller-Naendrup\u00bb title_text=\u00bbRen\u00e9e Mueller-Naendrup\u00bb align=\u00bbcenter\u00bb _builder_version=\u00bb4.24.2&#8243; _module_preset=\u00bbdefault\u00bb animation_style=\u00bbslide\u00bb animation_duration=\u00bb1050ms\u00bb animation_delay=\u00bb50ms\u00bb global_colors_info=\u00bb{}\u00bb][\/et_pb_image][\/et_pb_column][et_pb_column type=\u00bb1_2&#8243; _builder_version=\u00bb4.24.2&#8243; _module_preset=\u00bbdefault\u00bb global_colors_info=\u00bb{}\u00bb][et_pb_text _builder_version=\u00bb4.24.3&#8243; _module_preset=\u00bbdefault\u00bb global_colors_info=\u00bb{}\u00bb]<\/p>\n<p>Crec\u00ed en y con la cultura de <strong>cinco pa\u00edses diferentes<\/strong> (Venezuela, Pakist\u00e1n, Chile, Argentina y EE.UU.), por lo que hablo <strong>tres idiomas con fluidez<\/strong>: alem\u00e1n, ingl\u00e9s y espa\u00f1ol.<\/p>\n<p>Me llev\u00f3 mucho tiempo encontrar finalmente aquello por lo que late mi coraz\u00f3n. Hoy, hago exactamente eso con <strong>amor y pasi\u00f3n.<\/strong> Apoyo a las personas en el aprendizaje de una lengua extranjera. De este modo, les ayudo a <strong>comunicarse mejor en su empresa<\/strong>.  <\/p>\n<p><strong>El humor<\/strong> es muy importante para m\u00ed y me r\u00edo muy bien de m\u00ed mismo.<br \/>Por eso es imprescindible en mis sesiones de entrenamiento, igual que <strong>las charlas<\/strong>, porque para m\u00ed, entrenar sin charlas es como\u2026 un coche sin ruedas. <\/p>\n<p>[\/et_pb_text][\/et_pb_column][\/et_pb_row][\/et_pb_section][et_pb_section fb_built=\u00bb1&#8243; _builder_version=\u00bb4.24.2&#8243; _module_preset=\u00bbdefault\u00bb background_color=\u00bbrgba(254,152,0,0.16)\u00bb global_colors_info=\u00bb{}\u00bb][et_pb_row column_structure=\u00bb2_3,1_3&#8243; _builder_version=\u00bb4.24.2&#8243; _module_preset=\u00bbdefault\u00bb animation_style=\u00bbslide\u00bb animation_duration=\u00bb1050ms\u00bb global_colors_info=\u00bb{}\u00bb][et_pb_column type=\u00bb2_3&#8243; _builder_version=\u00bb4.24.2&#8243; _module_preset=\u00bbdefault\u00bb animation_style=\u00bbslide\u00bb animation_duration=\u00bb1500ms\u00bb animation_delay=\u00bb50ms\u00bb global_colors_info=\u00bb{}\u00bb][et_pb_text _builder_version=\u00bb4.27.0&#8243; _module_preset=\u00bbdefault\u00bb header_font_size=\u00bb35px\u00bb header_3_line_height=\u00bb1.4em\u00bb animation_style=\u00bbslide\u00bb animation_duration=\u00bb1050ms\u00bb animation_delay=\u00bb50ms\u00bb global_colors_info=\u00bb{}\u00bb]<\/p>\n<h2>Mi carrera profesional<\/h2>\n<h3>Vivir con las lenguas<\/h3>\n<p>[\/et_pb_text][et_pb_text _builder_version=\u00bb4.27.0&#8243; _module_preset=\u00bbdefault\u00bb global_colors_info=\u00bb{}\u00bb]<\/p>\n<p>Despu\u00e9s de trabajar a tiempo completo durante muchos a\u00f1os en una empresa qu\u00edmica, una empresa de log\u00edstica y un bufete de abogados de renombre, y de dar clases a tiempo parcial durante 10 a\u00f1os en la VHS de Erfurt -m\u00e1s tarde en la VHS de M\u00fanich-, decid\u00ed cambiar radicalmente de vida a los 38 a\u00f1os.<\/p>\n<p>Me hice aut\u00f3noma, <strong>me centr\u00e9 en la formaci\u00f3n ling\u00fc\u00edstica<\/strong> y empec\u00e9 a estudiar. Me alegro de haber tenido el valor de hacer este cambio entonces y nunca me he arrepentido. Sigo disfrutando mucho con mi trabajo y siempre estoy aprendiendo cosas nuevas.  <\/p>\n<p>2<strong>024<\/strong> BAMF ZQ DaZ<em>\u00abCualificaci\u00f3n adicional para profesores de alem\u00e1n como<\/em><em> segunda lengua en la educaci\u00f3n de adultos\u00bb<\/em><\/p>\n<p>g.a.s.t autorizaci\u00f3n DTZ <em>\u00abPrueba de alem\u00e1n para inmigrantes\u00bb<\/em><\/p>\n<p><strong>2021\/22 \u2013 hoy<br \/><\/strong>Examinador y calificador, ex\u00e1menes<em> telc Alem\u00e1n examinador A1-C2, calificador A1-B1<\/em><strong><br \/><\/strong><\/p>\n<p>2<strong>016 &#8211; 2020:<\/strong> Centros de reubicaci\u00f3n,<em>formador ling\u00fc\u00edstico y formador intercultural<\/em> en EE.UU.<\/p>\n<p><strong>2010 &#8211; 2011:<\/strong><em><br \/>Mediadesign Hochschule, M\u00fanich profesora aut\u00f3noma de ingl\u00e9s comercial<\/em><\/p>\n<p>2<strong>004<\/strong> Fundaci\u00f3n de Trintco<\/p>\n<p><strong>2004 \u2013 hasta hoy:<\/strong><br \/><em>Profesora aut\u00f3noma de alem\u00e1n e ingl\u00e9s<\/em> para varios proveedores de idiomas en toda Alemania<\/p>\n<p>2<strong>003 &#8211; 2006:<\/strong> Universidad de Lenguas Aplicadas de la SDI, M\u00fanich<em>Traductora jurada de tecnolog\u00eda y derecho (D\/E)<\/em><\/p>\n<p>[\/et_pb_text][\/et_pb_column][et_pb_column type=\u00bb1_3&#8243; _builder_version=\u00bb4.24.2&#8243; _module_preset=\u00bbdefault\u00bb global_colors_info=\u00bb{}\u00bb][et_pb_image src=\u00bbhttps:\/\/trintco.de\/wp-content\/uploads\/2024\/03\/blase.png\u00bb align=\u00bbcenter\u00bb show_bottom_space_tablet=\u00bb\u00bb show_bottom_space_phone=\u00bb\u00bb show_bottom_space_last_edited=\u00bbon|desktop\u00bb _builder_version=\u00bb4.24.3&#8243; _module_preset=\u00bbdefault\u00bb custom_padding=\u00bb20px||||false|false\u00bb custom_padding_tablet=\u00bb0px||||false|false\u00bb custom_padding_phone=\u00bb0px||||false|false\u00bb custom_padding_last_edited=\u00bbon|desktop\u00bb animation_style=\u00bbslide\u00bb animation_duration=\u00bb1050ms\u00bb animation_delay=\u00bb150ms\u00bb scroll_fade_enable=\u00bbon\u00bb scroll_scaling_enable=\u00bbon\u00bb global_colors_info=\u00bb{}\u00bb transform_styles__hover_enabled=\u00bbon|hover\u00bb transform_scale__hover_enabled=\u00bbon|hover\u00bb transform_translate__hover_enabled=\u00bbon|desktop\u00bb transform_rotate__hover_enabled=\u00bbon|desktop\u00bb transform_skew__hover_enabled=\u00bbon|desktop\u00bb transform_origin__hover_enabled=\u00bbon|desktop\u00bb transform_scale__hover=\u00bb110%|110%\u00bb][\/et_pb_image][et_pb_image src=\u00bbhttps:\/\/trintco.de\/wp-content\/uploads\/2024\/03\/7smethode-1.png\u00bb title_text=\u00bb7m\u00e9todo-1&#8243; align=\u00bbcenter\u00bb _builder_version=\u00bb4.24.3&#8243; _module_preset=\u00bbdefault\u00bb width=\u00bb81%\u00bb max_width=\u00bb100%\u00bb module_alignment=\u00bbcenter\u00bb custom_margin=\u00bb|54px||||\u00bb custom_padding=\u00bb40px||5px||false|false\u00bb custom_padding_tablet=\u00bb5px||||false|false\u00bb custom_padding_phone=\u00bb5px||||false|false\u00bb custom_padding_last_edited=\u00bbon|phone\u00bb animation_style=\u00bbslide\u00bb animation_duration=\u00bb1050ms\u00bb animation_delay=\u00bb300ms\u00bb global_colors_info=\u00bb{}\u00bb transform_styles__hover_enabled=\u00bbon|hover\u00bb transform_scale__hover_enabled=\u00bbon|hover\u00bb transform_translate__hover_enabled=\u00bbon|desktop\u00bb transform_rotate__hover_enabled=\u00bbon|desktop\u00bb transform_skew__hover_enabled=\u00bbon|desktop\u00bb transform_origin__hover_enabled=\u00bbon|desktop\u00bb transform_scale__hover=\u00bb110%|110%\u00bb][\/et_pb_image][et_pb_image src=\u00bbhttps:\/\/trintco.de\/wp-content\/uploads\/2024\/03\/trintcoflyersmall.png\u00bb title_text=\u00bbtrintcoflyersmall\u00bb url=\u00bb@ET-DC@eyJkeW5hbWljIjp0cnVlLCJjb250ZW50IjoicG9zdF9saW5rX3VybF9wYWdlIiwic2V0dGluZ3MiOnsicG9zdF9pZCI6IjE5MiJ9fQ==@\u00bb _builder_version=\u00bb4.24.3&#8243; _dynamic_attributes=\u00bburl\u00bb _module_preset=\u00bbdefault\u00bb custom_padding=\u00bb40px||||false|false\u00bb custom_padding_tablet=\u00bb0px||||false|false\u00bb custom_padding_phone=\u00bb0px||||false|false\u00bb custom_padding_last_edited=\u00bbon|phone\u00bb animation_style=\u00bbslide\u00bb animation_duration=\u00bb1050ms\u00bb animation_delay=\u00bb450ms\u00bb global_colors_info=\u00bb{}\u00bb transform_styles__hover_enabled=\u00bbon|hover\u00bb transform_scale__hover_enabled=\u00bbon|hover\u00bb transform_translate__hover_enabled=\u00bbon|desktop\u00bb transform_rotate__hover_enabled=\u00bbon|desktop\u00bb transform_skew__hover_enabled=\u00bbon|desktop\u00bb transform_origin__hover_enabled=\u00bbon|desktop\u00bb transform_scale__hover=\u00bb131%|131%\u00bb][\/et_pb_image][\/et_pb_column][\/et_pb_row][\/et_pb_section][et_pb_section fb_built=\u00bb1&#8243; _builder_version=\u00bb4.24.2&#8243; _module_preset=\u00bbdefault\u00bb background_enable_color=\u00bboff\u00bb global_colors_info=\u00bb{}\u00bb][et_pb_row column_structure=\u00bb2_5,3_5&#8243; _builder_version=\u00bb4.24.2&#8243; _module_preset=\u00bbdefault\u00bb animation_style=\u00bbslide\u00bb animation_duration=\u00bb1050ms\u00bb global_colors_info=\u00bb{}\u00bb][et_pb_column type=\u00bb2_5&#8243; _builder_version=\u00bb4.24.2&#8243; _module_preset=\u00bbdefault\u00bb global_colors_info=\u00bb{}\u00bb][et_pb_image src=\u00bbhttps:\/\/trintco.de\/wp-content\/uploads\/2024\/03\/Renee2-Original.jpeg\u00bb title_text=\u00bb7m\u00e9todo-1&#8243; align=\u00bbcenter\u00bb _builder_version=\u00bb4.24.2&#8243; _module_preset=\u00bbdefault\u00bb transform_translate=\u00bb3px|0px\u00bb transform_rotate=\u00bb0deg|180deg|0deg\u00bb width=\u00bb63%\u00bb max_width=\u00bb100%\u00bb animation_style=\u00bbslide\u00bb animation_duration=\u00bb1050ms\u00bb animation_delay=\u00bb200ms\u00bb global_colors_info=\u00bb{}\u00bb][\/et_pb_image][\/et_pb_column][et_pb_column type=\u00bb3_5&#8243; _builder_version=\u00bb4.24.2&#8243; _module_preset=\u00bbdefault\u00bb animation_style=\u00bbslide\u00bb animation_duration=\u00bb1500ms\u00bb animation_delay=\u00bb50ms\u00bb global_colors_info=\u00bb{}\u00bb][et_pb_text _builder_version=\u00bb4.27.0&#8243; _module_preset=\u00bbdefault\u00bb header_font_size=\u00bb35px\u00bb header_3_line_height=\u00bb1.4em\u00bb global_colors_info=\u00bb{}\u00bb]<\/p>\n<h2>Mi experiencia<\/h2>\n<h3>\u00a1Experiencia en formaci\u00f3n ling\u00fc\u00edstica!<\/h3>\n<p>[\/et_pb_text][et_pb_text ul_type=\u00bbcircle\u00bb module_class=\u00bbnopadbot\u00bb _builder_version=\u00bb4.27.0&#8243; _module_preset=\u00bbdefault\u00bb text_line_height=\u00bb1.1em\u00bb ul_font_size=\u00bb16px\u00bb ul_line_height=\u00bb1.6em\u00bb header_6_font_size=\u00bb16px\u00bb header_6_line_height=\u00bb1.2em\u00bb animation_style=\u00bbslide\u00bb animation_duration=\u00bb1050ms\u00bb animation_delay=\u00bb50ms\u00bb header_6_font_size_tablet=\u00bb16px\u00bb header_6_font_size_phone=\u00bb16px\u00bb header_6_font_size_last_edited=\u00bbon|phone\u00bb custom_css_free_form=\u00bb.nopadbot p { padding-bottom: 0; }\u00bb global_colors_info=\u00bb{}\u00bb]<\/p>\n<p><strong>Desde 2024<\/strong><\/p>\n<ul>\n<li>Autorizaci\u00f3n BAMF DAZ (alem\u00e1n como segunda lengua)<\/li>\n<li>autorizaci\u00f3n g.a.s.t. DTZ (prueba alemana para inmigrantes)<\/li>\n<\/ul>\n<p><strong>2020 \/ 2021<\/strong><\/p>\n<ul>\n<li>telc gGmbH<\/li>\n<li><strong>Licencia de examinador de alem\u00e1n A1-C2<br \/><\/strong><\/li>\n<li><strong>Licencia alemana de evaluador A1-B2<\/strong><strong><br \/><\/strong><\/li>\n<li>Evaluaci\u00f3n y aceptaci\u00f3n de ex\u00e1menes de idiomas reconocidos internacionalmente<\/li>\n<\/ul>\n<p><strong>2013 &#8211; 2014<\/strong><\/p>\n<ul>\n<li>Academia de Entrenadores Asgodom, M\u00fanich<\/li>\n<li><strong>Coach Asgodom Certificado<\/strong><\/li>\n<li><strong>Experto en sesiones cortas de coaching orientadas a la soluci\u00f3n LOKC\u00ae y al cambio profesional<\/strong><\/li>\n<\/ul>\n<p><strong>2002 &#8211; 2004<\/strong><\/p>\n<ul>\n<li>Asociaci\u00f3n B\u00e1vara de Educaci\u00f3n de Adultos e.V., M\u00fanich<\/li>\n<li>Certificaci\u00f3n <strong>ICC<\/strong> y <strong>EUROLTA <\/strong>(Certificado Europeo de Ense\u00f1anza de Lenguas a Adultos)<\/li>\n<\/ul>\n<p><strong>2003 &#8211; 2006<\/strong><\/p>\n<ul>\n<li>Instituto de Lenguas e Interpretaci\u00f3n de M\u00fanich  <strong>traductor jurado<br \/>Traductor de derecho y tecnolog\u00eda (D\/E) <\/strong><\/li>\n<\/ul>\n<p><strong>1992 &#8211; 1993<\/strong><\/p>\n<ul>\n<li>Inlingua, Iserlohn<strong> Certificado Empleado de lengua extranjera Espa\u00f1ol <\/strong><\/li>\n<\/ul>\n<p><strong>1991 &#8211; 1992<\/strong><\/p>\n<ul>\n<li>Inlingua, Iserlohn  <strong><strong>Certificado Empleado de lengua extranjera Ingl\u00e9s <\/strong><\/strong><\/li>\n<\/ul>\n<p><strong>1983 &#8211; 1984<\/strong><\/p>\n<ul>\n<li>Instituto para el trabajo racional en la oficina y las lenguas del comercio mundial, Mannheim  <strong>Certificado Secretaria de lenguas extranjeras <\/strong><\/li>\n<\/ul>\n<p>[\/et_pb_text][et_pb_text ul_type=\u00bbcircle\u00bb _builder_version=\u00bb4.24.3&#8243; _module_preset=\u00bbdefault\u00bb text_line_height=\u00bb1.6em\u00bb header_6_font_size=\u00bb16px\u00bb header_6_line_height=\u00bb1.2em\u00bb custom_margin=\u00bb-22px||||false|false\u00bb animation_style=\u00bbslide\u00bb animation_duration=\u00bb1050ms\u00bb animation_delay=\u00bb50ms\u00bb header_6_font_size_tablet=\u00bb16px\u00bb header_6_font_size_phone=\u00bb16px\u00bb header_6_font_size_last_edited=\u00bbon|phone\u00bb global_colors_info=\u00bb{}\u00bb]<\/p>\n<p>Trabajo por cuenta propia desde <strong>hace m\u00e1s de 30 a\u00f1os<\/strong> y he formado a ejecutivos, ingenieros, jefes de divisi\u00f3n y de departamento de varias empresas medianas y grandes de todo el mundo en el \u00e1mbito del <strong>\u00abalem\u00e1n para el trabajo\u00bb<\/strong>. Como <strong>traductora jurada de tecnolog\u00eda y derecho<\/strong>, tengo un gran conocimiento de los contextos t\u00e9cnicos. <\/p>\n<p>[\/et_pb_text][\/et_pb_column][\/et_pb_row][et_pb_row column_structure=\u00bb1_6,1_6,1_6,1_6,1_6,1_6&#8243; use_custom_gutter=\u00bbon\u00bb gutter_width=\u00bb1&#8243; make_equal=\u00bbon\u00bb _builder_version=\u00bb4.27.0&#8243; _module_preset=\u00bbdefault\u00bb global_colors_info=\u00bb{}\u00bb][et_pb_column type=\u00bb1_6&#8243; _builder_version=\u00bb4.27.0&#8243; _module_preset=\u00bbdefault\u00bb animation_style=\u00bbslide\u00bb animation_delay=\u00bb1500ms\u00bb global_colors_info=\u00bb{}\u00bb][et_pb_image src=\u00bbhttps:\/\/trintco.de\/wp-content\/uploads\/2024\/08\/DTZ-Pruefer-Renee-Mueller-Naendrup900.jpg\u00bb title_text=\u00bbExaminadora DTZ Ren\u00e9e M\u00fcller-Naendrup\u00bb align=\u00bbcenter\u00bb _builder_version=\u00bb4.27.0&#8243; _module_preset=\u00bbdefault\u00bb width=\u00bb63%\u00bb animation_style=\u00bbzoom\u00bb border_width_all=\u00bb2px\u00bb border_color_all=\u00bb#888888&#8243; global_colors_info=\u00bb{}\u00bb transform_styles__hover_enabled=\u00bbon|hover\u00bb transform_scale__hover=\u00bb190%|190%\u00bb transform_scale__hover_enabled=\u00bbon|hover\u00bb transform_translate__hover_enabled=\u00bbon|desktop\u00bb transform_rotate__hover_enabled=\u00bbon|desktop\u00bb transform_skew__hover_enabled=\u00bbon|desktop\u00bb transform_origin__hover_enabled=\u00bbon|desktop\u00bb][\/et_pb_image][\/et_pb_column][et_pb_column type=\u00bb1_6&#8243; _builder_version=\u00bb4.27.0&#8243; _module_preset=\u00bbdefault\u00bb global_colors_info=\u00bb{}\u00bb][et_pb_image src=\u00bbhttps:\/\/trintco.de\/wp-content\/uploads\/2024\/08\/Zusatzqualifizierung-fuer-Lehrkraefte-im-Bereich-Deutsch-als-Zweitsprache.jpg\u00bb alt=\u00bbCertificado del curso LIVE online conferenciante Ren\u00e9e M\u00fcller-Naendrup\u00bb title_text=\u00bbCualificaci\u00f3n adicional para profesores de alem\u00e1n como segunda lengua\u00bb align=\u00bbcenter\u00bb _builder_version=\u00bb4.27.0&#8243; _module_preset=\u00bbdefault\u00bb width=\u00bb63%\u00bb animation_style=\u00bbzoom\u00bb border_width_all=\u00bb2px\u00bb border_color_all=\u00bb#888888&#8243; locked=\u00bboff\u00bb global_colors_info=\u00bb{}\u00bb transform_styles__hover_enabled=\u00bbon|hover\u00bb transform_scale__hover=\u00bb190%|190%\u00bb transform_scale__hover_enabled=\u00bbon|hover\u00bb transform_translate__hover_enabled=\u00bbon|desktop\u00bb transform_rotate__hover_enabled=\u00bbon|desktop\u00bb transform_skew__hover_enabled=\u00bbon|desktop\u00bb transform_origin__hover_enabled=\u00bbon|desktop\u00bb][\/et_pb_image][\/et_pb_column][et_pb_column type=\u00bb1_6&#8243; _builder_version=\u00bb4.27.0&#8243; _module_preset=\u00bbdefault\u00bb global_colors_info=\u00bb{}\u00bb][et_pb_image src=\u00bbhttps:\/\/trintco.de\/wp-content\/uploads\/2024\/08\/Lehrgangszertifikat-LIVE-Online-Dozent-Renee-Mueller-Naendrup.jpg\u00bb alt=\u00bbCertificado del curso LIVE online conferenciante Ren\u00e9e M\u00fcller-Naendrup\u00bb title_text=\u00bbCertificado del curso LIVE online conferenciante Ren\u00e9e M\u00fcller-Naendrup\u00bb align=\u00bbcenter\u00bb _builder_version=\u00bb4.27.0&#8243; _module_preset=\u00bbdefault\u00bb width=\u00bb63%\u00bb animation_style=\u00bbzoom\u00bb hover_transition_delay=\u00bb10ms\u00bb border_width_all=\u00bb2px\u00bb border_color_all=\u00bb#dbdbdb\u00bb locked=\u00bboff\u00bb global_colors_info=\u00bb{}\u00bb transform_styles__hover_enabled=\u00bbon|hover\u00bb transform_scale__hover=\u00bb190%|190%\u00bb transform_scale__hover_enabled=\u00bbon|hover\u00bb transform_translate__hover_enabled=\u00bbon|desktop\u00bb transform_rotate__hover_enabled=\u00bbon|desktop\u00bb transform_skew__hover_enabled=\u00bbon|desktop\u00bb transform_origin__hover_enabled=\u00bbon|desktop\u00bb][\/et_pb_image][\/et_pb_column][et_pb_column type=\u00bb1_6&#8243; _builder_version=\u00bb4.27.0&#8243; _module_preset=\u00bbdefault\u00bb global_colors_info=\u00bb{}\u00bb][et_pb_image src=\u00bbhttps:\/\/trintco.de\/wp-content\/uploads\/2024\/08\/Asgodom-Coach-Zertifikat-Renee-Mueller-Naendrup-1.jpg\u00bb alt=\u00bbCertificado de entrenador de Asgodom Ren\u00e9e M\u00fcller-Naendrup\u00bb title_text=\u00bbCertificado de entrenador de Asgodom Ren\u00e9e M\u00fcller-Naendrup\u00bb align=\u00bbcenter\u00bb _builder_version=\u00bb4.27.0&#8243; _module_preset=\u00bbdefault\u00bb width=\u00bb63%\u00bb animation_style=\u00bbzoom\u00bb border_width_all=\u00bb2px\u00bb border_color_all=\u00bb#E09900&#8243; locked=\u00bboff\u00bb global_colors_info=\u00bb{}\u00bb transform_styles__hover_enabled=\u00bbon|hover\u00bb transform_scale__hover_enabled=\u00bbon|hover\u00bb transform_translate__hover_enabled=\u00bbon|desktop\u00bb transform_rotate__hover_enabled=\u00bbon|desktop\u00bb transform_skew__hover_enabled=\u00bbon|desktop\u00bb transform_origin__hover_enabled=\u00bbon|desktop\u00bb transform_scale__hover=\u00bb190%|190%\u00bb][\/et_pb_image][\/et_pb_column][et_pb_column type=\u00bb1_6&#8243; _builder_version=\u00bb4.27.0&#8243; _module_preset=\u00bbdefault\u00bb global_colors_info=\u00bb{}\u00bb][et_pb_image src=\u00bbhttps:\/\/trintco.de\/wp-content\/uploads\/2024\/08\/2004_EUROLTA-Zertifikat_Mueller-Naendrup.jpg\u00bb alt=\u00bbbvv certificado avanzado Ren\u00e9e M\u00fcller-Naedrup\u00bb title_text=\u00bb2004_certificado EUROLTA_Mueller-Naendrup\u00bb align=\u00bbcenter\u00bb _builder_version=\u00bb4.27.0&#8243; _module_preset=\u00bbdefault\u00bb width=\u00bb63%\u00bb animation_style=\u00bbzoom\u00bb border_width_all=\u00bb2px\u00bb border_color_all=\u00bb#888888&#8243; locked=\u00bboff\u00bb global_colors_info=\u00bb{}\u00bb transform_styles__hover_enabled=\u00bbon|hover\u00bb transform_scale__hover_enabled=\u00bbon|hover\u00bb transform_translate__hover_enabled=\u00bbon|desktop\u00bb transform_rotate__hover_enabled=\u00bbon|desktop\u00bb transform_skew__hover_enabled=\u00bbon|desktop\u00bb transform_origin__hover_enabled=\u00bbon|desktop\u00bb transform_scale__hover=\u00bb190%|190%\u00bb][\/et_pb_image][\/et_pb_column][et_pb_column type=\u00bb1_6&#8243; _builder_version=\u00bb4.27.0&#8243; _module_preset=\u00bbdefault\u00bb global_colors_info=\u00bb{}\u00bb][et_pb_image src=\u00bbhttps:\/\/trintco.de\/wp-content\/uploads\/2024\/09\/Erweiterte-Zulassung-BSK-BAMF-010924-ow.jpg\u00bb alt=\u00bbAutorizaci\u00f3n ampliada para BSK BAMF a partir del 1 de septiembre de 2024&#8243; title_text=\u00bbAutorizaci\u00f3n ampliada para BSK BAMF a partir del 1 de septiembre de 2024&#8243; align=\u00bbcenter\u00bb _builder_version=\u00bb4.27.0&#8243; _module_preset=\u00bbdefault\u00bb width=\u00bb63%\u00bb animation_style=\u00bbzoom\u00bb border_width_all=\u00bb2px\u00bb border_color_all=\u00bb#888888&#8243; global_colors_info=\u00bb{}\u00bb transform_styles__hover_enabled=\u00bbon|hover\u00bb transform_scale__hover=\u00bb190%|190%\u00bb transform_scale__hover_enabled=\u00bbon|hover\u00bb transform_translate__hover_enabled=\u00bbon|desktop\u00bb transform_rotate__hover_enabled=\u00bbon|desktop\u00bb transform_skew__hover_enabled=\u00bbon|desktop\u00bb transform_origin__hover_enabled=\u00bbon|desktop\u00bb][\/et_pb_image][\/et_pb_column][\/et_pb_row][\/et_pb_section][et_pb_section fb_built=\u00bb1&#8243; _builder_version=\u00bb4.27.0&#8243; _module_preset=\u00bbdefault\u00bb background_image=\u00bbhttps:\/\/trintco.de\/wp-content\/uploads\/2024\/08\/Foto_Kontakt_Startseite-scaled-1.webp\u00bb parallax=\u00bbon\u00bb parallax_method=\u00bboff\u00bb custom_padding=\u00bb||387px|||\u00bb global_colors_info=\u00bb{}\u00bb][et_pb_row _builder_version=\u00bb4.24.2&#8243; _module_preset=\u00bbdefault\u00bb background_color=\u00bbrgba(255,255,255,0.55)\u00bb width=\u00bb79%\u00bb max_width=\u00bb730px\u00bb custom_margin=\u00bb133px||||false|false\u00bb custom_padding=\u00bb|15px||15px|false|false\u00bb animation_style=\u00bbslide\u00bb animation_duration=\u00bb1050ms\u00bb animation_delay=\u00bb50ms\u00bb border_radii=\u00bbon|10px|10px|10px|10px\u00bb global_colors_info=\u00bb{}\u00bb][et_pb_column type=\u00bb4_4&#8243; _builder_version=\u00bb4.24.2&#8243; _module_preset=\u00bbdefault\u00bb animation_style=\u00bbslide\u00bb animation_duration=\u00bb1050ms\u00bb animation_delay=\u00bb50ms\u00bb global_colors_info=\u00bb{}\u00bb][et_pb_text _builder_version=\u00bb4.24.3&#8243; _module_preset=\u00bbdefault\u00bb header_font_size=\u00bb39px\u00bb custom_padding=\u00bb||4px||false|false\u00bb global_colors_info=\u00bb{}\u00bb]<\/p>\n<h2 style=\"text-align: center;\">Contacta con nosotros<\/h2>\n<p>[\/et_pb_text][et_pb_text _builder_version=\u00bb4.24.2&#8243; _module_preset=\u00bbdefault\u00bb custom_padding=\u00bb||17px||false|false\u00bb global_colors_info=\u00bb{}\u00bb]<\/p>\n<p style=\"text-align: center;\">\u00bfTe interesa trabajar conmigo? Entonces no dudes en ponerte en contacto conmigo a trav\u00e9s de mi formulario de contacto. \u00a1Te responder\u00e9 inmediatamente!  <\/p>\n<p>[\/et_pb_text][et_pb_button button_url=\u00bbhttps:\/\/trintco.de\/es\/kontakt\/\u00bb button_text=\u00bbFORMULARIO DE CONTACTO\u00bb button_alignment=\u00bbcenter\u00bb _builder_version=\u00bb4.24.2&#8243; _module_preset=\u00bbdefault\u00bb custom_button=\u00bbon\u00bb button_text_color=\u00bb#ffffff\u00bb button_bg_color=\u00bb#fe9800&#8243; button_border_width=\u00bb0px\u00bb button_border_radius=\u00bb6px\u00bb button_font=\u00bb||||||||\u00bb custom_margin=\u00bb-6px||14px||false|false\u00bb animation_style=\u00bbslide\u00bb locked=\u00bboff\u00bb global_colors_info=\u00bb{}\u00bb][\/et_pb_button][\/et_pb_column][\/et_pb_row][\/et_pb_section]<\/p>\n","protected":false},"excerpt":{"rendered":"<p>Sobre m\u00edHablo tres idiomas con fluidezCrec\u00ed en y con la cultura de cinco pa\u00edses diferentes (Venezuela, Pakist\u00e1n, Chile, Argentina y EE.UU.), por lo que hablo tres idiomas con fluidez: alem\u00e1n, ingl\u00e9s y espa\u00f1ol. Me llev\u00f3 mucho tiempo encontrar finalmente aquello por lo que late mi coraz\u00f3n. Hoy, hago exactamente eso con amor y pasi\u00f3n. Apoyo [&hellip;]<\/p>\n","protected":false},"author":13,"featured_media":0,"parent":0,"menu_order":0,"comment_status":"closed","ping_status":"closed","template":"","meta":{"_et_pb_use_builder":"on","_et_pb_old_content":"","_et_gb_content_width":"","footnotes":""},"class_list":["post-1406","page","type-page","status-publish","hentry"],"_links":{"self":[{"href":"https:\/\/trintco.de\/es\/wp-json\/wp\/v2\/pages\/1406","targetHints":{"allow":["GET"]}}],"collection":[{"href":"https:\/\/trintco.de\/es\/wp-json\/wp\/v2\/pages"}],"about":[{"href":"https:\/\/trintco.de\/es\/wp-json\/wp\/v2\/types\/page"}],"author":[{"embeddable":true,"href":"https:\/\/trintco.de\/es\/wp-json\/wp\/v2\/users\/13"}],"replies":[{"embeddable":true,"href":"https:\/\/trintco.de\/es\/wp-json\/wp\/v2\/comments?post=1406"}],"version-history":[{"count":10,"href":"https:\/\/trintco.de\/es\/wp-json\/wp\/v2\/pages\/1406\/revisions"}],"predecessor-version":[{"id":1976,"href":"https:\/\/trintco.de\/es\/wp-json\/wp\/v2\/pages\/1406\/revisions\/1976"}],"wp:attachment":[{"href":"https:\/\/trintco.de\/es\/wp-json\/wp\/v2\/media?parent=1406"}],"curies":[{"name":"wp","href":"https:\/\/api.w.org\/{rel}","templated":true}]}}