{"id":1433,"date":"2024-03-28T22:40:04","date_gmt":"2024-03-28T21:40:04","guid":{"rendered":"https:\/\/trintco.de\/referenzen\/"},"modified":"2024-09-01T21:27:02","modified_gmt":"2024-09-01T19:27:02","slug":"referenzen","status":"publish","type":"page","link":"https:\/\/trintco.de\/en\/referenzen\/","title":{"rendered":"References"},"content":{"rendered":"<p>[et_pb_section fb_built=&#8221;1&#8243; _builder_version=&#8221;4.24.2&#8243; _module_preset=&#8221;default&#8221; background_image=&#8221;https:\/\/trintco.de\/wp-content\/uploads\/2024\/04\/cheerful-female-executive-have-conversation-by-mobile-phone-with-client-at-coworking-place-small-1.jpg&#8221; parallax=&#8221;on&#8221; min_height=&#8221;690px&#8221; height=&#8221;514px&#8221; max_height=&#8221;1000px&#8221; global_colors_info=&#8221;{}&#8221;][et_pb_row _builder_version=&#8221;4.24.3&#8243; _module_preset=&#8221;default&#8221; background_color=&#8221;rgba(214,214,214,0.47)&#8221; width=&#8221;30%&#8221; width_tablet=&#8221;86%&#8221; width_phone=&#8221;70%&#8221; width_last_edited=&#8221;on|phone&#8221; custom_margin=&#8221;72px||||false|false&#8221; animation_style=&#8221;slide&#8221; animation_duration=&#8221;1050ms&#8221; border_radii=&#8221;on|10px|10px|10px|10px&#8221; global_colors_info=&#8221;{}&#8221;][et_pb_column type=&#8221;4_4&#8243; _builder_version=&#8221;4.24.2&#8243; _module_preset=&#8221;default&#8221; global_colors_info=&#8221;{}&#8221;][et_pb_text _builder_version=&#8221;4.27.0&#8243; _module_preset=&#8221;default&#8221; text_font_size=&#8221;17px&#8221; header_font=&#8221;||||||||&#8221; header_font_size=&#8221;62px&#8221; custom_padding=&#8221;17px||5px||false|false&#8221; animation_style=&#8221;slide&#8221; animation_duration=&#8221;1200ms&#8221; animation_delay=&#8221;100ms&#8221; header_font_size_phone=&#8221;31px&#8221; global_colors_info=&#8221;{}&#8221;]<\/p>\n<h1 class=\"elementor-heading-title elementor-size-default\" style=\"text-align: center;\"><span style=\"color: #ffffff;\">References<\/span><\/h1>\n<p>[\/et_pb_text][et_pb_text _builder_version=&#8221;4.27.0&#8243; _module_preset=&#8221;default&#8221; text_font_size=&#8221;20px&#8221; header_font=&#8221;||||||||&#8221; header_font_size=&#8221;62px&#8221; header_2_font_size=&#8221;22px&#8221; custom_padding=&#8221;17px||5px||false|false&#8221; animation_style=&#8221;slide&#8221; animation_duration=&#8221;1200ms&#8221; animation_delay=&#8221;100ms&#8221; header_2_font_size_phone=&#8221;22px&#8221; global_colors_info=&#8221;{}&#8221;]<\/p>\n<h2 style=\"text-align: center;\"><span style=\"color: #ffffff;\">The feedback from my customers<br \/><\/span><\/h2>\n<p>[\/et_pb_text][\/et_pb_column][\/et_pb_row][\/et_pb_section][et_pb_section fb_built=&#8221;1&#8243; _builder_version=&#8221;4.24.2&#8243; _module_preset=&#8221;default&#8221; global_colors_info=&#8221;{}&#8221;][et_pb_row _builder_version=&#8221;4.24.2&#8243; _module_preset=&#8221;default&#8221; scroll_scaling_enable=&#8221;on&#8221; scroll_scaling=&#8221;0|40|40|100|75%|105%|115%&#8221; global_colors_info=&#8221;{}&#8221;][et_pb_column type=&#8221;4_4&#8243; _builder_version=&#8221;4.24.2&#8243; _module_preset=&#8221;default&#8221; animation_style=&#8221;slide&#8221; animation_duration=&#8221;1500ms&#8221; animation_delay=&#8221;50ms&#8221; global_colors_info=&#8221;{}&#8221;][et_pb_text _builder_version=&#8221;4.27.0&#8243; _module_preset=&#8221;default&#8221; global_colors_info=&#8221;{}&#8221;]<\/p>\n<p><em>&#8220;My recommendation: Every language course is <strong>individual<\/strong>.<br \/>\nWe would be happy to discuss <strong>your<\/strong> requirements and goals in person.<br \/>\nPlease use my <a href=\"https:\/\/trintco.de\/en\/kontakt\/\">contact form<\/a> to do so.<br \/>\nLet&#8217;s arrange a meeting to get to know each other!&#8221;   <\/em><\/p>\n<p><em>Yours, Ren\u00e9e M\u00fcller-Naendrup<\/em><\/p>\n<p>[\/et_pb_text][\/et_pb_column][\/et_pb_row][\/et_pb_section][et_pb_section fb_built=&#8221;1&#8243; _builder_version=&#8221;4.24.2&#8243; _module_preset=&#8221;default&#8221; background_color=&#8221;rgba(254,152,0,0.16)&#8221; global_colors_info=&#8221;{}&#8221;][et_pb_row _builder_version=&#8221;4.24.2&#8243; _module_preset=&#8221;default&#8221; global_colors_info=&#8221;{}&#8221;][et_pb_column type=&#8221;4_4&#8243; _builder_version=&#8221;4.24.2&#8243; _module_preset=&#8221;default&#8221; global_colors_info=&#8221;{}&#8221;][et_pb_text _builder_version=&#8221;4.27.0&#8243; _module_preset=&#8221;default&#8221; header_font_size=&#8221;35px&#8221; header_2_font_size=&#8221;22px&#8221; text_orientation=&#8221;center&#8221; global_colors_info=&#8221;{}&#8221;]<\/p>\n<h2>What my customers say:<\/h2>\n<p>[\/et_pb_text][\/et_pb_column][\/et_pb_row][et_pb_row column_structure=&#8221;1_5,1_5,1_5,1_5,1_5&#8243; _builder_version=&#8221;4.27.0&#8243; _module_preset=&#8221;default&#8221; max_width=&#8221;2560px&#8221; hover_enabled=&#8221;0&#8243; global_colors_info=&#8221;{}&#8221; use_custom_gutter=&#8221;on&#8221; gutter_width=&#8221;2&#8243; sticky_enabled=&#8221;0&#8243;][et_pb_column type=&#8221;1_5&#8243; _builder_version=&#8221;4.24.2&#8243; _module_preset=&#8221;default&#8221; global_colors_info=&#8221;{}&#8221;][et_pb_testimonial author=&#8221;Shamala Z.&#8221; portrait_url=&#8221;https:\/\/trintco.de\/wp-content\/uploads\/2024\/04\/Foto1.jpeg&#8221; quote_icon_background_color=&#8221;rgba(254,152,0,0.82)&#8221; font_icon=&#8221;&#x33;||divi||400&#8243; _builder_version=&#8221;4.27.0&#8243; _module_preset=&#8221;default&#8221; body_font_size=&#8221;13px&#8221; hover_enabled=&#8221;0&#8243; border_width_all=&#8221;2px&#8221; border_color_all=&#8221;rgba(254,152,0,0.82)&#8221; global_colors_info=&#8221;{}&#8221; custom_padding=&#8221;|5px||5px|false|false&#8221; sticky_enabled=&#8221;0&#8243;]<\/p>\n<p><span>Mrs.  <\/span><span><\/span><span><\/span><span>M\u00fcller-Naendrup started as German language trainer for me.<br \/>\nAfter 80 lessons, I speak B2 business level German.<br \/>\nShe is highly experienced and motivated teacher.<br \/>\nThe lectures were fun and insightful.<br \/>\nEvery single minute was worth it.      <span id=\"line341\"><\/span> <span id=\"line342\"><\/span> <span id=\"line343\"><\/span>The best part is that it is not just Language course but an integration course.<br \/>\nA foreigner in German struggles a lot to integrate in German society.<br \/>\nMrs. M\u00fcller-Naendrup walks you through a lot of aspects of day to day life, that too in German.<br \/>\nI could do a wonderful job because of her guidance.<br \/>\nMy quality of life improved with better understanding of language and culture.      <span id=\"line344\"><\/span> <span id=\"line345\"><\/span>Thank you so much Mrs. M\u00fcller-Naendrup.<br \/>\nYou are simply awesome.<br \/>\nIt has been a great experience to meet a wonderful teacher like you and now a friend!    <span id=\"line346\"><\/span> <span id=\"line347\"><\/span>If you&#8217;re thinking of learning a language, this is absolutely the best way to learn &#8211; I highly recommend Ren\u00e9e M\u00fcller-Naendrup.  <\/span><\/p>\n<p>[\/et_pb_testimonial][\/et_pb_column][et_pb_column type=&#8221;1_5&#8243; _builder_version=&#8221;4.24.2&#8243; _module_preset=&#8221;default&#8221; animation_style=&#8221;slide&#8221; animation_duration=&#8221;1500ms&#8221; animation_delay=&#8221;50ms&#8221; global_colors_info=&#8221;{}&#8221;][et_pb_testimonial author=&#8221;Giulia T.&#8221; portrait_url=&#8221;https:\/\/trintco.de\/wp-content\/uploads\/2024\/04\/Foto2.jpeg&#8221; quote_icon_background_color=&#8221;rgba(254,152,0,0.82)&#8221; font_icon=&#8221;&#x33;||divi||400&#8243; _builder_version=&#8221;4.24.3&#8243; _module_preset=&#8221;default&#8221; border_width_all=&#8221;2px&#8221; border_color_all=&#8221;rgba(254,152,0,0.82)&#8221; global_colors_info=&#8221;{}&#8221; body_font_size=&#8221;13px&#8221; custom_padding=&#8221;|5px||5px|false|false&#8221;]<\/p>\n<p id=\"line1\"><span>I have attended Mrs. M\u00fcller-Naendrup&#8217;s German course for two years.<br \/>\nShe is a passionate and experienced teacher that manages to balance the more complex aspects of the language with a chilled and positive atmosphere.<br \/>\nI have learnt a lot about the language itself, but also about living in Germany and cultural differences.<br \/>\nShe is a proactive trainer, flexible and motivated.     <span id=\"line358\"><\/span>Thank you for your help and for making German a fun learning experience!<\/span><\/p>\n<p>[\/et_pb_testimonial][\/et_pb_column][et_pb_column type=&#8221;1_5&#8243; _builder_version=&#8221;4.24.2&#8243; _module_preset=&#8221;default&#8221; animation_style=&#8221;slide&#8221; animation_duration=&#8221;1500ms&#8221; animation_delay=&#8221;50ms&#8221; global_colors_info=&#8221;{}&#8221;][et_pb_testimonial author=&#8221;Elke B.-G.&#8221; portrait_url=&#8221;https:\/\/trintco.de\/wp-content\/uploads\/2024\/03\/Person02.jpg&#8221; quote_icon_background_color=&#8221;rgba(254,152,0,0.82)&#8221; font_icon=&#8221;&#x33;||divi||400&#8243; _builder_version=&#8221;4.24.2&#8243; _module_preset=&#8221;default&#8221; border_width_all=&#8221;2px&#8221; border_color_all=&#8221;rgba(254,152,0,0.82)&#8221; global_colors_info=&#8221;{}&#8221; body_font_size=&#8221;13px&#8221; custom_padding=&#8221;|5px||5px|false|false&#8221;]<\/p>\n<p>The workshops were really very effective and we extended the presentations because I received so many suggestions for improvement, which will also help me a lot in my positioning in the big company.<br \/>\nThat was really great!<br \/>\nSo, I am completely satisfied.  <\/p>\n<p>[\/et_pb_testimonial][\/et_pb_column][et_pb_column type=&#8221;1_5&#8243; _builder_version=&#8221;4.24.2&#8243; _module_preset=&#8221;default&#8221; animation_style=&#8221;slide&#8221; animation_duration=&#8221;1500ms&#8221; animation_delay=&#8221;50ms&#8221; global_colors_info=&#8221;{}&#8221;][et_pb_testimonial author=&#8221;Tanja Steiert&#8221; job_title=&#8221;TS Translation Service&#8221; portrait_url=&#8221;https:\/\/trintco.de\/wp-content\/uploads\/2024\/03\/TanjaSteiert.webp&#8221; quote_icon_background_color=&#8221;rgba(254,152,0,0.82)&#8221; font_icon=&#8221;&#x33;||divi||400&#8243; _builder_version=&#8221;4.24.2&#8243; _module_preset=&#8221;default&#8221; body_font_size=&#8221;13px&#8221; border_width_all=&#8221;2px&#8221; border_color_all=&#8221;rgba(254,152,0,0.82)&#8221; global_colors_info=&#8221;{}&#8221; custom_padding=&#8221;|5px||5px|false|false&#8221;]<\/p>\n<p id=\"line1\"><span>The short coaching session you conducted with me was simply great and far exceeded my expectations!<br \/>\nAs an absolute expert in my field (translation services), you opened my eyes in a completely different, previously unsuspected direction.<br \/>\nNot only did you give me a lot of ideas to take with me, you also gave me very valuable tips from your practical experience.<br \/>\nSince the coaching session with you, I feel &#8220;rejuvenated&#8221;, filled with lots of new ideas and the courage to put them into practice with a zest for action.<br \/>\nSimply great!      <\/span><\/p>\n<p>[\/et_pb_testimonial][\/et_pb_column][et_pb_column type=&#8221;1_5&#8243; _builder_version=&#8221;4.24.2&#8243; _module_preset=&#8221;default&#8221; animation_style=&#8221;slide&#8221; animation_duration=&#8221;1500ms&#8221; animation_delay=&#8221;50ms&#8221; global_colors_info=&#8221;{}&#8221;][et_pb_testimonial author=&#8221;Dr. Barbara Zippel&#8221; job_title=&#8221;www.playthinking.de&#8221; portrait_url=&#8221;https:\/\/trintco.de\/wp-content\/uploads\/2024\/03\/Dr.-Barbara-Zippel.jpg&#8221; quote_icon_background_color=&#8221;rgba(254,152,0,0.82)&#8221; font_icon=&#8221;&#x33;||divi||400&#8243; _builder_version=&#8221;4.24.2&#8243; _module_preset=&#8221;default&#8221; border_width_all=&#8221;2px&#8221; border_color_all=&#8221;rgba(254,152,0,0.82)&#8221; global_colors_info=&#8221;{}&#8221; body_font_size=&#8221;13px&#8221; custom_padding=&#8221;|5px||5px|false|false&#8221;]<\/p>\n<p id=\"line1\"><span>You probably think that coaching by e-mail is not possible, it can&#8217;t work at all, because you are not sitting opposite each other and therefore can&#8217;t recognize what is needed at the moment to create clarity.<br \/>\nWith Ms. M\u00fcller-Naendrup, this is also possible!<br \/>\nIn a remarkably constructive and precise way, she knows how to call a spade a spade and thus opens up the possibility of bringing to light what is supposedly hidden.<br \/>\nThank you for the quick and helpful ping-pong in the course of today!     <\/span><\/p>\n<p>[\/et_pb_testimonial][\/et_pb_column][\/et_pb_row][\/et_pb_section][et_pb_section fb_built=&#8221;1&#8243; _builder_version=&#8221;4.27.0&#8243; _module_preset=&#8221;default&#8221; background_image=&#8221;https:\/\/trintco.de\/wp-content\/uploads\/2024\/08\/Foto_Kontakt_Startseite-scaled-1.webp&#8221; parallax=&#8221;on&#8221; parallax_method=&#8221;off&#8221; custom_padding=&#8221;||387px|||&#8221; global_colors_info=&#8221;{}&#8221;][et_pb_row _builder_version=&#8221;4.24.2&#8243; _module_preset=&#8221;default&#8221; background_color=&#8221;rgba(255,255,255,0.55)&#8221; width=&#8221;79%&#8221; max_width=&#8221;730px&#8221; custom_margin=&#8221;133px||||false|false&#8221; custom_padding=&#8221;|15px||15px|false|false&#8221; animation_style=&#8221;slide&#8221; animation_duration=&#8221;1050ms&#8221; animation_delay=&#8221;50ms&#8221; border_radii=&#8221;on|10px|10px|10px|10px&#8221; global_colors_info=&#8221;{}&#8221;][et_pb_column type=&#8221;4_4&#8243; _builder_version=&#8221;4.24.2&#8243; _module_preset=&#8221;default&#8221; animation_style=&#8221;slide&#8221; animation_duration=&#8221;1050ms&#8221; animation_delay=&#8221;50ms&#8221; global_colors_info=&#8221;{}&#8221;][et_pb_text _builder_version=&#8221;4.27.0&#8243; _module_preset=&#8221;default&#8221; text_font_size=&#8221;39px&#8221; text_line_height=&#8221;1.1em&#8221; header_font_size=&#8221;39px&#8221; custom_padding=&#8221;||4px||false|false&#8221; global_colors_info=&#8221;{}&#8221;]<\/p>\n<p style=\"text-align: center;\">Contact us<\/p>\n<p>[\/et_pb_text][et_pb_text _builder_version=&#8221;4.24.2&#8243; _module_preset=&#8221;default&#8221; custom_padding=&#8221;||17px||false|false&#8221; global_colors_info=&#8221;{}&#8221;]<\/p>\n<p style=\"text-align: center;\">Interested in working with me?<br \/>\nThen don&#8217;t hesitate to contact me via my contact form.<br \/>\nI will reply immediately!  <\/p>\n<p>[\/et_pb_text][et_pb_button button_text=&#8221;CONTACT FORM&#8221; button_alignment=&#8221;center&#8221; _builder_version=&#8221;4.24.2&#8243; _module_preset=&#8221;default&#8221; custom_button=&#8221;on&#8221; button_text_color=&#8221;#ffffff&#8221; button_bg_color=&#8221;#fe9800&#8243; button_border_width=&#8221;0px&#8221; button_border_radius=&#8221;6px&#8221; button_font=&#8221;||||||||&#8221; custom_margin=&#8221;-6px||14px||false|false&#8221; animation_style=&#8221;slide&#8221; locked=&#8221;off&#8221; global_colors_info=&#8221;{}&#8221;][\/et_pb_button][\/et_pb_column][\/et_pb_row][\/et_pb_section]<\/p>\n","protected":false},"excerpt":{"rendered":"<p>ReferencesThe feedback from my customers&#8221;My recommendation: Every language course is individual. We would be happy to discuss your requirements and goals in person. Please use my contact form to do so. Let&#8217;s arrange a meeting to get to know each other!&#8221; Yours, Ren\u00e9e M\u00fcller-NaendrupWhat my customers say:Mrs. M\u00fcller-Naendrup started as German language trainer for me. [&hellip;]<\/p>\n","protected":false},"author":13,"featured_media":0,"parent":0,"menu_order":0,"comment_status":"closed","ping_status":"closed","template":"","meta":{"_et_pb_use_builder":"on","_et_pb_old_content":"","_et_gb_content_width":"","footnotes":""},"class_list":["post-1433","page","type-page","status-publish","hentry"],"_links":{"self":[{"href":"https:\/\/trintco.de\/en\/wp-json\/wp\/v2\/pages\/1433","targetHints":{"allow":["GET"]}}],"collection":[{"href":"https:\/\/trintco.de\/en\/wp-json\/wp\/v2\/pages"}],"about":[{"href":"https:\/\/trintco.de\/en\/wp-json\/wp\/v2\/types\/page"}],"author":[{"embeddable":true,"href":"https:\/\/trintco.de\/en\/wp-json\/wp\/v2\/users\/13"}],"replies":[{"embeddable":true,"href":"https:\/\/trintco.de\/en\/wp-json\/wp\/v2\/comments?post=1433"}],"version-history":[{"count":8,"href":"https:\/\/trintco.de\/en\/wp-json\/wp\/v2\/pages\/1433\/revisions"}],"predecessor-version":[{"id":1740,"href":"https:\/\/trintco.de\/en\/wp-json\/wp\/v2\/pages\/1433\/revisions\/1740"}],"wp:attachment":[{"href":"https:\/\/trintco.de\/en\/wp-json\/wp\/v2\/media?parent=1433"}],"curies":[{"name":"wp","href":"https:\/\/api.w.org\/{rel}","templated":true}]}}