{"id":1413,"date":"2024-04-13T00:56:28","date_gmt":"2024-04-12T22:56:28","guid":{"rendered":"https:\/\/trintco.de\/agb\/"},"modified":"2024-09-01T21:27:02","modified_gmt":"2024-09-01T19:27:02","slug":"agb","status":"publish","type":"page","link":"https:\/\/trintco.de\/en\/agb\/","title":{"rendered":"GTC"},"content":{"rendered":"<p>[et_pb_section fb_built=&#8221;1&#8243; _builder_version=&#8221;4.24.2&#8243; _module_preset=&#8221;default&#8221; background_color=&#8221;#D6D6D6&#8243; background_size=&#8221;custom&#8221; background_image_width=&#8221;57%&#8221; background_position=&#8221;top_center&#8221; background_vertical_offset=&#8221;7%&#8221; animation_style=&#8221;zoom&#8221; animation_direction=&#8221;top&#8221; animation_duration=&#8221;1450ms&#8221; animation_delay=&#8221;100ms&#8221; animation_intensity_zoom=&#8221;49%&#8221; global_colors_info=&#8221;{}&#8221;][et_pb_row _builder_version=&#8221;4.24.2&#8243; _module_preset=&#8221;default&#8221; global_colors_info=&#8221;{}&#8221;][et_pb_column type=&#8221;4_4&#8243; _builder_version=&#8221;4.24.2&#8243; _module_preset=&#8221;default&#8221; global_colors_info=&#8221;{}&#8221;][et_pb_text _builder_version=&#8221;4.24.2&#8243; _module_preset=&#8221;default&#8221; header_font_size=&#8221;35px&#8221; header_3_font_size=&#8221;25px&#8221; global_colors_info=&#8221;{}&#8221;]<\/p>\n<h1>GTC<\/h1>\n<p>[\/et_pb_text][et_pb_text _builder_version=&#8221;4.27.0&#8243; _module_preset=&#8221;default&#8221; hover_enabled=&#8221;0&#8243; global_colors_info=&#8221;{}&#8221; sticky_enabled=&#8221;0&#8243;]<\/p>\n<p><strong>1. scope of application, general<\/strong><\/p>\n<p>The following General Terms and Conditions apply to participation in all online training courses, seminars (hereinafter &#8220;Online Training &amp; Seminars&#8221;) and Wait &amp; Train\u00ae Online (hereinafter &#8220;Wait &amp; Train\u00ae Online&#8221;) offered by TrintCo\u00ae (hereinafter &#8220;TrintCo\u00ae&#8221;) in accordance with the contract concluded between TrintCo\u00ae and the company, the participants or the coachee (hereinafter &#8220;Client&#8221;).<\/p>\n<p>TrintCo\u00ae does not recognize any terms and conditions of the Customer that deviate from TrintCo\u00ae&#8217;s terms and conditions unless TrintCo\u00ae has agreed to them in writing.<\/p>\n<p><strong>2. conclusion of contract<\/strong><\/p>\n<p>2.1.<br \/>\nDie schriftliche oder telefonische Anmeldung des Auftraggebers stellt ein bindendes Angebot dar.<br \/>\nIm Falle der schriftlichen Anmeldung kann TrintCo\u00ae innerhalb von zwei Wochen nach Absendung des Angebots, im Falle der telefonischen Anmeldung innerhalb von einer Woche nach Telefonat, das Angebot annehmen.<br \/>\nEntscheidend hierf\u00fcr ist das Datum des Poststempels bei einem Angebot per Brief oder das Datum bei einem Angebot per E-Mail.   <\/p>\n<p>2.2.<br \/>\nDanach versendet TrintCo\u00ae die Rechnung an den Auftraggeber.<br \/>\nDer Vertrag kommt mit der Versendung der Rechnung zustande.  <\/p>\n<p>2.3.<br \/>\nAnmeldungen f\u00fcr Online-Trainings &amp; Seminare werden grunds\u00e4tzlich in der Reihenfolge ihres Eingangs ber\u00fccksichtigt, eine Haftung aus diesem Grunde ist allerdings ausgeschlossen.<br \/>\nKann eine Anmeldung nicht ber\u00fccksichtigt werden, so wird dieses umgehend mitgeteilt.  <\/p>\n<p><strong>3. design of the order<\/strong><\/p>\n<p>3.1.<br \/>\nTrintCo\u00ae erbringt die im Vertrag beschriebene Dienstleistung und f\u00fchrt die T\u00e4tigkeit frei von Weisungen aus.<br \/>\nEin Arbeitsverh\u00e4ltnis mit dem Auftraggeber wird dadurch nicht begr\u00fcndet.  <\/p>\n<p>3.2.<br \/>\nDie Inhaberin von TrintCo\u00ae, Ren\u00e9e M\u00fcller-Naendrup, ist berechtigt, die vereinbarten Leistungen selbst oder durch qualifizierte Mitarbeiter zu erbringen, sofern nicht ausdr\u00fccklich etwas anderes vereinbart wurde. <\/p>\n<p><strong>4. terms of payment<\/strong><\/p>\n<p>4.1.<br \/>\nDer Auftraggeber ist verpflichtet, die Gesamtsumme vor Beginn, sofern nichts anderes schriftlich vereinbart wurde, umgehend und vollumf\u00e4nglich zu entrichten. <\/p>\n<p>4.2.1 <strong>Online trainings &amp; seminars<\/strong>: The client shall be in default no later than 30 days after receipt of the invoice.<br \/>\nThis shall apply to a client if this legal consequence has been expressly referred to in the invoice.<br \/>\nFor each reminder after default has occurred, we may demand reimbursement of expenses of \u20ac 5.  <\/p>\n<p>4.2.2 <strong>Wait &amp; Train\u00ae<\/strong> <strong>Online<\/strong>: The client is in default at the latest 14 days after receipt of the invoice.<br \/>\nThis applies to a customer if this legal consequence has been expressly pointed out in the invoice.<br \/>\nFor each reminder after default has occurred, we can demand \u20ac 5,- reimbursement of expenses.  <\/p>\n<p>4.3.<br \/>\nDer auf der Rechnung ausgewiesene Gesamtbetrag ist an die angegebene Bankverbindung zu \u00fcberweisen. <\/p>\n<p>4.4.<br \/>\nDie Rechnungsstellung erfolgt bei Firmen und Unternehmen direkt an die Rechnungsabteilung des Auftraggebers, sofern nichts anderes vereinbart wurde.<br \/>\nDer Rechnungsbetrag ist sofort und ohne Abzug f\u00e4llig.<br \/>\nDie Preise verstehen sich exklusive der gesetzlichen Mehrwertsteuer, sowie ggf. aller Kosten f\u00fcr Anfahrts-, Reise-, Spesen- und Hotelleistungen.   <\/p>\n<p><strong>5 Cancellations<\/strong><\/p>\n<p>5.1.<br \/>\nTrintCo\u00ae bietet dem Auftraggeber die M\u00f6glichkeit, vom Vertrag zur\u00fcckzutreten. <\/p>\n<p>5.1.1 <strong>Online trainings &amp; seminars<\/strong>:<strong> <\/strong>In the event of cancellation<\/p>\n<p>&#8211; up to 30 days before the start of the course, a cancellation fee of EUR 120.00 will be charged.<\/p>\n<p>&#8211; from 29 to 21 days before the start date, the cancellation fee is 30% of the total volume booked.<\/p>\n<p>&#8211; from 20 to 10 days before the start of the event, the cancellation fee is 60% of the total volume booked.<\/p>\n<p>If the cancellation is made less than 10 days before the start of the online training or seminar, the cancellation fee is 100% of the total volume booked.<\/p>\n<p>5.1.2 <strong>Wait and Train\u00ae Online<\/strong>:<strong> <\/strong>In the event of a cancellation<\/p>\n<p>&#8211; up to 15 days before the start of the course, a cancellation fee of EUR 170.00 will be charged.<\/p>\n<p>&#8211; from 14 to 10 days before the start of the event, the cancellation fee is 70% of the total volume booked.<\/p>\n<p>If the cancellation is made less than 10 days before the start of the event, the cancellation fee is 100% of the total volume booked.<\/p>\n<p>5.2.<br \/>\nBereits geleistete Zahlungen werden dabei von TrintCo\u00ae verrechnet. <\/p>\n<p>5.3.<br \/>\nDie Stornierung ist nur schriftlich per Brief oder E-Mail m\u00f6glich. <\/p>\n<p>5.4.<br \/>\nF\u00fcr den Fall, dass zu Beginn des Online-Trainings &amp; Seminars eine Erkrankung vorliegt, die eine Teilnahme verhindert, ist hier\u00fcber sp\u00e4testens 1 Woche nach Mitteilung eine \u00e4rztliche Bescheinigung vorzulegen.<br \/>\nSo wird der\/die Teilnehmer:in im Falle eines offenen Gruppentrainings automatisch f\u00fcr den n\u00e4chsten gleichwertigen Kurs angemeldet und die bereits bezahlte Geb\u00fchr hierf\u00fcr in voller H\u00f6he angerechnet.<br \/>\nIm Falle eines Einzeltrainings, wird der Beginn um die Krankheitstage verschoben.   <\/p>\n<p>5.5.<br \/>\nWird ein einmal begonnenes Online-Training &amp; Seminar aus Krankheits- oder aus sonstigen Gr\u00fcnden abgebrochen, so ist eine R\u00fcckzahlung der noch offenen Unterrichtseinheiten\/-stunden, im Falle eines offenen Gruppentrainings\/Seminars, ausgeschlossen.<br \/>\nIn Einzeltrainings hat der\/die Teilnehmer:in die M\u00f6glichkeit, diese innerhalb von 6 Monaten, nach Bekanntgabe, nachzuholen.<br \/>\nDanach gelten diese als gehalten.<br \/>\nEin Nachholen der Unterrichtseinheiten\/-stunden aus offenen Gruppenkursen und Seminaren ist ausgeschlossen.    <\/p>\n<p>5.6.<br \/>\nSollten in Einzeltrainings oder im Wait &amp; Train\u00ae Online bereits vereinbarte Termine vom Auftraggeber oder dem\/der Teilnehmer:in in weniger als 48 Stunden vor Beginn abgesagt werden, erfolgt die vollst\u00e4ndige Berechnung und die stornieren Unterrichtseinheiten\/-stunden werden als \u201egehalten\u201c verbucht.<br \/>\nBei Stattfinden des Online-Trainings &amp; Seminars oder des Wait &amp; Train\u00ae Online an einem Montag hat die Absage sp\u00e4testens bis zum davorliegenden Freitag 12:00 Uhr zu erfolgen.  <\/p>\n<p><strong>6. right of withdrawal<\/strong><\/p>\n<p>6.1.<br \/>\nWiderrufsbelehrung: Sie haben das Recht, diesen Vertrag binnen vierzehn Tagen ohne Angabe von Gr\u00fcnden zu widerrufen. <\/p>\n<p>The withdrawal period is fourteen days from the date of conclusion of the contract.<br \/>\nTo exercise the right to cancel, you must inform us (TrintCo\u00ae, Berchardweg 8, 80995 M\u00fcnchen, E-Mail: mueller-naendrup@trintco.de) of your decision to cancel this contract by a clear statement either by a letter sent by post or by e-mail. <\/p>\n<p>6.2 Consequences of revocation: In the event of an effective revocation, the services received by both parties must be returned.<\/p>\n<p>This may mean that you must nevertheless fulfill the contractual payment obligations for the period up to the revocation.<br \/>\nIf you are unable to return or surrender the service received and benefits (e.g. benefits of use) in whole or in part or only in a deteriorated condition, you must compensate Trintco\u00ae for the value.<br \/>\nIn the case of the surrender of goods, you only have to pay compensation for the deterioration of the goods and for any use made of them if the use or deterioration is due to handling of the goods that goes beyond the examination of the properties and functionality.<br \/>\nTesting the properties and functionality&#8221; means testing and trying out the respective goods, as is possible and customary in a retail store, for example.   <\/p>\n<p>Items that can be sent by parcel post are to be returned at the expense and risk of the client.<\/p>\n<p>Items that cannot be sent by parcel post will be collected from the client.<br \/>\nAny costs shall be borne by the client (e.g. travel costs, travel expenses, hotel costs and expenses). <\/p>\n<p>Obligations to reimburse payments must be fulfilled within 30 days of sending your declaration of intent.<br \/>\nFor the customer, the period begins with the dispatch of your declaration of revocation and for TrintCo\u00ae with its receipt. <\/p>\n<p>The right of withdrawal expires prematurely when the contract has been completely fulfilled by both parties.<\/p>\n<p><strong>7 Cancellation\/withdrawal from the contract<\/strong><\/p>\n<p>7.1.<br \/>\nBeide Parteien sind berechtigt, aus wichtigem Grund zur\u00fcckzutreten. <\/p>\n<p>7.2.<br \/>\nTrintCo\u00ae hat insbesondere das Recht, die vereinbarten Termine zu verschieben oder vollst\u00e4ndig abzusagen, wenn z. B. nicht gen\u00fcgend Anmeldungen vorliegen oder aus nicht von TrintCo\u00ae zu vertretenden Gr\u00fcnden abgesagt werden muss.<br \/>\nDiese sind beispielsweise Krankheit oder Unfall des\/der Trainers:in oder h\u00f6here Gewalt.  <\/p>\n<p>7.3.<br \/>\nTrintCo\u00ae wird den Auftraggeber \u00fcber den Ausfall unverz\u00fcglich informieren und im Falle eines R\u00fccktritts eine bereits erhaltene Gegenleistung binnen 14 Tagen zur\u00fcckzuerstatten.<br \/>\nVorrangiges Ziel der Parteien ist aber, sich um einen ad\u00e4quaten Nachholtermin zu bem\u00fchen.  <\/p>\n<p>7.4.<br \/>\n\u00c4nderungen der Trainingszeiten aus dringenden Anl\u00e4ssen beh\u00e4lt TrintCo\u00ae sich vor.<br \/>\nEtwaige \u00c4nderungen erfolgen in vorheriger Absprache mit dem Auftraggeber bzw. den Teilnehmern.<br \/>\nWird ein online Training &amp; Seminar trotz zu geringer Teilnehmerzahl durchgef\u00fchrt, beh\u00e4lt sich TrintCo\u00ae vor, die Veranstaltungsdauer angemessen zu k\u00fcrzen.   <\/p>\n<p>7.5.<br \/>\nTrintCo\u00ae wird dem Auftraggeber bei vollst\u00e4ndigem Ausfall die bereits bezahlte Teilnahmegeb\u00fchr unverz\u00fcglich zur\u00fcckerstatten.<br \/>\nBei blo\u00dfer Terminverschiebung erh\u00e4lt der\/die Teilnehmer:in eines offenen Gruppentrainings\/Seminars die bereits bezahlte Teilnahmegeb\u00fchr zur\u00fcck, wenn er\/sie TrintCo\u00ae unverz\u00fcglich nach Mitteilung des Alternativtermins schriftlich mitteilt, dass er\/sie den neuen Termin nicht wahrnehmen kann.<br \/>\nEtwaige Stornokosten Dritter oder sonstige Aufw\u00e4nde, welche dem Auftraggeber oder dem\/der Teilnehmer:in durch einen R\u00fccktritt oder eine Verschiebung des Termins entstehen (z.B. f\u00fcr Hotel, Flug etc.) werden von TrintCo\u00ae nicht ersetzt.   <\/p>\n<p><strong>8. liability<\/strong><\/p>\n<p>8.1.<br \/>\nTrintCo\u00ae haftet f\u00fcr Sch\u00e4den, die durch TrintCo\u00ae vors\u00e4tzlich oder grob fahrl\u00e4ssig verursacht werden.<br \/>\nEine weitergehende Haftung ist ausgeschlossen.<br \/>\nDieser Haftungsausschluss gilt nicht f\u00fcr Personensch\u00e4den.   <\/p>\n<p>8.2.<br \/>\nDie Einschr\u00e4nkungen des Abs.<br \/>\n8.1.<br \/>\ngelten auch zugunsten der gesetzlichen Vertreter und Erf\u00fcllungsgehilfen von TrintCo\u00ae, wenn Anspr\u00fcche direkt gegen diese geltend gemacht werden.<br \/>\nHiervon ausgeschlossen sind Honorarkr\u00e4fte.    <\/p>\n<p>8.3.<br \/>\nTrintCo\u00ae haftet nicht f\u00fcr Sch\u00e4den an Gegenst\u00e4nden, welche der\/die Teilnehmer:innen mitbringen (z.B. Laptop, Handy etc.) und die durch Dritte verursacht werden. <\/p>\n<p><strong>9. copyright, terms of use<\/strong><\/p>\n<p>9.1.<br \/>\nDas Urheberrecht an allen von TrintCo\u00ae im Rahmen der Leistung erstellten Unterlagen, Konzepten, Entw\u00fcrfen und sonstigen Materialien (im folgenden \u201eMaterialien\u201c) verbleibt bei Ren\u00e9e M\u00fcller-Naendrup.<br \/>\nGleiches gilt f\u00fcr in Zusammenarbeit mit anderen Urhebern erstellte Materialien.  <\/p>\n<p>9.2.<br \/>\nWurden dem\/der Teilnehmer:in im Vorfeld Materialien von TrintCo\u00ae zur Verf\u00fcgung gestellt, so hat er\/sie diese zu vernichten oder zur\u00fcckzusenden, wenn er an der gebuchten Veranstaltung nicht teilnimmt. <\/p>\n<p>9.3.<br \/>\nIm \u00dcbrigen d\u00fcrfen Materialien in jeglicher Form, die von TrintCo\u00ae im Rahmen einer Leistung erstellt oder dem\/der Teilnehmer:in von TrintCo\u00ae im Rahmen der Leistungserbringung zur Verf\u00fcgung gestellt werden, \u2013 auch auszugsweise oder in bearbeiteter Form \u2013 nur mit ausdr\u00fccklicher, schriftlicher Zustimmung von TrintCo\u00ae vervielf\u00e4ltigt, ver\u00f6ffentlicht oder \u00f6ffentlich zug\u00e4nglich gemacht werden.<br \/>\nWiderrechtliches Verhalten wird geahndet.  <\/p>\n<p>9.4 An audio and\/or video recording of the Online Training &amp; Seminar or other services of TrintCo\u00ae is only permitted with the written consent of TrintCo\u00ae.<\/p>\n<p>9.5 The Customer or the Participant warrants to TrintCo\u00ae that any materials provided are free of third-party rights that would prevent their use in the Training.<br \/>\nThe Customer or the Participant shall indemnify TrintCo\u00ae against any third-party claims that may arise from any infringement of third-party rights through the use of the training materials provided by the Customer. <\/p>\n<p><strong>10. confidentiality<\/strong><\/p>\n<p>10.1.<br \/>\nDer\/Die Auftraggeber:in bzw. der\/die Teilnehmer:innen verpflichten sich \u00fcber alle Informationen, die im Rahmen der Durchf\u00fchrung der gebuchten Ma\u00dfnahme zur Kenntnis gelangen und die pers\u00f6nliche Erfahrungen, Beweggr\u00fcnde, Umst\u00e4nde oder \u00e4hnliches der anderen Teilnehmer:innen oder des\/der Trainers:in betreffen, gegen\u00fcber Dritten Stillschweigen zu bewahren.<br \/>\nDiese Verschwiegenheitsverpflichtung gilt auch \u00fcber das Ende der Veranstaltung hinaus.  <\/p>\n<p>10.2.<br \/>\nTrintCo\u00ae verpflichtet sich strikte Vertraulichkeit in Bezug auf alle Informationen, die aus der vertraglichen Zusammenarbeit resultieren und die TrintCo\u00ae aus der Verarbeitung dieser Informationen gewonnen hat, auszu\u00fcben. <\/p>\n<p><strong>11. data protection<\/strong><\/p>\n<p>11.1.<br \/>\nTrintCo\u00ae wird die personenbezogenen Daten der Teilnehmer:innen aller durchgef\u00fchrten Online-Trainings &amp; Seminare sowie des Wait &amp; Train\u00ae Online und die wirtschaftlichen Daten des Auftraggebers, die TrintCo\u00ae bekannt werden, vertraulich und nach den geltenden Bestimmungen des Datenschutzes behandeln. <\/p>\n<p>11.2.<br \/>\nTrintCo\u00ae wahrt strikte Vertraulichkeit in Bezug auf alle Informationen, die aus der vertraglichen Zusammenarbeit entstehen und die TrintCo\u00ae aus der Verarbeitung dieser Informationen gewonnen hat.<br \/>\nDer Auftraggeber wahrt in Bezug auf die Einzelheiten dieses Vertrages die Vertraulichkeit.  <\/p>\n<p>11.3.<br \/>\nTrintCo\u00ae wird die personenbezogenen Daten der Teilnehmer:innen oder anderer Personen, die ihm durch das Online-Training &amp; Seminar sowie des Wait &amp; Train Online bekannt werden, vertraulich und nach den geltenden Bestimmungen des Datenschutzes behandeln. <\/p>\n<p>11.4.<br \/>\nBeide Seiten werden personenbezogene Daten, die ihnen im Zusammenhang mit ihrer Zusammenarbeit bekannt werden, nur insoweit speichern bzw. aufbewahren, als es zur Rechnungsstellung, zur Wahrung eigener Rechte oder zur Erf\u00fcllung gesetzlicher Pflichten erforderlich ist. <\/p>\n<p>11.5.<br \/>\nTrintCo\u00ae ist berechtigt, die im Zusammenhang mit der Erbringung der vereinbarten Leistungen gewonnen Daten in anonymisierter Form zu wissenschaftlichen und publizistischen Zwecken zu verwenden. <\/p>\n<p>11.6.<br \/>\nDiese Verpflichtungen gelten auch nach der Beendigung des Auftrages und nach Beendigung der Zusammenarbeit. <\/p>\n<p><strong>12. advertising<\/strong><strong> <\/strong><\/p>\n<p>12.1.<br \/>\nDer\/Die Auftraggeber:in und TrintCo\u00ae sind berechtigt, zu Werbezwecken, insbesondere zur Bewerbung des Online-Trainings &amp; Seminars sowie des Wait &amp; Train\u00ae Online auf ihre Zusammenarbeit im Rahmen des Online-Trainings &amp; Seminars sowie des Wait &amp; Train\u00ae Online hinzuweisen. <\/p>\n<p><strong>13. place of performance &#8211; choice of law &#8211; place of jurisdiction<\/strong><\/p>\n<p>13.1.<br \/>\nSoweit sich aus dem Vertrag nichts anderes ergibt, ist Erf\u00fcllungs- und Zahlungsort der Sitz von TrintCo\u00ae in M\u00fcnchen. <\/p>\n<p>13.2.<br \/>\nF\u00fcr diesen Vertrag gilt das Recht der Bundesrepublik Deutschland. <\/p>\n<p>13.3.<br \/>\nAusschlie\u00dflicher Gerichtsstand ist das f\u00fcr den Sitz von TrintCo\u00ae zust\u00e4ndige Gericht. <\/p>\n<p><strong>14. final clauses<\/strong><\/p>\n<p>14.1.<br \/>\nM\u00fcndliche Nebenabreden wurden nicht getroffen. <\/p>\n<p>14.2.<br \/>\nDiese Allgemeinen Gesch\u00e4ftsbedingungen gelten ausschlie\u00dflich.<br \/>\nAndere AGBs wurden nicht vereinbart.  <\/p>\n<p>14.3.<br \/>\nSollten einer oder mehrere Punkte dieser Gesch\u00e4ftsbedingungen ganz oder teilweise unwirksam sein oder werden, beeintr\u00e4chtigt dies die Wirksamkeit der verbleibenden Punkte und die Wirksamkeit des Vertrages in seiner Gesamtheit nicht.<br \/>\nDie Vertragsparteien werden eine Ersatzregelung vereinbaren, die der urspr\u00fcnglichen m\u00f6glichst nahekommt.  <\/p>\n<p>14.4.<br \/>\nEs gilt ausschlie\u00dflich deutsches Recht. <\/p>\n<p>14.5.<br \/>\nGerichtsstand ist M\u00fcnchen. <\/p>\n<p>[\/et_pb_text][\/et_pb_column][\/et_pb_row][\/et_pb_section][et_pb_section fb_built=&#8221;1&#8243; _builder_version=&#8221;4.27.0&#8243; _module_preset=&#8221;default&#8221; background_image=&#8221;https:\/\/trintco.de\/wp-content\/uploads\/2024\/08\/Foto_Kontakt_Startseite-scaled-1.webp&#8221; parallax=&#8221;on&#8221; parallax_method=&#8221;off&#8221; custom_padding=&#8221;||387px|||&#8221; global_colors_info=&#8221;{}&#8221;][et_pb_row _builder_version=&#8221;4.24.2&#8243; _module_preset=&#8221;default&#8221; background_color=&#8221;rgba(255,255,255,0.55)&#8221; width=&#8221;79%&#8221; max_width=&#8221;730px&#8221; custom_margin=&#8221;133px||||false|false&#8221; custom_padding=&#8221;|15px||15px|false|false&#8221; animation_style=&#8221;slide&#8221; animation_duration=&#8221;1050ms&#8221; animation_delay=&#8221;50ms&#8221; border_radii=&#8221;on|10px|10px|10px|10px&#8221; global_colors_info=&#8221;{}&#8221;][et_pb_column type=&#8221;4_4&#8243; _builder_version=&#8221;4.24.2&#8243; _module_preset=&#8221;default&#8221; animation_style=&#8221;slide&#8221; animation_duration=&#8221;1050ms&#8221; animation_delay=&#8221;50ms&#8221; global_colors_info=&#8221;{}&#8221;][et_pb_text _builder_version=&#8221;4.24.2&#8243; _module_preset=&#8221;default&#8221; header_font_size=&#8221;39px&#8221; custom_padding=&#8221;||4px||false|false&#8221; global_colors_info=&#8221;{}&#8221;]<\/p>\n<h1 style=\"text-align: center;\">Contact us<\/h1>\n<p>[\/et_pb_text][et_pb_text _builder_version=&#8221;4.24.2&#8243; _module_preset=&#8221;default&#8221; custom_padding=&#8221;||17px||false|false&#8221; global_colors_info=&#8221;{}&#8221;]<\/p>\n<p style=\"text-align: center;\">Interested in working with me?<br \/>\nThen don&#8217;t hesitate to contact me via my contact form.<br \/>\nI will reply immediately!  <\/p>\n<p>[\/et_pb_text][et_pb_button button_text=&#8221;CONTACT FORM&#8221; button_alignment=&#8221;center&#8221; _builder_version=&#8221;4.24.2&#8243; _module_preset=&#8221;default&#8221; custom_button=&#8221;on&#8221; button_text_color=&#8221;#ffffff&#8221; button_bg_color=&#8221;#fe9800&#8243; button_border_width=&#8221;0px&#8221; button_border_radius=&#8221;6px&#8221; button_font=&#8221;||||||||&#8221; custom_margin=&#8221;-6px||14px||false|false&#8221; animation_style=&#8221;slide&#8221; locked=&#8221;off&#8221; global_colors_info=&#8221;{}&#8221;][\/et_pb_button][\/et_pb_column][\/et_pb_row][\/et_pb_section]<\/p>\n","protected":false},"excerpt":{"rendered":"<p>GTC1. scope of application, general The following General Terms and Conditions apply to participation in all online training courses, seminars (hereinafter &#8220;Online Training &amp; Seminars&#8221;) and Wait &amp; Train\u00ae Online (hereinafter &#8220;Wait &amp; Train\u00ae Online&#8221;) offered by TrintCo\u00ae (hereinafter &#8220;TrintCo\u00ae&#8221;) in accordance with the contract concluded between TrintCo\u00ae and the company, the participants or the [&hellip;]<\/p>\n","protected":false},"author":13,"featured_media":0,"parent":0,"menu_order":0,"comment_status":"closed","ping_status":"closed","template":"","meta":{"_et_pb_use_builder":"on","_et_pb_old_content":"","_et_gb_content_width":"","footnotes":""},"class_list":["post-1413","page","type-page","status-publish","hentry"],"_links":{"self":[{"href":"https:\/\/trintco.de\/en\/wp-json\/wp\/v2\/pages\/1413","targetHints":{"allow":["GET"]}}],"collection":[{"href":"https:\/\/trintco.de\/en\/wp-json\/wp\/v2\/pages"}],"about":[{"href":"https:\/\/trintco.de\/en\/wp-json\/wp\/v2\/types\/page"}],"author":[{"embeddable":true,"href":"https:\/\/trintco.de\/en\/wp-json\/wp\/v2\/users\/13"}],"replies":[{"embeddable":true,"href":"https:\/\/trintco.de\/en\/wp-json\/wp\/v2\/comments?post=1413"}],"version-history":[{"count":4,"href":"https:\/\/trintco.de\/en\/wp-json\/wp\/v2\/pages\/1413\/revisions"}],"predecessor-version":[{"id":1738,"href":"https:\/\/trintco.de\/en\/wp-json\/wp\/v2\/pages\/1413\/revisions\/1738"}],"wp:attachment":[{"href":"https:\/\/trintco.de\/en\/wp-json\/wp\/v2\/media?parent=1413"}],"curies":[{"name":"wp","href":"https:\/\/api.w.org\/{rel}","templated":true}]}}