{"id":1405,"date":"2024-08-10T16:56:10","date_gmt":"2024-08-10T14:56:10","guid":{"rendered":"https:\/\/trintco.de\/ueber-mich\/"},"modified":"2025-02-26T23:26:49","modified_gmt":"2025-02-26T22:26:49","slug":"ueber-mich","status":"publish","type":"page","link":"https:\/\/trintco.de\/en\/ueber-mich\/","title":{"rendered":"About me"},"content":{"rendered":"<p>[et_pb_section fb_built=&#8221;1&#8243; _builder_version=&#8221;4.24.2&#8243; _module_preset=&#8221;default&#8221; background_image=&#8221;https:\/\/trintco.de\/wp-content\/uploads\/2024\/04\/world-globe-traveler-small-1.jpg&#8221; parallax=&#8221;on&#8221; min_height=&#8221;690px&#8221; height=&#8221;514px&#8221; max_height=&#8221;1000px&#8221; global_colors_info=&#8221;{}&#8221;][et_pb_row _builder_version=&#8221;4.24.3&#8243; _module_preset=&#8221;default&#8221; background_color=&#8221;rgba(214,214,214,0.47)&#8221; width=&#8221;30%&#8221; width_tablet=&#8221;86%&#8221; width_phone=&#8221;70%&#8221; width_last_edited=&#8221;on|phone&#8221; custom_margin=&#8221;72px||||false|false&#8221; animation_style=&#8221;slide&#8221; animation_duration=&#8221;1050ms&#8221; border_radii=&#8221;on|10px|10px|10px|10px&#8221; global_colors_info=&#8221;{}&#8221;][et_pb_column type=&#8221;4_4&#8243; _builder_version=&#8221;4.24.2&#8243; _module_preset=&#8221;default&#8221; global_colors_info=&#8221;{}&#8221;][et_pb_text _builder_version=&#8221;4.27.0&#8243; _module_preset=&#8221;default&#8221; text_font_size=&#8221;17px&#8221; header_font=&#8221;||||||||&#8221; header_font_size=&#8221;62px&#8221; custom_padding=&#8221;17px||5px||false|false&#8221; animation_style=&#8221;slide&#8221; animation_duration=&#8221;1200ms&#8221; animation_delay=&#8221;100ms&#8221; header_font_size_phone=&#8221;31px&#8221; global_colors_info=&#8221;{}&#8221;]<\/p>\n<h1 style=\"text-align: center;\"><span style=\"color: #ffffff;\">About me<br \/><\/span><\/h1>\n<p>[\/et_pb_text][et_pb_text _builder_version=&#8221;4.27.0&#8243; _module_preset=&#8221;default&#8221; text_font_size=&#8221;20px&#8221; header_font=&#8221;||||||||&#8221; header_font_size=&#8221;62px&#8221; header_2_font_size=&#8221;22px&#8221; header_2_line_height=&#8221;1.4em&#8221; custom_padding=&#8221;17px||5px||false|false&#8221; animation_style=&#8221;slide&#8221; animation_duration=&#8221;1200ms&#8221; animation_delay=&#8221;100ms&#8221; header_2_font_size_phone=&#8221;22px&#8221; global_colors_info=&#8221;{}&#8221;]<\/p>\n<h2 style=\"text-align: center;\"><span style=\"color: #ffffff;\">I speak three languages fluently<br \/><\/span><\/h2>\n<p>[\/et_pb_text][\/et_pb_column][\/et_pb_row][\/et_pb_section][et_pb_section fb_built=&#8221;1&#8243; _builder_version=&#8221;4.24.2&#8243; _module_preset=&#8221;default&#8221; global_colors_info=&#8221;{}&#8221;][et_pb_row column_structure=&#8221;1_2,1_2&#8243; _builder_version=&#8221;4.24.2&#8243; _module_preset=&#8221;default&#8221; global_colors_info=&#8221;{}&#8221;][et_pb_column type=&#8221;1_2&#8243; _builder_version=&#8221;4.24.2&#8243; _module_preset=&#8221;default&#8221; animation_style=&#8221;slide&#8221; animation_duration=&#8221;1500ms&#8221; animation_delay=&#8221;50ms&#8221; global_colors_info=&#8221;{}&#8221;][et_pb_image src=&#8221;https:\/\/trintco.de\/wp-content\/uploads\/2024\/03\/Renee1.jpeg&#8221; alt=&#8221;Ren\u00e9e Mueller-Naendrup&#8221; title_text=&#8221;Ren\u00e9e Mueller-Naendrup&#8221; align=&#8221;center&#8221; _builder_version=&#8221;4.24.2&#8243; _module_preset=&#8221;default&#8221; animation_style=&#8221;slide&#8221; animation_duration=&#8221;1050ms&#8221; animation_delay=&#8221;50ms&#8221; global_colors_info=&#8221;{}&#8221;][\/et_pb_image][\/et_pb_column][et_pb_column type=&#8221;1_2&#8243; _builder_version=&#8221;4.24.2&#8243; _module_preset=&#8221;default&#8221; global_colors_info=&#8221;{}&#8221;][et_pb_text _builder_version=&#8221;4.24.3&#8243; _module_preset=&#8221;default&#8221; global_colors_info=&#8221;{}&#8221;]<\/p>\n<p>I grew up in and with the culture of <strong>five different countries<\/strong> (Venezuela, Pakistan, Chile, Argentina and the U.S.A.) and therefore speak <strong>three languages fluently<\/strong>: German, English &amp; Spanish.<\/p>\n<p>It took me a long time to finally find what truly inspires me. Today, I pursue it with<strong> love and passion<\/strong>. I help people learn a foreign language, enabling them to <strong>communicate more effectively<\/strong> in their company.  <\/p>\n<p><strong>Humor<\/strong> is very important to me, and I can laugh at myself very well. That&#8217;s why it&#8217;s a must in my training sessions &#8211; just like <strong>small talk<\/strong>, because for me, training without small talk is like&#8230; a car without wheels. <\/p>\n<p>[\/et_pb_text][\/et_pb_column][\/et_pb_row][\/et_pb_section][et_pb_section fb_built=&#8221;1&#8243; _builder_version=&#8221;4.24.2&#8243; _module_preset=&#8221;default&#8221; background_color=&#8221;rgba(254,152,0,0.16)&#8221; global_colors_info=&#8221;{}&#8221;][et_pb_row column_structure=&#8221;2_3,1_3&#8243; _builder_version=&#8221;4.24.2&#8243; _module_preset=&#8221;default&#8221; animation_style=&#8221;slide&#8221; animation_duration=&#8221;1050ms&#8221; global_colors_info=&#8221;{}&#8221;][et_pb_column type=&#8221;2_3&#8243; _builder_version=&#8221;4.24.2&#8243; _module_preset=&#8221;default&#8221; animation_style=&#8221;slide&#8221; animation_duration=&#8221;1500ms&#8221; animation_delay=&#8221;50ms&#8221; global_colors_info=&#8221;{}&#8221;][et_pb_text _builder_version=&#8221;4.27.0&#8243; _module_preset=&#8221;default&#8221; header_font_size=&#8221;35px&#8221; header_3_line_height=&#8221;1.4em&#8221; animation_style=&#8221;slide&#8221; animation_duration=&#8221;1050ms&#8221; animation_delay=&#8221;50ms&#8221; global_colors_info=&#8221;{}&#8221;]<\/p>\n<h2>My professional career<\/h2>\n<h3>Living with languages<\/h3>\n<p>[\/et_pb_text][et_pb_text _builder_version=&#8221;4.27.0&#8243; _module_preset=&#8221;default&#8221; global_colors_info=&#8221;{}&#8221;]<\/p>\n<p>After working full-time for many years in a chemical company, a logistics company and a renowned law firm and teaching part-time for 10 years at the VHS Erfurt &#8211; later at the VHS Munich &#8211; I decided to radically change my life at the age of 38.<\/p>\n<p>I became self-employed, <strong>focused on language training<\/strong> and started studying. I&#8217;m glad I had the courage to make this change back then and have never regretted it. I still really enjoy my job and I&#8217;m always learning new things.  <\/p>\n<p><strong>2024<\/strong><br \/>BAMF ZQ DaZ &#8220;<em>Additional qualification for teachers of German as a<\/em><em> second language in adult education&#8221;<\/em><\/p>\n<p>g.a.s.t DTZ approval <em>&#8220;German test for immigrants&#8221;<\/em><\/p>\n<p><strong>2021\/22 &#8211; today<\/strong><br \/>Examiner and rater, telc exams <em>German examiner A1-C2, rater A1-B1<\/em><strong><br \/><\/strong><\/p>\n<p><strong>2016 &#8211; 2020:<\/strong><br \/>Relocation Centers, U.S.A. <em>language trainer &amp; intercultural trainer<\/em><\/p>\n<p><strong>2010 &#8211; 2011:<\/strong><em><br \/>Mediadesign Hochschule, Munich freelance lecturer for business English<\/em><\/p>\n<p><strong>2004<\/strong><br \/>Foundation of Trintco\u00ae<\/p>\n<p><strong>2004 &#8211; until today:<\/strong><br \/><em>Freelance language trainer for German &amp; English<\/em> for various language providers throughout Germany<\/p>\n<p><strong>2003 &#8211; 2006:<\/strong><br \/>University of Applied Languages of the SDI, Munich <em>Certified translator for technology and law (D\/E)<\/em><\/p>\n<p>[\/et_pb_text][\/et_pb_column][et_pb_column type=&#8221;1_3&#8243; _builder_version=&#8221;4.24.2&#8243; _module_preset=&#8221;default&#8221; global_colors_info=&#8221;{}&#8221;][et_pb_image src=&#8221;https:\/\/trintco.de\/wp-content\/uploads\/2024\/03\/blase.png&#8221; align=&#8221;center&#8221; show_bottom_space_tablet=&#8221;&#8221; show_bottom_space_phone=&#8221;&#8221; show_bottom_space_last_edited=&#8221;on|desktop&#8221; _builder_version=&#8221;4.24.3&#8243; _module_preset=&#8221;default&#8221; custom_padding=&#8221;20px||||false|false&#8221; custom_padding_tablet=&#8221;0px||||false|false&#8221; custom_padding_phone=&#8221;0px||||false|false&#8221; custom_padding_last_edited=&#8221;on|desktop&#8221; animation_style=&#8221;slide&#8221; animation_duration=&#8221;1050ms&#8221; animation_delay=&#8221;150ms&#8221; scroll_fade_enable=&#8221;on&#8221; scroll_scaling_enable=&#8221;on&#8221; global_colors_info=&#8221;{}&#8221; transform_styles__hover_enabled=&#8221;on|hover&#8221; transform_scale__hover_enabled=&#8221;on|hover&#8221; transform_translate__hover_enabled=&#8221;on|desktop&#8221; transform_rotate__hover_enabled=&#8221;on|desktop&#8221; transform_skew__hover_enabled=&#8221;on|desktop&#8221; transform_origin__hover_enabled=&#8221;on|desktop&#8221; transform_scale__hover=&#8221;110%|110%&#8221;][\/et_pb_image][et_pb_image src=&#8221;https:\/\/trintco.de\/wp-content\/uploads\/2024\/03\/7smethode-1.png&#8221; title_text=&#8221;7method-1&#8243; align=&#8221;center&#8221; _builder_version=&#8221;4.24.3&#8243; _module_preset=&#8221;default&#8221; width=&#8221;81%&#8221; max_width=&#8221;100%&#8221; module_alignment=&#8221;center&#8221; custom_margin=&#8221;|54px||||&#8221; custom_padding=&#8221;40px||5px||false|false&#8221; custom_padding_tablet=&#8221;5px||||false|false&#8221; custom_padding_phone=&#8221;5px||||false|false&#8221; custom_padding_last_edited=&#8221;on|phone&#8221; animation_style=&#8221;slide&#8221; animation_duration=&#8221;1050ms&#8221; animation_delay=&#8221;300ms&#8221; global_colors_info=&#8221;{}&#8221; transform_styles__hover_enabled=&#8221;on|hover&#8221; transform_scale__hover_enabled=&#8221;on|hover&#8221; transform_translate__hover_enabled=&#8221;on|desktop&#8221; transform_rotate__hover_enabled=&#8221;on|desktop&#8221; transform_skew__hover_enabled=&#8221;on|desktop&#8221; transform_origin__hover_enabled=&#8221;on|desktop&#8221; transform_scale__hover=&#8221;110%|110%&#8221;][\/et_pb_image][et_pb_image src=&#8221;https:\/\/trintco.de\/wp-content\/uploads\/2024\/03\/trintcoflyersmall.png&#8221; title_text=&#8221;trintcoflyersmall&#8221; url=&#8221;@ET-DC@eyJkeW5hbWljIjp0cnVlLCJjb250ZW50IjoicG9zdF9saW5rX3VybF9wYWdlIiwic2V0dGluZ3MiOnsicG9zdF9pZCI6IjE5MiJ9fQ==@&#8221; _builder_version=&#8221;4.24.3&#8243; _dynamic_attributes=&#8221;url&#8221; _module_preset=&#8221;default&#8221; custom_padding=&#8221;40px||||false|false&#8221; custom_padding_tablet=&#8221;0px||||false|false&#8221; custom_padding_phone=&#8221;0px||||false|false&#8221; custom_padding_last_edited=&#8221;on|phone&#8221; animation_style=&#8221;slide&#8221; animation_duration=&#8221;1050ms&#8221; animation_delay=&#8221;450ms&#8221; global_colors_info=&#8221;{}&#8221; transform_styles__hover_enabled=&#8221;on|hover&#8221; transform_scale__hover_enabled=&#8221;on|hover&#8221; transform_translate__hover_enabled=&#8221;on|desktop&#8221; transform_rotate__hover_enabled=&#8221;on|desktop&#8221; transform_skew__hover_enabled=&#8221;on|desktop&#8221; transform_origin__hover_enabled=&#8221;on|desktop&#8221; transform_scale__hover=&#8221;131%|131%&#8221;][\/et_pb_image][\/et_pb_column][\/et_pb_row][\/et_pb_section][et_pb_section fb_built=&#8221;1&#8243; _builder_version=&#8221;4.24.2&#8243; _module_preset=&#8221;default&#8221; background_enable_color=&#8221;off&#8221; global_colors_info=&#8221;{}&#8221;][et_pb_row column_structure=&#8221;2_5,3_5&#8243; _builder_version=&#8221;4.24.2&#8243; _module_preset=&#8221;default&#8221; animation_style=&#8221;slide&#8221; animation_duration=&#8221;1050ms&#8221; global_colors_info=&#8221;{}&#8221;][et_pb_column type=&#8221;2_5&#8243; _builder_version=&#8221;4.24.2&#8243; _module_preset=&#8221;default&#8221; global_colors_info=&#8221;{}&#8221;][et_pb_image src=&#8221;https:\/\/trintco.de\/wp-content\/uploads\/2024\/03\/Renee2-Original.jpeg&#8221; title_text=&#8221;7method-1&#8243; align=&#8221;center&#8221; _builder_version=&#8221;4.24.2&#8243; _module_preset=&#8221;default&#8221; transform_translate=&#8221;3px|0px&#8221; transform_rotate=&#8221;0deg|180deg|0deg&#8221; width=&#8221;63%&#8221; max_width=&#8221;100%&#8221; animation_style=&#8221;slide&#8221; animation_duration=&#8221;1050ms&#8221; animation_delay=&#8221;200ms&#8221; global_colors_info=&#8221;{}&#8221;][\/et_pb_image][\/et_pb_column][et_pb_column type=&#8221;3_5&#8243; _builder_version=&#8221;4.24.2&#8243; _module_preset=&#8221;default&#8221; animation_style=&#8221;slide&#8221; animation_duration=&#8221;1500ms&#8221; animation_delay=&#8221;50ms&#8221; global_colors_info=&#8221;{}&#8221;][et_pb_text _builder_version=&#8221;4.27.0&#8243; _module_preset=&#8221;default&#8221; header_font_size=&#8221;35px&#8221; header_3_line_height=&#8221;1.4em&#8221; global_colors_info=&#8221;{}&#8221;]<\/p>\n<h2>My expertise<\/h2>\n<h3>Competence in language training!<\/h3>\n<p>[\/et_pb_text][et_pb_text ul_type=&#8221;circle&#8221; module_class=&#8221;nopadbot&#8221; _builder_version=&#8221;4.27.0&#8243; _module_preset=&#8221;default&#8221; text_line_height=&#8221;1.1em&#8221; ul_font_size=&#8221;16px&#8221; ul_line_height=&#8221;1.6em&#8221; header_6_font_size=&#8221;16px&#8221; header_6_line_height=&#8221;1.2em&#8221; animation_style=&#8221;slide&#8221; animation_duration=&#8221;1050ms&#8221; animation_delay=&#8221;50ms&#8221; header_6_font_size_tablet=&#8221;16px&#8221; header_6_font_size_phone=&#8221;16px&#8221; header_6_font_size_last_edited=&#8221;on|phone&#8221; custom_css_free_form=&#8221;.nopadbot p { padding-bottom: 0; }&#8221; global_colors_info=&#8221;{}&#8221;]<\/p>\n<p><strong>Since 2024<\/strong><\/p>\n<ul>\n<li>BAMF approval DAZ (German as a second language)<\/li>\n<li>g.a.s.t. approval DTZ (German test for immigrants)<\/li>\n<\/ul>\n<p><strong>2020 \/ 2021<\/strong><\/p>\n<ul>\n<li>telc gGmbH<\/li>\n<li><strong>Examiner license German A1-C2<br \/><\/strong><\/li>\n<li><strong>German A1-B2 rater license<\/strong><strong><br \/><\/strong><\/li>\n<li>Assessment and acceptance of internationally recognized language examinations<\/li>\n<\/ul>\n<p><strong>2013 &#8211; 2014<\/strong><\/p>\n<ul>\n<li>Asgodom Coach Academy, Munich<\/li>\n<li><strong>Certified Asgodom Coach<\/strong><\/li>\n<li><strong>Expert for solution-oriented short coaching sessions LOKC\u00ae &amp; for professional change<\/strong><\/li>\n<\/ul>\n<p><strong>2002 &#8211; 2004<\/strong><\/p>\n<ul>\n<li>Bavarian Adult Education Association e.V., Munich<\/li>\n<li><strong>ICC<\/strong> and <strong>EUROLTA certification<\/strong> (European Certificate in Language Teaching to Adults)<\/li>\n<\/ul>\n<p><strong>2003 &#8211; 2006<\/strong><\/p>\n<ul>\n<li>Languages and Interpreting Institute, Munich  <strong>Certified Translator for law and technology (D\/E) <\/strong><\/li>\n<\/ul>\n<p><strong>1992 &#8211; 1993<\/strong><\/p>\n<ul>\n<li>Inlingua, Iserlohn<strong> Certified Foreign language clerk Spanish <\/strong><\/li>\n<\/ul>\n<p><strong>1991 &#8211; 1992<\/strong><\/p>\n<ul>\n<li>Inlingua, Iserlohn  <strong><strong>Certified Foreign language clerk English <\/strong><\/strong><\/li>\n<\/ul>\n<p><strong>1983 &#8211; 1984<\/strong><\/p>\n<ul>\n<li>Institute for rational office work and world trade languages, Mannheim  <strong>Certified Foreign language secretary <\/strong><\/li>\n<\/ul>\n<p>[\/et_pb_text][et_pb_text ul_type=&#8221;circle&#8221; _builder_version=&#8221;4.24.3&#8243; _module_preset=&#8221;default&#8221; text_line_height=&#8221;1.6em&#8221; header_6_font_size=&#8221;16px&#8221; header_6_line_height=&#8221;1.2em&#8221; custom_margin=&#8221;-22px||||false|false&#8221; animation_style=&#8221;slide&#8221; animation_duration=&#8221;1050ms&#8221; animation_delay=&#8221;50ms&#8221; header_6_font_size_tablet=&#8221;16px&#8221; header_6_font_size_phone=&#8221;16px&#8221; header_6_font_size_last_edited=&#8221;on|phone&#8221; global_colors_info=&#8221;{}&#8221;]<\/p>\n<p>I have been self-employed for <strong>over 30 years<\/strong> and have trained executives, engineers, division and department heads of various medium-sized and large companies worldwide in the area of <strong>&#8220;German for the workplace&#8221;<\/strong>. As a <strong>certified translator for technology and law<\/strong>, I have a strong understanding of technical contexts. <\/p>\n<p>[\/et_pb_text][\/et_pb_column][\/et_pb_row][et_pb_row column_structure=&#8221;1_6,1_6,1_6,1_6,1_6,1_6&#8243; use_custom_gutter=&#8221;on&#8221; gutter_width=&#8221;1&#8243; make_equal=&#8221;on&#8221; _builder_version=&#8221;4.27.0&#8243; _module_preset=&#8221;default&#8221; global_colors_info=&#8221;{}&#8221;][et_pb_column type=&#8221;1_6&#8243; _builder_version=&#8221;4.27.0&#8243; _module_preset=&#8221;default&#8221; animation_style=&#8221;slide&#8221; animation_delay=&#8221;1500ms&#8221; global_colors_info=&#8221;{}&#8221;][et_pb_image src=&#8221;https:\/\/trintco.de\/wp-content\/uploads\/2024\/08\/DTZ-Pruefer-Renee-Mueller-Naendrup900.jpg&#8221; title_text=&#8221;DTZ examiner Ren\u00e9e M\u00fcller-Naendrup&#8221; align=&#8221;center&#8221; _builder_version=&#8221;4.27.0&#8243; _module_preset=&#8221;default&#8221; width=&#8221;63%&#8221; animation_style=&#8221;zoom&#8221; border_width_all=&#8221;2px&#8221; border_color_all=&#8221;#888888&#8243; global_colors_info=&#8221;{}&#8221; transform_styles__hover_enabled=&#8221;on|hover&#8221; transform_scale__hover=&#8221;190%|190%&#8221; transform_scale__hover_enabled=&#8221;on|hover&#8221; transform_translate__hover_enabled=&#8221;on|desktop&#8221; transform_rotate__hover_enabled=&#8221;on|desktop&#8221; transform_skew__hover_enabled=&#8221;on|desktop&#8221; transform_origin__hover_enabled=&#8221;on|desktop&#8221;][\/et_pb_image][\/et_pb_column][et_pb_column type=&#8221;1_6&#8243; _builder_version=&#8221;4.27.0&#8243; _module_preset=&#8221;default&#8221; global_colors_info=&#8221;{}&#8221;][et_pb_image src=&#8221;https:\/\/trintco.de\/wp-content\/uploads\/2024\/08\/Zusatzqualifizierung-fuer-Lehrkraefte-im-Bereich-Deutsch-als-Zweitsprache.jpg&#8221; alt=&#8221;Course certificate LIVE online lecturer Ren\u00e9e M\u00fcller-Naendrup&#8221; title_text=&#8221;Additional qualification for teachers of German as a second language&#8221; align=&#8221;center&#8221; _builder_version=&#8221;4.27.0&#8243; _module_preset=&#8221;default&#8221; width=&#8221;63%&#8221; animation_style=&#8221;zoom&#8221; border_width_all=&#8221;2px&#8221; border_color_all=&#8221;#888888&#8243; locked=&#8221;off&#8221; global_colors_info=&#8221;{}&#8221; transform_styles__hover_enabled=&#8221;on|hover&#8221; transform_scale__hover=&#8221;190%|190%&#8221; transform_scale__hover_enabled=&#8221;on|hover&#8221; transform_translate__hover_enabled=&#8221;on|desktop&#8221; transform_rotate__hover_enabled=&#8221;on|desktop&#8221; transform_skew__hover_enabled=&#8221;on|desktop&#8221; transform_origin__hover_enabled=&#8221;on|desktop&#8221;][\/et_pb_image][\/et_pb_column][et_pb_column type=&#8221;1_6&#8243; _builder_version=&#8221;4.27.0&#8243; _module_preset=&#8221;default&#8221; global_colors_info=&#8221;{}&#8221;][et_pb_image src=&#8221;https:\/\/trintco.de\/wp-content\/uploads\/2024\/08\/Lehrgangszertifikat-LIVE-Online-Dozent-Renee-Mueller-Naendrup.jpg&#8221; alt=&#8221;Course certificate LIVE online lecturer Ren\u00e9e M\u00fcller-Naendrup&#8221; title_text=&#8221;Course certificate LIVE online lecturer Ren\u00e9e M\u00fcller-Naendrup&#8221; align=&#8221;center&#8221; _builder_version=&#8221;4.27.0&#8243; _module_preset=&#8221;default&#8221; width=&#8221;63%&#8221; animation_style=&#8221;zoom&#8221; hover_transition_delay=&#8221;10ms&#8221; border_width_all=&#8221;2px&#8221; border_color_all=&#8221;#dbdbdb&#8221; locked=&#8221;off&#8221; global_colors_info=&#8221;{}&#8221; transform_styles__hover_enabled=&#8221;on|hover&#8221; transform_scale__hover=&#8221;190%|190%&#8221; transform_scale__hover_enabled=&#8221;on|hover&#8221; transform_translate__hover_enabled=&#8221;on|desktop&#8221; transform_rotate__hover_enabled=&#8221;on|desktop&#8221; transform_skew__hover_enabled=&#8221;on|desktop&#8221; transform_origin__hover_enabled=&#8221;on|desktop&#8221;][\/et_pb_image][\/et_pb_column][et_pb_column type=&#8221;1_6&#8243; _builder_version=&#8221;4.27.0&#8243; _module_preset=&#8221;default&#8221; global_colors_info=&#8221;{}&#8221;][et_pb_image src=&#8221;https:\/\/trintco.de\/wp-content\/uploads\/2024\/08\/Asgodom-Coach-Zertifikat-Renee-Mueller-Naendrup-1.jpg&#8221; alt=&#8221;Asgodom Coach Certificate Ren\u00e9e M\u00fcller-Naendrup&#8221; title_text=&#8221;Asgodom Coach Certificate Ren\u00e9e M\u00fcller-Naendrup&#8221; align=&#8221;center&#8221; _builder_version=&#8221;4.27.0&#8243; _module_preset=&#8221;default&#8221; width=&#8221;63%&#8221; animation_style=&#8221;zoom&#8221; border_width_all=&#8221;2px&#8221; border_color_all=&#8221;#E09900&#8243; locked=&#8221;off&#8221; global_colors_info=&#8221;{}&#8221; transform_styles__hover_enabled=&#8221;on|hover&#8221; transform_scale__hover_enabled=&#8221;on|hover&#8221; transform_translate__hover_enabled=&#8221;on|desktop&#8221; transform_rotate__hover_enabled=&#8221;on|desktop&#8221; transform_skew__hover_enabled=&#8221;on|desktop&#8221; transform_origin__hover_enabled=&#8221;on|desktop&#8221; transform_scale__hover=&#8221;190%|190%&#8221;][\/et_pb_image][\/et_pb_column][et_pb_column type=&#8221;1_6&#8243; _builder_version=&#8221;4.27.0&#8243; _module_preset=&#8221;default&#8221; global_colors_info=&#8221;{}&#8221;][et_pb_image src=&#8221;https:\/\/trintco.de\/wp-content\/uploads\/2024\/08\/2004_EUROLTA-Zertifikat_Mueller-Naendrup.jpg&#8221; alt=&#8221;bvv advanced certificate Ren\u00e9e M\u00fcller-Naedrup&#8221; title_text=&#8221;2004_EUROLTA Certificate_Mueller-Naendrup&#8221; align=&#8221;center&#8221; _builder_version=&#8221;4.27.0&#8243; _module_preset=&#8221;default&#8221; width=&#8221;63%&#8221; animation_style=&#8221;zoom&#8221; border_width_all=&#8221;2px&#8221; border_color_all=&#8221;#888888&#8243; locked=&#8221;off&#8221; global_colors_info=&#8221;{}&#8221; transform_styles__hover_enabled=&#8221;on|hover&#8221; transform_scale__hover_enabled=&#8221;on|hover&#8221; transform_translate__hover_enabled=&#8221;on|desktop&#8221; transform_rotate__hover_enabled=&#8221;on|desktop&#8221; transform_skew__hover_enabled=&#8221;on|desktop&#8221; transform_origin__hover_enabled=&#8221;on|desktop&#8221; transform_scale__hover=&#8221;190%|190%&#8221;][\/et_pb_image][\/et_pb_column][et_pb_column type=&#8221;1_6&#8243; _builder_version=&#8221;4.27.0&#8243; _module_preset=&#8221;default&#8221; global_colors_info=&#8221;{}&#8221;][et_pb_image src=&#8221;https:\/\/trintco.de\/wp-content\/uploads\/2024\/09\/Erweiterte-Zulassung-BSK-BAMF-010924-ow.jpg&#8221; alt=&#8221;Extended authorization for BSK BAMF as of September 1, 2024&#8243; title_text=&#8221;Extended authorization for BSK BAMF as of September 1, 2024&#8243; align=&#8221;center&#8221; _builder_version=&#8221;4.27.0&#8243; _module_preset=&#8221;default&#8221; width=&#8221;63%&#8221; animation_style=&#8221;zoom&#8221; border_width_all=&#8221;2px&#8221; border_color_all=&#8221;#888888&#8243; global_colors_info=&#8221;{}&#8221; transform_styles__hover_enabled=&#8221;on|hover&#8221; transform_scale__hover=&#8221;190%|190%&#8221; transform_scale__hover_enabled=&#8221;on|hover&#8221; transform_translate__hover_enabled=&#8221;on|desktop&#8221; transform_rotate__hover_enabled=&#8221;on|desktop&#8221; transform_skew__hover_enabled=&#8221;on|desktop&#8221; transform_origin__hover_enabled=&#8221;on|desktop&#8221;][\/et_pb_image][\/et_pb_column][\/et_pb_row][\/et_pb_section][et_pb_section fb_built=&#8221;1&#8243; _builder_version=&#8221;4.27.0&#8243; _module_preset=&#8221;default&#8221; background_image=&#8221;https:\/\/trintco.de\/wp-content\/uploads\/2024\/08\/Foto_Kontakt_Startseite-scaled-1.webp&#8221; parallax=&#8221;on&#8221; parallax_method=&#8221;off&#8221; custom_padding=&#8221;||387px|||&#8221; global_colors_info=&#8221;{}&#8221;][et_pb_row _builder_version=&#8221;4.24.2&#8243; _module_preset=&#8221;default&#8221; background_color=&#8221;rgba(255,255,255,0.55)&#8221; width=&#8221;79%&#8221; max_width=&#8221;730px&#8221; custom_margin=&#8221;133px||||false|false&#8221; custom_padding=&#8221;|15px||15px|false|false&#8221; animation_style=&#8221;slide&#8221; animation_duration=&#8221;1050ms&#8221; animation_delay=&#8221;50ms&#8221; border_radii=&#8221;on|10px|10px|10px|10px&#8221; global_colors_info=&#8221;{}&#8221;][et_pb_column type=&#8221;4_4&#8243; _builder_version=&#8221;4.24.2&#8243; _module_preset=&#8221;default&#8221; animation_style=&#8221;slide&#8221; animation_duration=&#8221;1050ms&#8221; animation_delay=&#8221;50ms&#8221; global_colors_info=&#8221;{}&#8221;][et_pb_text _builder_version=&#8221;4.24.3&#8243; _module_preset=&#8221;default&#8221; header_font_size=&#8221;39px&#8221; custom_padding=&#8221;||4px||false|false&#8221; global_colors_info=&#8221;{}&#8221;]<\/p>\n<h2 style=\"text-align: center;\">Contact us<\/h2>\n<p>[\/et_pb_text][et_pb_text _builder_version=&#8221;4.24.2&#8243; _module_preset=&#8221;default&#8221; custom_padding=&#8221;||17px||false|false&#8221; global_colors_info=&#8221;{}&#8221;]<\/p>\n<p style=\"text-align: center;\">Interested in working with me? Then don&#8217;t hesitate to contact me via my contact form. I will reply immediately!  <\/p>\n<p>[\/et_pb_text][et_pb_button button_url=&#8221;https:\/\/trintco.de\/en\/kontakt\/&#8221; button_text=&#8221;CONTACT FORM&#8221; button_alignment=&#8221;center&#8221; _builder_version=&#8221;4.24.2&#8243; _module_preset=&#8221;default&#8221; custom_button=&#8221;on&#8221; button_text_color=&#8221;#ffffff&#8221; button_bg_color=&#8221;#fe9800&#8243; button_border_width=&#8221;0px&#8221; button_border_radius=&#8221;6px&#8221; button_font=&#8221;||||||||&#8221; custom_margin=&#8221;-6px||14px||false|false&#8221; animation_style=&#8221;slide&#8221; locked=&#8221;off&#8221; global_colors_info=&#8221;{}&#8221;][\/et_pb_button][\/et_pb_column][\/et_pb_row][\/et_pb_section]<\/p>\n","protected":false},"excerpt":{"rendered":"<p>About meI speak three languages fluentlyI grew up in and with the culture of five different countries (Venezuela, Pakistan, Chile, Argentina and the U.S.A.) and therefore speak three languages fluently: German, English &amp; Spanish. It took me a long time to finally find what truly inspires me. Today, I pursue it with love and passion. [&hellip;]<\/p>\n","protected":false},"author":13,"featured_media":0,"parent":0,"menu_order":0,"comment_status":"closed","ping_status":"closed","template":"","meta":{"_et_pb_use_builder":"on","_et_pb_old_content":"","_et_gb_content_width":"","footnotes":""},"class_list":["post-1405","page","type-page","status-publish","hentry"],"_links":{"self":[{"href":"https:\/\/trintco.de\/en\/wp-json\/wp\/v2\/pages\/1405","targetHints":{"allow":["GET"]}}],"collection":[{"href":"https:\/\/trintco.de\/en\/wp-json\/wp\/v2\/pages"}],"about":[{"href":"https:\/\/trintco.de\/en\/wp-json\/wp\/v2\/types\/page"}],"author":[{"embeddable":true,"href":"https:\/\/trintco.de\/en\/wp-json\/wp\/v2\/users\/13"}],"replies":[{"embeddable":true,"href":"https:\/\/trintco.de\/en\/wp-json\/wp\/v2\/comments?post=1405"}],"version-history":[{"count":10,"href":"https:\/\/trintco.de\/en\/wp-json\/wp\/v2\/pages\/1405\/revisions"}],"predecessor-version":[{"id":1975,"href":"https:\/\/trintco.de\/en\/wp-json\/wp\/v2\/pages\/1405\/revisions\/1975"}],"wp:attachment":[{"href":"https:\/\/trintco.de\/en\/wp-json\/wp\/v2\/media?parent=1405"}],"curies":[{"name":"wp","href":"https:\/\/api.w.org\/{rel}","templated":true}]}}